{"id":7636,"date":"2025-11-23T08:05:15","date_gmt":"2025-11-23T12:05:15","guid":{"rendered":"https:\/\/insertapr.com\/?post_type=product&#038;p=7636"},"modified":"2025-12-01T10:17:50","modified_gmt":"2025-12-01T14:17:50","slug":"famine-los-jinetes-del-apocalipsis-3","status":"publish","type":"product","link":"https:\/\/insertapr.com\/?product=famine-los-jinetes-del-apocalipsis-3","title":{"rendered":"FAMINE"},"content":{"rendered":"<div class=\"filaDetalle\">\n<div class=\"cabeceraDetalle\">EDITORIAL:SIREN BOOKS\u00a0<b>\u00a0<\/b><\/div>\n<\/div>\n<div class=\"filaDetalle\">\n<div class=\"cabeceraDetalle\">ISBN:9788412919387<\/div>\n<\/div>\n<div class=\"filaDetalle\">\n<div class=\"cabeceraDetalle\">COLECCI\u00d3N:SIREN FANTASY<\/div>\n<\/div>\n<div class=\"filaDetalle\">\n<div class=\"cabeceraDetalle\">IDIOMA:CASTELLANO<\/div>\n<\/div>\n<div class=\"filaDetalle\">\n<div class=\"cabeceraDetalle\">Fecha de edici\u00f3n:20-01-2025<\/div>\n<\/div>\n<div class=\"filaDetalle\">\n<div class=\"cabeceraDetalle\">\n<p>Materia:<a title=\"Pulse en esta materia y ver\u00e1 todos los art\u00edculos de la misma\">FANTASIA ROMANTICA<\/a><\/p>\n<\/div>\n<\/div>\n","protected":false},"excerpt":{"rendered":"<p><a>THALASSA,\u00a0 LAURA<\/a><\/p>\n<p data-start=\"277\" data-end=\"583\"><strong data-start=\"277\" data-end=\"372\">Ana da Silva siempre pens\u00f3 que morir\u00eda joven, pero nunca esper\u00f3 que fuera a manos de Famine<\/strong>, el mismo ser inmortal que le perdon\u00f3 la vida hace tantos a\u00f1os.<br data-start=\"436\" data-end=\"439\" \/>Aunque si el jinete la recuerda, no parece importarle, porque cuando se encuentran cara a cara por segunda vez, la apu\u00f1ala y la da por muerta.<\/p>\n<p data-start=\"585\" data-end=\"618\">Solo que no muere. No del todo.<\/p>\n<p data-start=\"620\" data-end=\"978\">Si hay algo que se le da bien a <strong data-start=\"652\" data-end=\"662\">Famine<\/strong> es ser cruel. Y eso es lo que se merecen estos deshechos humanos, ya que, por mucho que lo intente, no puede olvidar lo que le hicieron. Pero cuando <strong data-start=\"812\" data-end=\"819\">Ana<\/strong>, un fantasma de su pasado, lo acorrala y le promete vengarse por lo que le hizo, ella \u2014y sus vac\u00edas amenazas\u2014 lo cautivan, as\u00ed que decide llev\u00e1rsela con \u00e9l.<\/p>\n<p data-start=\"980\" data-end=\"1164\">Puede que Ana y Famine se sientan atra\u00eddos el uno por el otro, pero siguen siendo enemigos, y nada cambiar\u00e1 eso. Ni un acto amable, ni dos. Ni siquiera unas cuantas noches de pasi\u00f3n.<\/p>\n<p data-start=\"1166\" data-end=\"1283\">Sin embargo, ya sean enemigos o amantes, deben detenerse.<br data-start=\"1223\" data-end=\"1226\" \/>Si no lo hacen pronto, <strong data-start=\"1249\" data-end=\"1281\">el propio Cielo intervendr\u00e1.<\/strong><\/p>\n","protected":false},"featured_media":7637,"comment_status":"open","ping_status":"closed","template":"","meta":{"_monsterinsights_skip_tracking":false,"_monsterinsights_sitenote_active":false,"_monsterinsights_sitenote_note":"","_monsterinsights_sitenote_category":0,"_uf_show_specific_survey":0,"_uf_disable_surveys":false},"product_cat":[30,25],"product_tag":[],"_links":{"self":[{"href":"https:\/\/insertapr.com\/index.php?rest_route=\/wp\/v2\/product\/7636"}],"collection":[{"href":"https:\/\/insertapr.com\/index.php?rest_route=\/wp\/v2\/product"}],"about":[{"href":"https:\/\/insertapr.com\/index.php?rest_route=\/wp\/v2\/types\/product"}],"replies":[{"embeddable":true,"href":"https:\/\/insertapr.com\/index.php?rest_route=%2Fwp%2Fv2%2Fcomments&post=7636"}],"wp:featuredmedia":[{"embeddable":true,"href":"https:\/\/insertapr.com\/index.php?rest_route=\/wp\/v2\/media\/7637"}],"wp:attachment":[{"href":"https:\/\/insertapr.com\/index.php?rest_route=%2Fwp%2Fv2%2Fmedia&parent=7636"}],"wp:term":[{"taxonomy":"product_cat","embeddable":true,"href":"https:\/\/insertapr.com\/index.php?rest_route=%2Fwp%2Fv2%2Fproduct_cat&post=7636"},{"taxonomy":"product_tag","embeddable":true,"href":"https:\/\/insertapr.com\/index.php?rest_route=%2Fwp%2Fv2%2Fproduct_tag&post=7636"}],"curies":[{"name":"wp","href":"https:\/\/api.w.org\/{rel}","templated":true}]}}