{"id":7634,"date":"2025-11-12T10:51:25","date_gmt":"2025-11-12T14:51:25","guid":{"rendered":"https:\/\/insertapr.com\/?post_type=product&#038;p=7634"},"modified":"2026-01-23T06:58:23","modified_gmt":"2026-01-23T10:58:23","slug":"five-nights-at-freddys-la-novela-grafica-el-cuarto-armario","status":"publish","type":"product","link":"https:\/\/insertapr.com\/?product=five-nights-at-freddys-la-novela-grafica-el-cuarto-armario","title":{"rendered":"FIVE NIGHTS AT FREDDY&#8217;S LA NOVELA GRAFICA EL CUARTO ARMARIO"},"content":{"rendered":"<div class=\"filaDetalle\">\n<div class=\"cabeceraDetalle\">EDITORIAL:ROCA INFANTIL\u00a0<b>\u00a0<\/b><\/div>\n<\/div>\n<div class=\"filaDetalle\">\n<div class=\"cabeceraDetalle\">ISBN:9791387517069<\/div>\n<\/div>\n<div class=\"filaDetalle\">\n<div class=\"cabeceraDetalle\">COLECCI\u00d3N:ROCA INFANTIL Y JUVENIL<\/div>\n<\/div>\n<div class=\"filaDetalle\">\n<div class=\"cabeceraDetalle\">IDIOMA:CASTELLANO<\/div>\n<\/div>\n<div class=\"filaDetalle\">\n<div class=\"cabeceraDetalle\">Fecha de edici\u00f3n:16-10-2025<\/div>\n<\/div>\n<div class=\"filaDetalle\">\n<div class=\"cabeceraDetalle\">Materia:<a title=\"Pulse en esta materia y ver\u00e1 todos los art\u00edculos de la misma\">NOVELAS GRAFICAS<\/a><br \/>\n<a title=\"Pulse en esta materia y ver\u00e1 todos los art\u00edculos de la misma\">RELATOS DE TERROR Y FANTASMAS, OBRAS DE SUSPENSE\u00a0<\/a><\/div>\n<\/div>\n","protected":false},"excerpt":{"rendered":"<p><a>SCOTT CAWTHON<\/a><\/p>\n<p data-start=\"135\" data-end=\"211\"><strong data-start=\"135\" data-end=\"209\">\u00a1No te pierdas la tercera novela gr\u00e1fica de <em data-start=\"181\" data-end=\"206\">Five Nights at Freddy\u2019s<\/em>!<\/strong><\/p>\n<p data-start=\"213\" data-end=\"329\">La adaptaci\u00f3n al c\u00f3mic del tercer volumen de la trilog\u00eda <em data-start=\"270\" data-end=\"282\">bestseller<\/em> del <em data-start=\"287\" data-end=\"303\">New York Times<\/em>, <strong data-start=\"305\" data-end=\"326\">El cuarto armario<\/strong>.<\/p>\n<p data-start=\"331\" data-end=\"641\">\u00bfQu\u00e9 le pas\u00f3 realmente a <strong data-start=\"356\" data-end=\"367\">Charlie<\/strong>?<br data-start=\"368\" data-end=\"371\" \/>Esa es la pregunta que <strong data-start=\"394\" data-end=\"402\">John<\/strong> no consigue sacarse de la cabeza, adem\u00e1s de las pesadillas sobre la supuesta muerte y la misteriosa reaparici\u00f3n de su amiga. John solo quiere olvidar todo lo ocurrido en <em data-start=\"573\" data-end=\"597\">Freddy Fazbear\u2019s Pizza<\/em>, pero no es tan f\u00e1cil enterrar el pasado.<\/p>\n<p data-start=\"643\" data-end=\"1043\">Mientras tanto, en <strong data-start=\"662\" data-end=\"675\">Hurricane<\/strong> acaba de abrir otra pizzer\u00eda con nuevos animatr\u00f3nicos\u2026 y vuelven a producirse secuestros demasiado familiares. John se une, a rega\u00f1adientes, a <strong data-start=\"819\" data-end=\"830\">Jessica<\/strong>, <strong data-start=\"832\" data-end=\"841\">Marla<\/strong> y <strong data-start=\"844\" data-end=\"855\">Carlton<\/strong> para resolver el caso y encontrar a los ni\u00f1os desaparecidos. De paso, desvelar\u00e1n el oscuro misterio de lo que le sucedi\u00f3 a Charlie y el inquietante legado de las creaciones de su padre.<\/p>\n<p data-start=\"1045\" data-end=\"1160\">Llega el <strong data-start=\"1054\" data-end=\"1074\">brutal desenlace<\/strong> de la trilog\u00eda <em data-start=\"1090\" data-end=\"1115\">Five Nights at Freddy\u2019s<\/em>, y su final no te dejar\u00e1 dormir tranquilo.<\/p>\n","protected":false},"featured_media":7635,"comment_status":"open","ping_status":"closed","template":"","meta":{"_monsterinsights_skip_tracking":false,"_monsterinsights_sitenote_active":false,"_monsterinsights_sitenote_note":"","_monsterinsights_sitenote_category":0,"_uf_show_specific_survey":0,"_uf_disable_surveys":false},"product_cat":[46,149,129,30,54],"product_tag":[],"_links":{"self":[{"href":"https:\/\/insertapr.com\/index.php?rest_route=\/wp\/v2\/product\/7634"}],"collection":[{"href":"https:\/\/insertapr.com\/index.php?rest_route=\/wp\/v2\/product"}],"about":[{"href":"https:\/\/insertapr.com\/index.php?rest_route=\/wp\/v2\/types\/product"}],"replies":[{"embeddable":true,"href":"https:\/\/insertapr.com\/index.php?rest_route=%2Fwp%2Fv2%2Fcomments&post=7634"}],"wp:featuredmedia":[{"embeddable":true,"href":"https:\/\/insertapr.com\/index.php?rest_route=\/wp\/v2\/media\/7635"}],"wp:attachment":[{"href":"https:\/\/insertapr.com\/index.php?rest_route=%2Fwp%2Fv2%2Fmedia&parent=7634"}],"wp:term":[{"taxonomy":"product_cat","embeddable":true,"href":"https:\/\/insertapr.com\/index.php?rest_route=%2Fwp%2Fv2%2Fproduct_cat&post=7634"},{"taxonomy":"product_tag","embeddable":true,"href":"https:\/\/insertapr.com\/index.php?rest_route=%2Fwp%2Fv2%2Fproduct_tag&post=7634"}],"curies":[{"name":"wp","href":"https:\/\/api.w.org\/{rel}","templated":true}]}}