{"id":7612,"date":"2025-11-12T10:05:57","date_gmt":"2025-11-12T14:05:57","guid":{"rendered":"https:\/\/insertapr.com\/?post_type=product&#038;p=7612"},"modified":"2026-03-20T10:59:50","modified_gmt":"2026-03-20T14:59:50","slug":"novia-bolsillo","status":"publish","type":"product","link":"https:\/\/insertapr.com\/?product=novia-bolsillo","title":{"rendered":"NOVIA (Bolsillo)"},"content":{"rendered":"<div class=\"filaDetalle\">\n<div class=\"cabeceraDetalle\">EDITORIAL:TUBOLSILLO<\/div>\n<\/div>\n<div class=\"filaDetalle\">\n<div class=\"cabeceraDetalle\">ISBN:9791387739058<\/div>\n<\/div>\n<div class=\"filaDetalle\">\n<div class=\"cabeceraDetalle\">COLECCI\u00d3N:ROMANTASY<\/div>\n<\/div>\n<div class=\"filaDetalle\">\n<div class=\"cabeceraDetalle\">IDIOMA:CASTELLANO<\/div>\n<\/div>\n<div class=\"filaDetalle\">\n<div class=\"cabeceraDetalle\">Fecha de edici\u00f3n:01-06-2025<\/div>\n<\/div>\n<div class=\"filaDetalle\">\n<div class=\"cabeceraDetalle\">Materia:<a title=\"Pulse en esta materia y ver\u00e1 todos los art\u00edculos de la misma\">FANTASIA ROMANTICA (JUVENIL)<\/a><br \/>\n<a title=\"Pulse en esta materia y ver\u00e1 todos los art\u00edculos de la misma\">NARRATIVA ROMANTICA ADULTA Y CONTEMPORANEA<\/a><\/div>\n<\/div>\n","protected":false},"excerpt":{"rendered":"<p><a>HAZELWOOD,\u00a0ALI<\/a><\/p>\n<p data-start=\"156\" data-end=\"402\">Una peligrosa alianza entre una novia vampira y un lic\u00e1ntropo alfa da lugar a un amor tan profundo como para hincarle el diente en este nuevo romance paranormal de la autora superventas del <em data-start=\"346\" data-end=\"362\">New York Times<\/em>, creadora de <em data-start=\"376\" data-end=\"399\">La hip\u00f3tesis del amor<\/em>.<\/p>\n<p data-start=\"404\" data-end=\"764\"><strong data-start=\"404\" data-end=\"419\">Misery Lark<\/strong>, la \u00fanica hija del concejal vamp\u00edrico m\u00e1s poderoso del suroeste, es \u2014una vez m\u00e1s\u2014 una marginada. Sus d\u00edas de anonimato entre los humanos se han acabado: su padre recurre a ella para sellar una alianza de paz hist\u00f3rica entre los vampiros y sus enemigos mortales, los lic\u00e1ntropos. No le queda m\u00e1s remedio que aceptar el intercambio. Otra vez&#8230;<\/p>\n<p data-start=\"766\" data-end=\"1087\">Los lic\u00e1ntropos son despiadados e impredecibles, y su alfa, <strong data-start=\"826\" data-end=\"843\">Lowe Moreland<\/strong>, no es la excepci\u00f3n. Lidera a su manada con total autoridad, pero siempre con justicia y, a diferencia del Consejo Vamp\u00edrico, con compasi\u00f3n. Por el modo en que no pierde de vista a Misery, est\u00e1 claro que no se f\u00eda de ella. Y bien que hace&#8230;<\/p>\n<p data-start=\"1089\" data-end=\"1469\">Porque Misery tiene sus propios motivos para haber accedido a ese matrimonio de conveniencia. Motivos que nada tienen que ver con la pol\u00edtica ni con ninguna alianza, sino con lo \u00fanico que le ha importado en la vida. Est\u00e1 dispuesta a hacer lo que haga falta para recuperar lo que es suyo, incluso si para ello debe vivir a solas en territorio lic\u00e1ntropo&#8230;<br data-start=\"1444\" data-end=\"1447\" \/>a solas con el lobo.<\/p>\n","protected":false},"featured_media":7613,"comment_status":"open","ping_status":"closed","template":"","meta":{"_monsterinsights_skip_tracking":false,"_monsterinsights_sitenote_active":false,"_monsterinsights_sitenote_note":"","_monsterinsights_sitenote_category":0,"_uf_show_specific_survey":0,"_uf_disable_surveys":false},"product_cat":[46,30,25],"product_tag":[],"_links":{"self":[{"href":"https:\/\/insertapr.com\/index.php?rest_route=\/wp\/v2\/product\/7612"}],"collection":[{"href":"https:\/\/insertapr.com\/index.php?rest_route=\/wp\/v2\/product"}],"about":[{"href":"https:\/\/insertapr.com\/index.php?rest_route=\/wp\/v2\/types\/product"}],"replies":[{"embeddable":true,"href":"https:\/\/insertapr.com\/index.php?rest_route=%2Fwp%2Fv2%2Fcomments&post=7612"}],"wp:featuredmedia":[{"embeddable":true,"href":"https:\/\/insertapr.com\/index.php?rest_route=\/wp\/v2\/media\/7613"}],"wp:attachment":[{"href":"https:\/\/insertapr.com\/index.php?rest_route=%2Fwp%2Fv2%2Fmedia&parent=7612"}],"wp:term":[{"taxonomy":"product_cat","embeddable":true,"href":"https:\/\/insertapr.com\/index.php?rest_route=%2Fwp%2Fv2%2Fproduct_cat&post=7612"},{"taxonomy":"product_tag","embeddable":true,"href":"https:\/\/insertapr.com\/index.php?rest_route=%2Fwp%2Fv2%2Fproduct_tag&post=7612"}],"curies":[{"name":"wp","href":"https:\/\/api.w.org\/{rel}","templated":true}]}}