{"id":7591,"date":"2025-11-11T16:15:47","date_gmt":"2025-11-11T20:15:47","guid":{"rendered":"https:\/\/insertapr.com\/?post_type=product&#038;p=7591"},"modified":"2026-05-06T17:23:30","modified_gmt":"2026-05-06T21:23:30","slug":"un-verano-en-el-campamento","status":"publish","type":"product","link":"https:\/\/insertapr.com\/?product=un-verano-en-el-campamento","title":{"rendered":"UN VERANO EN EL CAMPAMENTO"},"content":{"rendered":"<div class=\"filaDetalle\">\n<div class=\"cabeceraDetalle\">EDITORIAL:MARTINEZ ROCA\u00a0<b>\u00a0<\/b><\/div>\n<\/div>\n<div class=\"filaDetalle\">\n<div class=\"cabeceraDetalle\">ISBN:9788427053083<\/div>\n<\/div>\n<div class=\"filaDetalle\">\n<div class=\"cabeceraDetalle\">COLECCI\u00d3N:BESTIESBOOKS<\/div>\n<\/div>\n<div class=\"filaDetalle\">\n<div class=\"cabeceraDetalle\">IDIOMA:CASTELLANO<\/div>\n<\/div>\n<div class=\"filaDetalle\">\n<div class=\"cabeceraDetalle\">Fecha de edici\u00f3n:04-09-2024<\/div>\n<\/div>\n<div class=\"filaDetalle\">\n<div class=\"cabeceraDetalle\">Materia:<a title=\"Pulse en esta materia y ver\u00e1 todos los art\u00edculos de la misma\">CUESTIONES PERSONALES Y SOCIALES: SEXUALIDAD\u00a0<\/a><\/p>\n<\/div>\n<\/div>\n","protected":false},"excerpt":{"rendered":"<p><a>MALISOVA,\u00a0 ELENA<\/a>\/ <a>SILVANOVA,\u00a0 KATERINA<\/a><\/p>\n<p data-start=\"151\" data-end=\"214\"><strong data-start=\"151\" data-end=\"212\">Una historia de amor prohibido que te llegar\u00e1 al coraz\u00f3n.<\/strong><\/p>\n<p data-start=\"216\" data-end=\"306\">El fen\u00f3meno que alcanz\u00f3 <strong data-start=\"240\" data-end=\"304\">500.000 ejemplares vendidos antes de ser censurado en Rusia.<\/strong><\/p>\n<p data-start=\"308\" data-end=\"715\">En el verano de 1986, <strong data-start=\"330\" data-end=\"338\">Yura<\/strong>, un chico ucraniano de diecis\u00e9is a\u00f1os, llega al campamento <em data-start=\"398\" data-end=\"413\">La Golondrina<\/em> creyendo que tiene por delante unas semanas largas y aburridas. A\u00fan no sabe que esas semanas, jugando y nadando en el r\u00edo, lo cambiar\u00e1n para siempre. No sabe que, por primera vez en su vida, est\u00e1 a punto de enamorarse de un chico ruso llamado <strong data-start=\"657\" data-end=\"668\">Volodia<\/strong>, estudiante universitario de dieciocho a\u00f1os.<\/p>\n<p data-start=\"717\" data-end=\"917\">Mientras organizan una obra de teatro, los dos se dar\u00e1n cuenta de que sienten algo mucho m\u00e1s profundo que una simple amistad. Pero esos sentimientos est\u00e1n prohibidos y nadie debe enterarse de ellos.<\/p>\n<p data-start=\"919\" data-end=\"995\">Tras largos a\u00f1os sin verse, Yura se decidir\u00e1 a encontrar a su primer amor.<\/p>\n<p data-start=\"997\" data-end=\"1254\">Con gran sensibilidad, <strong data-start=\"1020\" data-end=\"1038\">Elena Malisova<\/strong> y <strong data-start=\"1041\" data-end=\"1063\">Katerina Silvanova<\/strong>, de nacionalidad rusa y ucraniana respectivamente, han construido una emocionante historia de amor que ha causado un gran revuelo en un pa\u00eds donde los libros LGTBI+ siguen siendo ilegales.<\/p>\n","protected":false},"featured_media":7592,"comment_status":"open","ping_status":"closed","template":"","meta":{"_monsterinsights_skip_tracking":false,"_monsterinsights_sitenote_active":false,"_monsterinsights_sitenote_note":"","_monsterinsights_sitenote_category":0,"_uf_show_specific_survey":0,"_uf_disable_surveys":false},"product_cat":[58,30,25],"product_tag":[],"_links":{"self":[{"href":"https:\/\/insertapr.com\/index.php?rest_route=\/wp\/v2\/product\/7591"}],"collection":[{"href":"https:\/\/insertapr.com\/index.php?rest_route=\/wp\/v2\/product"}],"about":[{"href":"https:\/\/insertapr.com\/index.php?rest_route=\/wp\/v2\/types\/product"}],"replies":[{"embeddable":true,"href":"https:\/\/insertapr.com\/index.php?rest_route=%2Fwp%2Fv2%2Fcomments&post=7591"}],"wp:featuredmedia":[{"embeddable":true,"href":"https:\/\/insertapr.com\/index.php?rest_route=\/wp\/v2\/media\/7592"}],"wp:attachment":[{"href":"https:\/\/insertapr.com\/index.php?rest_route=%2Fwp%2Fv2%2Fmedia&parent=7591"}],"wp:term":[{"taxonomy":"product_cat","embeddable":true,"href":"https:\/\/insertapr.com\/index.php?rest_route=%2Fwp%2Fv2%2Fproduct_cat&post=7591"},{"taxonomy":"product_tag","embeddable":true,"href":"https:\/\/insertapr.com\/index.php?rest_route=%2Fwp%2Fv2%2Fproduct_tag&post=7591"}],"curies":[{"name":"wp","href":"https:\/\/api.w.org\/{rel}","templated":true}]}}