{"id":7527,"date":"2025-11-11T09:11:47","date_gmt":"2025-11-11T13:11:47","guid":{"rendered":"https:\/\/insertapr.com\/?post_type=product&#038;p=7527"},"modified":"2026-03-20T11:00:08","modified_gmt":"2026-03-20T15:00:08","slug":"1984-bolsillo","status":"publish","type":"product","link":"https:\/\/insertapr.com\/?product=1984-bolsillo","title":{"rendered":"1984 (BOLSILLO)"},"content":{"rendered":"<div class=\"filaDetalle\">\n<div class=\"cabeceraDetalle\">EDITORIAL: DEBOLSILLO\u00a0<b>\u00a0<\/b><\/div>\n<\/div>\n<div class=\"filaDetalle\">\n<div class=\"cabeceraDetalle\">ISBN:9788466359573<\/div>\n<\/div>\n<div class=\"filaDetalle\">\n<div class=\"cabeceraDetalle\">COLECCI\u00d3N:DEBOLSILLO ENSAYO ARTE<\/div>\n<\/div>\n<div class=\"filaDetalle\">\n<div class=\"cabeceraDetalle\">IDIOMA:CASTELLANO<\/div>\n<\/div>\n<div class=\"filaDetalle\">\n<div class=\"cabeceraDetalle\">Fecha de edici\u00f3n:16-10-2025<\/div>\n<\/div>\n<div class=\"filaDetalle\">\n<div class=\"cabeceraDetalle\">Materia:<a title=\"Pulse en esta materia y ver\u00e1 todos los art\u00edculos de la misma\">CIENCIA FICCION CLASICA<\/a><br \/>\n<a title=\"Pulse en esta materia y ver\u00e1 todos los art\u00edculos de la misma\">FICCION MODERNA Y CONTEMPORANEA<\/a><\/div>\n<\/div>\n","protected":false},"excerpt":{"rendered":"<p><a>GEORGE ORWELL<\/a><\/p>\n<p data-start=\"195\" data-end=\"526\">\u00abNo creo que la sociedad que he descrito en <em data-start=\"239\" data-end=\"245\">1984<\/em> necesariamente llegue a ser una realidad, pero s\u00ed creo que puede llegar a existir algo parecido\u00bb, escrib\u00eda Orwell despu\u00e9s de publicar su novela. Corr\u00eda el a\u00f1o 1948, y la realidad se ha encargado de convertir esa pieza \u2014entonces de ciencia ficci\u00f3n\u2014 en un manifiesto de la realidad.<\/p>\n<p data-start=\"528\" data-end=\"622\"><strong data-start=\"528\" data-end=\"622\">UNO DE LOS CINCO LIBROS M\u00c1S IMPORTANTES DE LOS \u00daLTIMOS 125 A\u00d1OS SEG\u00daN <em data-start=\"600\" data-end=\"620\">THE NEW YORK TIMES<\/em><\/strong><\/p>\n<p data-start=\"624\" data-end=\"701\">\u00abEst\u00e1 entre mis libros favoritos, lo leo una y otra vez\u00bb.<br data-start=\"681\" data-end=\"684\" \/><em data-start=\"684\" data-end=\"701\">Margaret Atwood<\/em><\/p>\n<p data-start=\"703\" data-end=\"1091\">En el a\u00f1o 1984, Londres es una ciudad l\u00fagubre en la que la Polic\u00eda del Pensamiento controla de forma asfixiante la vida de los ciudadanos. Winston Smith es un pe\u00f3n de este engranaje perverso y su cometido es reescribir la historia para adaptarla a lo que el Partido considera la versi\u00f3n oficial de los hechos. Hasta que decide replantearse la verdad del sistema que los gobierna y somete.<\/p>\n<p data-start=\"1093\" data-end=\"1493\">La presente edici\u00f3n, avalada por <em data-start=\"1126\" data-end=\"1145\">The Orwell Estate<\/em>, sigue fielmente el texto definitivo de las obras completas del autor, fijado por el profesor Peter Davison. Incluye un ep\u00edlogo del novelista Thomas Pynchon, que aporta al an\u00e1lisis del libro su personal visi\u00f3n de los totalitarismos y la paranoia en el mundo moderno. Miguel Temprano Garc\u00eda firma la soberbia traducci\u00f3n, la m\u00e1s reciente de la obra.<\/p>\n<p data-start=\"1495\" data-end=\"1521\"><strong data-start=\"1495\" data-end=\"1521\">La cr\u00edtica ha dicho&#8230;<\/strong><\/p>\n<p data-start=\"1523\" data-end=\"1768\">\u00abAqu\u00ed ya no estamos solo ante lo que habitualmente reconocemos como \u201cliteratura\u201d e identificamos con la buena escritura. Aqu\u00ed estamos, repito, ante energ\u00eda visionaria. Y no todas las visiones se refieren al futuro o al m\u00e1s all\u00e1.\u00bb<br data-start=\"1752\" data-end=\"1755\" \/><em data-start=\"1755\" data-end=\"1768\">Umberto Eco<\/em><\/p>\n<p data-start=\"1770\" data-end=\"1933\">\u00abNo es dif\u00edcil pensar que Orwell, en <em data-start=\"1807\" data-end=\"1813\">1984<\/em>, estuviera imaginando un futuro para la generaci\u00f3n de su hijo, un mundo del que deseaba prevenirle.\u00bb<br data-start=\"1914\" data-end=\"1917\" \/><em data-start=\"1917\" data-end=\"1933\">Thomas Pynchon<\/em><\/p>\n<p data-start=\"1935\" data-end=\"2191\">\u00abLa libertad es una obligaci\u00f3n tan dolorosa que siempre habr\u00e1 quien prefiera rendirse. La virtud de libros como <em data-start=\"2047\" data-end=\"2053\">1984<\/em> es su capacidad para recordarnos que la libertad de los seres humanos responsables no es igual a la de los animales.\u00bb<br data-start=\"2171\" data-end=\"2174\" \/><em data-start=\"2174\" data-end=\"2191\">Anthony Burgess<\/em><\/p>\n<p data-start=\"2193\" data-end=\"2308\">\u00abDesde <em data-start=\"2200\" data-end=\"2212\">El proceso<\/em> de Kafka, ninguna obra fant\u00e1stica ha alcanzado el horror l\u00f3gico de <em data-start=\"2280\" data-end=\"2286\">1984<\/em>.\u00bb<br data-start=\"2288\" data-end=\"2291\" \/><em data-start=\"2291\" data-end=\"2308\">Arthur Koestler<\/em><\/p>\n<p data-start=\"2310\" data-end=\"2377\">\u00abUn libro magn\u00edfico y profundamente interesante.\u00bb<br data-start=\"2359\" data-end=\"2362\" \/><em data-start=\"2362\" data-end=\"2377\">Aldous Huxley<\/em><\/p>\n<p data-start=\"2379\" data-end=\"2582\">\u00abOrwell desarroll\u00f3 la prosa inglesa m\u00e1s clara y atractiva del siglo XX. Pero es obvio que era mucho m\u00e1s que un gran escritor. Hoy resulta necesario debido a su pasi\u00f3n por la verdad.\u00bb<br data-start=\"2561\" data-end=\"2564\" \/><em data-start=\"2564\" data-end=\"2582\">The Sunday Times<\/em><\/p>\n<p data-start=\"2584\" data-end=\"2746\">\u00abCasi antes que nadie comprendi\u00f3 que la corrupci\u00f3n de las palabras es un s\u00edntoma y, a la vez, la causa de la corrupci\u00f3n del pensamiento.\u00bb<br data-start=\"2721\" data-end=\"2724\" \/><em data-start=\"2724\" data-end=\"2746\">Antonio Mu\u00f1oz Molina<\/em><\/p>\n<p data-start=\"2748\" data-end=\"2872\">\u00abUn intelectual radicalmente independiente, cuya obra es de una claridad moral insobornable.\u00bb<br data-start=\"2841\" data-end=\"2844\" \/><em data-start=\"2844\" data-end=\"2872\">Guillermo Altares, El Pa\u00eds<\/em><\/p>\n<p data-start=\"2874\" data-end=\"3024\">\u00abProbablemente el m\u00e1s influyente escritor occidental del siglo XX. [&#8230;] El verdadero Orwell, quienquiera que sea, sigue tomando forma.\u00bb<br data-start=\"3010\" data-end=\"3013\" \/><em data-start=\"3013\" data-end=\"3024\">The Times<\/em><\/p>\n<p data-start=\"3026\" data-end=\"3081\">\u00abOrwell fue la fuerza moral de su \u00e9poca.\u00bb<br data-start=\"3067\" data-end=\"3070\" \/><em data-start=\"3070\" data-end=\"3081\">Spectator<\/em><\/p>\n","protected":false},"featured_media":7528,"comment_status":"open","ping_status":"closed","template":"","meta":{"_monsterinsights_skip_tracking":false,"_monsterinsights_sitenote_active":false,"_monsterinsights_sitenote_note":"","_monsterinsights_sitenote_category":0,"_uf_show_specific_survey":0,"_uf_disable_surveys":false},"product_cat":[147,146,58,30],"product_tag":[],"_links":{"self":[{"href":"https:\/\/insertapr.com\/index.php?rest_route=\/wp\/v2\/product\/7527"}],"collection":[{"href":"https:\/\/insertapr.com\/index.php?rest_route=\/wp\/v2\/product"}],"about":[{"href":"https:\/\/insertapr.com\/index.php?rest_route=\/wp\/v2\/types\/product"}],"replies":[{"embeddable":true,"href":"https:\/\/insertapr.com\/index.php?rest_route=%2Fwp%2Fv2%2Fcomments&post=7527"}],"wp:featuredmedia":[{"embeddable":true,"href":"https:\/\/insertapr.com\/index.php?rest_route=\/wp\/v2\/media\/7528"}],"wp:attachment":[{"href":"https:\/\/insertapr.com\/index.php?rest_route=%2Fwp%2Fv2%2Fmedia&parent=7527"}],"wp:term":[{"taxonomy":"product_cat","embeddable":true,"href":"https:\/\/insertapr.com\/index.php?rest_route=%2Fwp%2Fv2%2Fproduct_cat&post=7527"},{"taxonomy":"product_tag","embeddable":true,"href":"https:\/\/insertapr.com\/index.php?rest_route=%2Fwp%2Fv2%2Fproduct_tag&post=7527"}],"curies":[{"name":"wp","href":"https:\/\/api.w.org\/{rel}","templated":true}]}}