{"id":7360,"date":"2025-09-09T18:20:16","date_gmt":"2025-09-09T22:20:16","guid":{"rendered":"https:\/\/insertapr.com\/?post_type=product&#038;p=7360"},"modified":"2026-01-23T06:58:12","modified_gmt":"2026-01-23T10:58:12","slug":"fantasmas","status":"publish","type":"product","link":"https:\/\/insertapr.com\/?product=fantasmas","title":{"rendered":"FANTASMAS"},"content":{"rendered":"<div class=\"filaDetalle\">\n<div class=\"cabeceraDetalle\">EDITORIAL:MAEVA\u00a0<b>\u00a0<\/b><\/div>\n<\/div>\n<div class=\"filaDetalle\">\n<div class=\"cabeceraDetalle\">ISBN:9788417708504<\/div>\n<\/div>\n<div class=\"filaDetalle\">\n<div class=\"cabeceraDetalle\">COLECCI\u00d3N:OTROS LIBROS<\/div>\n<\/div>\n<div class=\"filaDetalle\">\n<div class=\"cabeceraDetalle\">IDIOMA:CASTELLANO<\/div>\n<\/div>\n<div class=\"filaDetalle\">\n<div class=\"cabeceraDetalle\">Fecha de edici\u00f3n:01-01-1980<\/div>\n<\/div>\n<div class=\"filaDetalle\">\n<div class=\"cabeceraDetalle\">Materia:<a title=\"Pulse en esta materia y ver\u00e1 todos los art\u00edculos de la misma\">COMICS Y NOVELAS GRAFICAS<\/a><\/div>\n<\/div>\n","protected":false},"excerpt":{"rendered":"<p><a>TELGEMEIER RAIN<\/a><\/p>\n<p data-start=\"163\" data-end=\"566\">Catrina y su familia se han mudado a Bah\u00eda de la Luna porque su hermana peque\u00f1a, Maya, est\u00e1 enferma y esperan que el cambio de clima la beneficie. Aunque sabe que es necesario, no es un traslado que haga feliz a Catrina\u2026 hasta que las hermanas exploran su nueva ciudad y descubren un lugar lleno de aventuras, pues Carlos, su nuevo amigo, les revela un gran secreto: en Bah\u00eda de la Luna hay fantasmas.<\/p>\n<p data-start=\"568\" data-end=\"774\">En esta maravillosa novela gr\u00e1fica, Raina Telgemeier subraya la importancia de nuestros antepasados como pilar en el que se sustenta nuestra cultura, sin olvidar el humor y la complicidad de dos hermanas.<\/p>\n","protected":false},"featured_media":7363,"comment_status":"open","ping_status":"closed","template":"","meta":{"_monsterinsights_skip_tracking":false,"_monsterinsights_sitenote_active":false,"_monsterinsights_sitenote_note":"","_monsterinsights_sitenote_category":0,"_uf_show_specific_survey":0,"_uf_disable_surveys":false},"product_cat":[149,129,30,126],"product_tag":[],"_links":{"self":[{"href":"https:\/\/insertapr.com\/index.php?rest_route=\/wp\/v2\/product\/7360"}],"collection":[{"href":"https:\/\/insertapr.com\/index.php?rest_route=\/wp\/v2\/product"}],"about":[{"href":"https:\/\/insertapr.com\/index.php?rest_route=\/wp\/v2\/types\/product"}],"replies":[{"embeddable":true,"href":"https:\/\/insertapr.com\/index.php?rest_route=%2Fwp%2Fv2%2Fcomments&post=7360"}],"wp:featuredmedia":[{"embeddable":true,"href":"https:\/\/insertapr.com\/index.php?rest_route=\/wp\/v2\/media\/7363"}],"wp:attachment":[{"href":"https:\/\/insertapr.com\/index.php?rest_route=%2Fwp%2Fv2%2Fmedia&parent=7360"}],"wp:term":[{"taxonomy":"product_cat","embeddable":true,"href":"https:\/\/insertapr.com\/index.php?rest_route=%2Fwp%2Fv2%2Fproduct_cat&post=7360"},{"taxonomy":"product_tag","embeddable":true,"href":"https:\/\/insertapr.com\/index.php?rest_route=%2Fwp%2Fv2%2Fproduct_tag&post=7360"}],"curies":[{"name":"wp","href":"https:\/\/api.w.org\/{rel}","templated":true}]}}