{"id":7334,"date":"2025-09-09T16:03:44","date_gmt":"2025-09-09T20:03:44","guid":{"rendered":"https:\/\/insertapr.com\/?post_type=product&#038;p=7334"},"modified":"2026-03-20T11:00:32","modified_gmt":"2026-03-20T15:00:32","slug":"hermanas","status":"publish","type":"product","link":"https:\/\/insertapr.com\/?product=hermanas","title":{"rendered":"HERMANAS"},"content":{"rendered":"<div class=\"filaDetalle\">\n<div class=\"cabeceraDetalle\">EDITORIAL:MAEVA\u00a0<b>\u00a0<\/b><\/div>\n<\/div>\n<div class=\"filaDetalle\">\n<div class=\"cabeceraDetalle\">ISBN:9788416363964<\/div>\n<\/div>\n<div class=\"filaDetalle\">\n<div class=\"cabeceraDetalle\">COLECCI\u00d3N:MAEVA YOUNG<\/div>\n<\/div>\n<div class=\"filaDetalle\">\n<div class=\"cabeceraDetalle\">IDIOMA:CASTELLANO<\/div>\n<\/div>\n<div class=\"filaDetalle\">\n<div class=\"cabeceraDetalle\">Fecha de edici\u00f3n:21-12-2016<\/div>\n<\/div>\n<div class=\"filaDetalle\">\n<div class=\"cabeceraDetalle\">Materia:<a title=\"Pulse en esta materia y ver\u00e1 todos los art\u00edculos de la misma\">COMICS Y NOVELAS GRAFICAS<\/a><\/p>\n<\/div>\n<\/div>\n","protected":false},"excerpt":{"rendered":"<p><a>TELGEMEIER,\u00a0RAINA<\/a><\/p>\n<p data-start=\"154\" data-end=\"386\">Raina siempre hab\u00eda querido tener una hermana, pero cuando naci\u00f3 Amara las cosas no salieron como esperaba. A trav\u00e9s de <em data-start=\"274\" data-end=\"286\">flashbacks<\/em>, Raina relata los diversos encontronazos con su hermana peque\u00f1a, protestona, quejica y solitaria.<\/p>\n<p data-start=\"388\" data-end=\"545\">Pero un largo viaje en coche desde San Francisco hasta Colorado puede brindarle a Raina la oportunidad de acercarse a ella. Al fin y al cabo, son hermanas.<\/p>\n","protected":false},"featured_media":7335,"comment_status":"open","ping_status":"closed","template":"","meta":{"_monsterinsights_skip_tracking":false,"_monsterinsights_sitenote_active":false,"_monsterinsights_sitenote_note":"","_monsterinsights_sitenote_category":0,"_uf_show_specific_survey":0,"_uf_disable_surveys":false},"product_cat":[58,149,129,30,126],"product_tag":[],"_links":{"self":[{"href":"https:\/\/insertapr.com\/index.php?rest_route=\/wp\/v2\/product\/7334"}],"collection":[{"href":"https:\/\/insertapr.com\/index.php?rest_route=\/wp\/v2\/product"}],"about":[{"href":"https:\/\/insertapr.com\/index.php?rest_route=\/wp\/v2\/types\/product"}],"replies":[{"embeddable":true,"href":"https:\/\/insertapr.com\/index.php?rest_route=%2Fwp%2Fv2%2Fcomments&post=7334"}],"wp:featuredmedia":[{"embeddable":true,"href":"https:\/\/insertapr.com\/index.php?rest_route=\/wp\/v2\/media\/7335"}],"wp:attachment":[{"href":"https:\/\/insertapr.com\/index.php?rest_route=%2Fwp%2Fv2%2Fmedia&parent=7334"}],"wp:term":[{"taxonomy":"product_cat","embeddable":true,"href":"https:\/\/insertapr.com\/index.php?rest_route=%2Fwp%2Fv2%2Fproduct_cat&post=7334"},{"taxonomy":"product_tag","embeddable":true,"href":"https:\/\/insertapr.com\/index.php?rest_route=%2Fwp%2Fv2%2Fproduct_tag&post=7334"}],"curies":[{"name":"wp","href":"https:\/\/api.w.org\/{rel}","templated":true}]}}