{"id":7332,"date":"2025-09-09T15:55:25","date_gmt":"2025-09-09T19:55:25","guid":{"rendered":"https:\/\/insertapr.com\/?post_type=product&#038;p=7332"},"modified":"2026-03-20T11:00:42","modified_gmt":"2026-03-20T15:00:42","slug":"el-club-de-los-dibujantes","status":"publish","type":"product","link":"https:\/\/insertapr.com\/?product=el-club-de-los-dibujantes","title":{"rendered":"EL CLUB DE LOS DIBUJANTES"},"content":{"rendered":"<div class=\"filaDetalle\">\n<div class=\"cabeceraDetalle\">EDITORIAL:MAEVA\u00a0<b>\u00a0<\/b><\/div>\n<\/div>\n<div class=\"filaDetalle\">\n<div class=\"cabeceraDetalle\">ISBN:9788410260979<\/div>\n<\/div>\n<div class=\"filaDetalle\">\n<div class=\"cabeceraDetalle\">COLECCI\u00d3N:NOVELA GRAFICA<\/div>\n<\/div>\n<div class=\"filaDetalle\">\n<div class=\"cabeceraDetalle\">IDIOMA:CASTELLANO<\/div>\n<\/div>\n<div class=\"filaDetalle\">\n<div class=\"cabeceraDetalle\">Fecha de edici\u00f3n:07-05-2025<\/div>\n<\/div>\n<div class=\"filaDetalle\">\n<div class=\"cabeceraDetalle\">Materia:<a title=\"Pulse en esta materia y ver\u00e1 todos los art\u00edculos de la misma\">COMICS Y NOVELAS GRAFICAS<\/a><\/div>\n<\/div>\n","protected":false},"excerpt":{"rendered":"<p><a>TELGEMEIER,\u00a0 RAINA<\/a>\/ <a>MCCLOUD,\u00a0 SCOTT<\/a><\/p>\n<p data-start=\"166\" data-end=\"254\"><strong data-start=\"166\" data-end=\"252\">LA ESPERADA NUEVA NOVELA GR\u00c1FICA DE RAINA TELGEMEIER ESCRITA JUNTO A SCOTT McCLOUD<\/strong><\/p>\n<p data-start=\"256\" data-end=\"319\">Una historia \u00fanica sobre la amistad y la magia de los c\u00f3mics.<\/p>\n<p data-start=\"321\" data-end=\"750\">Makayla rebosa de ideas, pero no sabe c\u00f3mo convertirlas en una historia. A Howard le encanta dibujar, pero le cuesta encontrar historias. Lynda pinta sin parar, aunque solo ve fallos en todo lo que crea, y Art es simplemente una persona creativa que busca siempre cosas nuevas. Todos ellos se juntan para formar <em data-start=\"633\" data-end=\"660\">El Club de los Dibujantes<\/em>, donde aprender\u00e1n a hacer c\u00f3mics y a usar su creatividad para crear miles de aventuras.<\/p>\n<p data-start=\"752\" data-end=\"946\">Raina Telgemeier, la conocid\u00edsima autora de <em data-start=\"796\" data-end=\"806\">\u00a1Sonr\u00ede!<\/em>, y Scott McCloud, el gran te\u00f3rico del c\u00f3mic, se unen en un d\u00fao de ensue\u00f1o para hacer un libro en el que \u00a1cualquier creador es bienvenido!<\/p>\n<p data-start=\"948\" data-end=\"996\"><strong data-start=\"948\" data-end=\"994\">\u00bfPOR QU\u00c9 LEER <em data-start=\"964\" data-end=\"991\">EL CLUB DE LOS DIBUJANTES<\/em>?<\/strong><\/p>\n<ul data-start=\"998\" data-end=\"1281\">\n<li data-start=\"998\" data-end=\"1098\">\n<p data-start=\"1000\" data-end=\"1098\">Una colaboraci\u00f3n de ensue\u00f1o: Raina Telgemeier se une a Scott McCloud, el gran te\u00f3rico del c\u00f3mic.<\/p>\n<\/li>\n<li data-start=\"1099\" data-end=\"1179\">\n<p data-start=\"1101\" data-end=\"1179\">Un libro que llega para inspirar a toda una generaci\u00f3n de j\u00f3venes creadores.<\/p>\n<\/li>\n<li data-start=\"1180\" data-end=\"1281\">\n<p data-start=\"1182\" data-end=\"1281\">Une la historia de los personajes y la creaci\u00f3n de c\u00f3mics para mostrar el poder que estos tienen.<\/p>\n<\/li>\n<\/ul>\n","protected":false},"featured_media":7333,"comment_status":"open","ping_status":"closed","template":"","meta":{"_monsterinsights_skip_tracking":false,"_monsterinsights_sitenote_active":false,"_monsterinsights_sitenote_note":"","_monsterinsights_sitenote_category":0,"_uf_show_specific_survey":0,"_uf_disable_surveys":false},"product_cat":[58,149,129,30,126],"product_tag":[],"_links":{"self":[{"href":"https:\/\/insertapr.com\/index.php?rest_route=\/wp\/v2\/product\/7332"}],"collection":[{"href":"https:\/\/insertapr.com\/index.php?rest_route=\/wp\/v2\/product"}],"about":[{"href":"https:\/\/insertapr.com\/index.php?rest_route=\/wp\/v2\/types\/product"}],"replies":[{"embeddable":true,"href":"https:\/\/insertapr.com\/index.php?rest_route=%2Fwp%2Fv2%2Fcomments&post=7332"}],"wp:featuredmedia":[{"embeddable":true,"href":"https:\/\/insertapr.com\/index.php?rest_route=\/wp\/v2\/media\/7333"}],"wp:attachment":[{"href":"https:\/\/insertapr.com\/index.php?rest_route=%2Fwp%2Fv2%2Fmedia&parent=7332"}],"wp:term":[{"taxonomy":"product_cat","embeddable":true,"href":"https:\/\/insertapr.com\/index.php?rest_route=%2Fwp%2Fv2%2Fproduct_cat&post=7332"},{"taxonomy":"product_tag","embeddable":true,"href":"https:\/\/insertapr.com\/index.php?rest_route=%2Fwp%2Fv2%2Fproduct_tag&post=7332"}],"curies":[{"name":"wp","href":"https:\/\/api.w.org\/{rel}","templated":true}]}}