{"id":7145,"date":"2025-08-06T16:10:59","date_gmt":"2025-08-06T20:10:59","guid":{"rendered":"https:\/\/insertapr.com\/?post_type=product&#038;p=7145"},"modified":"2025-08-17T13:55:50","modified_gmt":"2025-08-17T17:55:50","slug":"estupor-y-temblores","status":"publish","type":"product","link":"https:\/\/insertapr.com\/?product=estupor-y-temblores","title":{"rendered":"ESTUPOR Y TEMBLORES"},"content":{"rendered":"<div class=\"filaDetalle\">\n<div class=\"cabeceraDetalle\">EDITORIAL:ANAGRAMA\u00a0<b>\u00a0<\/b><\/div>\n<\/div>\n<div class=\"filaDetalle\">\n<div class=\"cabeceraDetalle\">ISBN:9788433960764<\/div>\n<\/div>\n<div class=\"filaDetalle\">\n<div class=\"cabeceraDetalle\">COLECCI\u00d3N:COMPACTOS<\/div>\n<\/div>\n<div class=\"filaDetalle\">\n<div class=\"cabeceraDetalle\">IDIOMA:CASTELLANO<\/div>\n<\/div>\n<div class=\"filaDetalle\">\n<div class=\"cabeceraDetalle\">Fecha de edici\u00f3n:01-05-2020<\/div>\n<\/div>\n<div class=\"filaDetalle\">\n<div class=\"cabeceraDetalle\">Materia:<a title=\"Pulse en esta materia y ver\u00e1 todos los art\u00edculos de la misma\">DISCRIMINACION SOCIAL Y DESIGUALDAD<\/a><br \/>\n<a title=\"Pulse en esta materia y ver\u00e1 todos los art\u00edculos de la misma\">FICCION MODERNA Y CONTEMPORANEA<\/a><\/div>\n<\/div>\n","protected":false},"excerpt":{"rendered":"<p><a>NOTHOMB,\u00a0AMELIE<\/a><\/p>\n<p data-start=\"221\" data-end=\"514\">Esta novela, con una declarada carga autobiogr\u00e1fica y un \u00e9xito impresionante en Francia desde su lanzamiento, cuenta la historia de una joven belga de 22 a\u00f1os, Am\u00e9lie, que empieza a trabajar en Tokio en una de las mayores compa\u00f1\u00edas del mundo: Yumimoto, quintaesencia de las empresas japonesas.<\/p>\n<p data-start=\"516\" data-end=\"989\"><strong data-start=\"516\" data-end=\"543\">Con estupor y temblores<\/strong>: as\u00ed es como el emperador del Sol Naciente exig\u00eda que sus s\u00fabditos se presentaran ante \u00e9l. En el Jap\u00f3n actual, fuertemente jerarquizado (donde cada superior es, antes que nada, el inferior de otro), Am\u00e9lie, afligida por el doble h\u00e1ndicap de ser mujer y occidental, se ve extraviada en un hormiguero de bur\u00f3cratas y subyugada, adem\u00e1s, por la muy japonesa belleza de su superior directa, con la cual mantiene unas relaciones de franca perversidad.<\/p>\n<p data-start=\"991\" data-end=\"1359\">Sufre una cascada de humillaciones: trabajos absurdos, \u00f3rdenes dementes, tareas repetitivas, misiones ingratas, ineptas o delirantes, y jefes s\u00e1dicos. La joven Am\u00e9lie comienza en contabilidad, luego pasa a servir caf\u00e9s, a la fotocopiadora y, descendiendo escalones en la escala de dignidad \u2014aunque con un desapego muy zen\u2014, acaba ocup\u00e1ndose de los lavabos\u2026 masculinos.<\/p>\n","protected":false},"featured_media":7146,"comment_status":"open","ping_status":"closed","template":"","meta":{"_monsterinsights_skip_tracking":false,"_monsterinsights_sitenote_active":false,"_monsterinsights_sitenote_note":"","_monsterinsights_sitenote_category":0,"_uf_show_specific_survey":0,"_uf_disable_surveys":false},"product_cat":[58,30],"product_tag":[],"_links":{"self":[{"href":"https:\/\/insertapr.com\/index.php?rest_route=\/wp\/v2\/product\/7145"}],"collection":[{"href":"https:\/\/insertapr.com\/index.php?rest_route=\/wp\/v2\/product"}],"about":[{"href":"https:\/\/insertapr.com\/index.php?rest_route=\/wp\/v2\/types\/product"}],"replies":[{"embeddable":true,"href":"https:\/\/insertapr.com\/index.php?rest_route=%2Fwp%2Fv2%2Fcomments&post=7145"}],"wp:featuredmedia":[{"embeddable":true,"href":"https:\/\/insertapr.com\/index.php?rest_route=\/wp\/v2\/media\/7146"}],"wp:attachment":[{"href":"https:\/\/insertapr.com\/index.php?rest_route=%2Fwp%2Fv2%2Fmedia&parent=7145"}],"wp:term":[{"taxonomy":"product_cat","embeddable":true,"href":"https:\/\/insertapr.com\/index.php?rest_route=%2Fwp%2Fv2%2Fproduct_cat&post=7145"},{"taxonomy":"product_tag","embeddable":true,"href":"https:\/\/insertapr.com\/index.php?rest_route=%2Fwp%2Fv2%2Fproduct_tag&post=7145"}],"curies":[{"name":"wp","href":"https:\/\/api.w.org\/{rel}","templated":true}]}}