{"id":7121,"date":"2025-08-06T15:15:25","date_gmt":"2025-08-06T19:15:25","guid":{"rendered":"https:\/\/insertapr.com\/?post_type=product&#038;p=7121"},"modified":"2025-11-29T00:15:05","modified_gmt":"2025-11-29T04:15:05","slug":"el-espejo-la-maldicion-de-las-siete-novias-2","status":"publish","type":"product","link":"https:\/\/insertapr.com\/?product=el-espejo-la-maldicion-de-las-siete-novias-2","title":{"rendered":"EL ESPEJO LA MALDICION DE LAS SIETE NOVIAS 2"},"content":{"rendered":"<div class=\"filaDetalle\">\n<div class=\"cabeceraDetalle\">EDITORIAL:SUMA EDITORIAL\u00a0<b>\u00a0<\/b><\/div>\n<\/div>\n<div class=\"filaDetalle\">\n<div class=\"cabeceraDetalle\">ISBN:9788410257832<\/div>\n<\/div>\n<div class=\"filaDetalle\">\n<div class=\"cabeceraDetalle\">COLECCI\u00d3N:SUMA<\/div>\n<\/div>\n<div class=\"filaDetalle\">\n<div class=\"cabeceraDetalle\">IDIOMA:CASTELLANO<\/div>\n<\/div>\n<div class=\"filaDetalle\">\n<div class=\"cabeceraDetalle\">Fecha de edici\u00f3n:24-07-2025<\/div>\n<\/div>\n<div class=\"filaDetalle\">\n<div class=\"cabeceraDetalle\">Materia:<a title=\"Pulse en esta materia y ver\u00e1 todos los art\u00edculos de la misma\">FANTASIA ROMANTICA<\/a><br \/>\n<a title=\"Pulse en esta materia y ver\u00e1 todos los art\u00edculos de la misma\">NARRATIVA ROMANTICA<\/a><\/div>\n<\/div>\n","protected":false},"excerpt":{"rendered":"<p><a>NORA ROBERTS<\/a><\/p>\n<p data-start=\"90\" data-end=\"226\">La segunda entrega de <strong data-start=\"112\" data-end=\"148\">LA MALDICI\u00d3N DE LAS SIETE NOVIAS<\/strong>, la trilog\u00eda rom\u00e1ntica y de suspense sobrenatural iniciada con <em data-start=\"212\" data-end=\"225\">La herencia<\/em>.<\/p>\n<p data-start=\"228\" data-end=\"321\">Siete novias muertas, una mansi\u00f3n hechizada llena de fantasmas y una maldici\u00f3n de dos siglos.<\/p>\n<p data-start=\"323\" data-end=\"532\">La primera vez que Sonya y su primo Owen traspasan el espejo, aparecen en el convite de la boda de Lisbeth Poole, en 1916. Saben que van a verla morir y, aunque intentan impedirlo, no pueden cambiar el pasado.<\/p>\n<p data-start=\"534\" data-end=\"843\">Clover, la abuela de Sonya, le comunica \u2014a trav\u00e9s de la m\u00fasica que hace sonar en la casa\u2014 que presenciar la muerte de las siete novias la convierte en testigo. De ese modo, ellas no ser\u00e1n olvidadas, podr\u00e1 recuperar los anillos de boda que Dobbs rob\u00f3, acabar con la maldici\u00f3n y expulsar su esp\u00edritu de la casa.<\/p>\n<p data-start=\"845\" data-end=\"1024\"><strong data-start=\"845\" data-end=\"856\">Rese\u00f1a:<\/strong><br data-start=\"856\" data-end=\"859\" \/>\u00abTensi\u00f3n, un misterio cuidadosamente tramado, personajes cautivadores y un final lleno de suspense que dejar\u00e1 a los lectores con ganas de m\u00e1s\u00bb.<br data-start=\"1002\" data-end=\"1005\" \/><em data-start=\"1005\" data-end=\"1024\">Publishers Weekly<\/em><\/p>\n","protected":false},"featured_media":7122,"comment_status":"open","ping_status":"closed","template":"","meta":{"_monsterinsights_skip_tracking":false,"_monsterinsights_sitenote_active":false,"_monsterinsights_sitenote_note":"","_monsterinsights_sitenote_category":0,"_uf_show_specific_survey":0,"_uf_disable_surveys":false},"product_cat":[46,30],"product_tag":[],"_links":{"self":[{"href":"https:\/\/insertapr.com\/index.php?rest_route=\/wp\/v2\/product\/7121"}],"collection":[{"href":"https:\/\/insertapr.com\/index.php?rest_route=\/wp\/v2\/product"}],"about":[{"href":"https:\/\/insertapr.com\/index.php?rest_route=\/wp\/v2\/types\/product"}],"replies":[{"embeddable":true,"href":"https:\/\/insertapr.com\/index.php?rest_route=%2Fwp%2Fv2%2Fcomments&post=7121"}],"wp:featuredmedia":[{"embeddable":true,"href":"https:\/\/insertapr.com\/index.php?rest_route=\/wp\/v2\/media\/7122"}],"wp:attachment":[{"href":"https:\/\/insertapr.com\/index.php?rest_route=%2Fwp%2Fv2%2Fmedia&parent=7121"}],"wp:term":[{"taxonomy":"product_cat","embeddable":true,"href":"https:\/\/insertapr.com\/index.php?rest_route=%2Fwp%2Fv2%2Fproduct_cat&post=7121"},{"taxonomy":"product_tag","embeddable":true,"href":"https:\/\/insertapr.com\/index.php?rest_route=%2Fwp%2Fv2%2Fproduct_tag&post=7121"}],"curies":[{"name":"wp","href":"https:\/\/api.w.org\/{rel}","templated":true}]}}