{"id":7117,"date":"2025-08-06T15:05:25","date_gmt":"2025-08-06T19:05:25","guid":{"rendered":"https:\/\/insertapr.com\/?post_type=product&#038;p=7117"},"modified":"2026-04-04T12:53:01","modified_gmt":"2026-04-04T16:53:01","slug":"alas-de-estrella","status":"publish","type":"product","link":"https:\/\/insertapr.com\/?product=alas-de-estrella","title":{"rendered":"ALAS DE ESTRELLA"},"content":{"rendered":"<div class=\"filaDetalle\">\n<div class=\"cabeceraDetalle\">EDITORIAL:LIBROS DISNEY\u00a0<b>\u00a0<\/b><\/div>\n<\/div>\n<div class=\"filaDetalle\">\n<div class=\"cabeceraDetalle\">ISBN:9791387526320<\/div>\n<\/div>\n<div class=\"filaDetalle\">\n<div class=\"cabeceraDetalle\">COLECCI\u00d3N:DISNEY. OTRAS PROPIEDADES<\/div>\n<\/div>\n<div class=\"filaDetalle\">\n<div class=\"cabeceraDetalle\">IDIOMA:CASTELLANO<\/div>\n<\/div>\n<div class=\"filaDetalle\">\n<div class=\"cabeceraDetalle\">Fecha de edici\u00f3n:25-06-2025<\/div>\n<\/div>\n<div class=\"filaDetalle\">\n<div class=\"cabeceraDetalle\">Materia:<a title=\"Pulse en esta materia y ver\u00e1 todos los art\u00edculos de la misma\">FANTASIA ROMANTICA (JUVENIL)<\/a><\/div>\n<\/div>\n","protected":false},"excerpt":{"rendered":"<p><a>ALLISON SAFT\u00a0<\/a><\/p>\n<p data-start=\"132\" data-end=\"253\">\u00bfAntes de ser la reina de la Hondonada de las Hadas, fue una joven hada que tuvo que escoger entre el deber y el coraz\u00f3n?<\/p>\n<p data-start=\"255\" data-end=\"679\">Han pasado siglos desde que un hada c\u00e1lida se aventur\u00f3 en el Bosque del Invierno, y aunque la mayor\u00eda teme las leyendas sobre los monstruos que acechan en las tierras heladas, Clarion no puede evitar sentirse atra\u00edda por su estoica belleza. Sin embargo, bajo la atenta mirada de los ministros estacionales de la corte, y con la fecha de su coronaci\u00f3n cada vez m\u00e1s pr\u00f3xima, Clarion no tiene mucho tiempo para so\u00f1ar despierta.<\/p>\n<p data-start=\"681\" data-end=\"1109\">No obstante, todo cambia con la noticia de que un monstruo ha cruzado desde el Invierno hasta la Primavera. Para Clarion, acabar con la amenaza puede ser una buena oportunidad para demostrar que es digna de reinar. Pero, en lugar de un monstruo, a quien encuentra en la frontera del Invierno es a Milori, un joven custodio del Bosque del Invierno. Entre ellos se forma un v\u00ednculo \u00fanico y, juntos, tratar\u00e1n de salvar sus hogares.<\/p>\n<p data-start=\"1111\" data-end=\"1344\">A medida que su alianza se convierte en algo m\u00e1s, descubrir\u00e1n que hay una raz\u00f3n por la que las hadas c\u00e1lidas y las fr\u00edas deben permanecer separadas. \u00bfY si el coste fuera m\u00e1s letal que los monstruos que habitan el Bosque del Invierno?<\/p>\n","protected":false},"featured_media":7118,"comment_status":"open","ping_status":"closed","template":"","meta":{"_monsterinsights_skip_tracking":false,"_monsterinsights_sitenote_active":false,"_monsterinsights_sitenote_note":"","_monsterinsights_sitenote_category":0,"_uf_show_specific_survey":0,"_uf_disable_surveys":false},"product_cat":[46,30,25],"product_tag":[],"_links":{"self":[{"href":"https:\/\/insertapr.com\/index.php?rest_route=\/wp\/v2\/product\/7117"}],"collection":[{"href":"https:\/\/insertapr.com\/index.php?rest_route=\/wp\/v2\/product"}],"about":[{"href":"https:\/\/insertapr.com\/index.php?rest_route=\/wp\/v2\/types\/product"}],"replies":[{"embeddable":true,"href":"https:\/\/insertapr.com\/index.php?rest_route=%2Fwp%2Fv2%2Fcomments&post=7117"}],"wp:featuredmedia":[{"embeddable":true,"href":"https:\/\/insertapr.com\/index.php?rest_route=\/wp\/v2\/media\/7118"}],"wp:attachment":[{"href":"https:\/\/insertapr.com\/index.php?rest_route=%2Fwp%2Fv2%2Fmedia&parent=7117"}],"wp:term":[{"taxonomy":"product_cat","embeddable":true,"href":"https:\/\/insertapr.com\/index.php?rest_route=%2Fwp%2Fv2%2Fproduct_cat&post=7117"},{"taxonomy":"product_tag","embeddable":true,"href":"https:\/\/insertapr.com\/index.php?rest_route=%2Fwp%2Fv2%2Fproduct_tag&post=7117"}],"curies":[{"name":"wp","href":"https:\/\/api.w.org\/{rel}","templated":true}]}}