{"id":7086,"date":"2025-07-11T11:12:54","date_gmt":"2025-07-11T15:12:54","guid":{"rendered":"https:\/\/insertapr.com\/?post_type=product&#038;p=7086"},"modified":"2025-08-17T17:50:26","modified_gmt":"2025-08-17T21:50:26","slug":"confesiones","status":"publish","type":"product","link":"https:\/\/insertapr.com\/?product=confesiones","title":{"rendered":"CONFESIONES"},"content":{"rendered":"","protected":false},"excerpt":{"rendered":"<p><a>MINATO,\u00a0KANAE<\/a><\/p>\n<p data-start=\"147\" data-end=\"503\">El \u00faltimo d\u00eda de clase, la profesora <strong data-start=\"184\" data-end=\"202\">Yuko Moriguchi<\/strong> anuncia a sus alumnos que deja la escuela. Todos saben el motivo: no han pasado m\u00e1s que unos d\u00edas desde que su hija de cuatro a\u00f1os apareci\u00f3 ahogada en la piscina del colegio, en apariencia por accidente. Sin embargo, Yuko sabe que la verdad es muy distinta: la mataron dos alumnos de esa misma clase.<\/p>\n<p data-start=\"505\" data-end=\"577\">Y a ella no le interesa buscar justicia. En realidad, prefiere venganza.<\/p>\n<p data-start=\"579\" data-end=\"696\">De esta \u00faltima lecci\u00f3n de Yuko, nadie saldr\u00e1 sin cicatrices; al fin y al cabo, todo el mundo tiene algo que confesar.<\/p>\n<p data-start=\"698\" data-end=\"1033\"><strong data-start=\"698\" data-end=\"715\">&#8220;Confesiones&#8221;<\/strong> es el impactante <em data-start=\"733\" data-end=\"743\">thriller<\/em> lleno de giros que catapult\u00f3 a <strong data-start=\"775\" data-end=\"791\">Kanae Minato<\/strong> a las listas de m\u00e1s vendidos en Jap\u00f3n, donde ha ganado premios como el de los libreros, y cuya historia fue adaptada al cine por el director <strong data-start=\"933\" data-end=\"954\">Tetsuya Nakashima<\/strong>.<br data-start=\"955\" data-end=\"958\" \/>Despu\u00e9s de leer esta novela, nunca volver\u00e1s a ver una clase del mismo modo.<\/p>\n","protected":false},"featured_media":7087,"comment_status":"open","ping_status":"closed","template":"","meta":{"_monsterinsights_skip_tracking":false,"_monsterinsights_sitenote_active":false,"_monsterinsights_sitenote_note":"","_monsterinsights_sitenote_category":0,"_uf_show_specific_survey":0,"_uf_disable_surveys":false},"product_cat":[30],"product_tag":[],"_links":{"self":[{"href":"https:\/\/insertapr.com\/index.php?rest_route=\/wp\/v2\/product\/7086"}],"collection":[{"href":"https:\/\/insertapr.com\/index.php?rest_route=\/wp\/v2\/product"}],"about":[{"href":"https:\/\/insertapr.com\/index.php?rest_route=\/wp\/v2\/types\/product"}],"replies":[{"embeddable":true,"href":"https:\/\/insertapr.com\/index.php?rest_route=%2Fwp%2Fv2%2Fcomments&post=7086"}],"wp:featuredmedia":[{"embeddable":true,"href":"https:\/\/insertapr.com\/index.php?rest_route=\/wp\/v2\/media\/7087"}],"wp:attachment":[{"href":"https:\/\/insertapr.com\/index.php?rest_route=%2Fwp%2Fv2%2Fmedia&parent=7086"}],"wp:term":[{"taxonomy":"product_cat","embeddable":true,"href":"https:\/\/insertapr.com\/index.php?rest_route=%2Fwp%2Fv2%2Fproduct_cat&post=7086"},{"taxonomy":"product_tag","embeddable":true,"href":"https:\/\/insertapr.com\/index.php?rest_route=%2Fwp%2Fv2%2Fproduct_tag&post=7086"}],"curies":[{"name":"wp","href":"https:\/\/api.w.org\/{rel}","templated":true}]}}