{"id":6885,"date":"2025-06-07T21:54:37","date_gmt":"2025-06-08T01:54:37","guid":{"rendered":"https:\/\/insertapr.com\/?post_type=product&#038;p=6885"},"modified":"2025-11-29T00:16:33","modified_gmt":"2025-11-29T04:16:33","slug":"la-muy-catastrofica-visita-al-zoo","status":"publish","type":"product","link":"https:\/\/insertapr.com\/?product=la-muy-catastrofica-visita-al-zoo","title":{"rendered":"LA MUY CATASTROFICA VISITA AL ZOO"},"content":{"rendered":"<div class=\"filaDetalle\">\n<div class=\"cabeceraDetalle\">EDITORIAL:ALFAGUARA\u00a0<b>\u00a0<\/b><\/div>\n<\/div>\n<div class=\"filaDetalle\">\n<div class=\"cabeceraDetalle\">ISBN:9788410496002<\/div>\n<\/div>\n<div class=\"filaDetalle\">\n<div class=\"cabeceraDetalle\">COLECCI\u00d3N:LITERATURAS<\/div>\n<\/div>\n<div class=\"filaDetalle\">\n<div class=\"cabeceraDetalle\">IDIOMA:CASTELLANO<\/div>\n<\/div>\n<div class=\"filaDetalle\">\n<div class=\"cabeceraDetalle\">Fecha de edici\u00f3n:03-04-2025<\/div>\n<\/div>\n<div class=\"filaDetalle\">\n<div class=\"cabeceraDetalle\">Materia:<a title=\"Pulse en esta materia y ver\u00e1 todos los art\u00edculos de la misma\">AVENTURA<\/a><br \/>\n<a title=\"Pulse en esta materia y ver\u00e1 todos los art\u00edculos de la misma\">FICCION MODERNA Y CONTEMPORANEA<\/a><br \/>\n<a title=\"Pulse en esta materia y ver\u00e1 todos los art\u00edculos de la misma\">GENERO POLICIACO Y DE MISTERIO<\/a><br \/>\n<a title=\"Pulse en esta materia y ver\u00e1 todos los art\u00edculos de la misma\">OBRA DE MISTERIO Y SUSPENSE<\/a><\/div>\n<\/div>\n","protected":false},"excerpt":{"rendered":"<p><a>DICKER,\u00a0 JOEL<\/a><\/p>\n<p>Es v\u00edspera de Navidad y la visita de la clase de Jos\u00e9phine al zoo ha sido una cat\u00e1strofe. Nadie sabe qu\u00e9 ha pasado exactamente y los padres de la ni\u00f1a est\u00e1n dispuestos a descubrirlo. Mientras la investigaci\u00f3n avanza, comprendemos poco a poco que una cat\u00e1strofe nunca llega sola, que las apariencias enga\u00f1an y que los acontecimientos pueden tomar un giro que nadie imagina.<\/p>\n<p>La muy catastr\u00f3fica visita al zoo nos mantiene en vilo hasta el final; es una novela divertida y emocionante, repleta de gui\u00f1os sobre nuestra sociedad, sobre la democracia, la educaci\u00f3n inclusiva, el rol de los padres y de los maestros.<\/p>\n<p>\u00abDe las cosas que me cuentan los lectores, lo que m\u00e1s me emociona son las lecturas compartidas en familia, entre amigos o en los clubes de lectura. Por eso he intentado escribir un libro que pudieran leer y compartir todos los lectores, sean como sean y est\u00e9n donde est\u00e9n, de 7 a 120 a\u00f1os. Con vuestros hijos, vuestra pareja, vuestros padres, vuestros vecinos o vuestros compa\u00f1eros de trabajo. Un libro con el que os entren ganas de leer y de que lean otros, sin distinciones. Y que nos permita reencontrarnos\u00bb.<br \/>\nJo\u00ebl Dicker<\/p>\n","protected":false},"featured_media":6886,"comment_status":"open","ping_status":"closed","template":"","meta":{"_monsterinsights_skip_tracking":false,"_monsterinsights_sitenote_active":false,"_monsterinsights_sitenote_note":"","_monsterinsights_sitenote_category":0,"_uf_show_specific_survey":0,"_uf_disable_surveys":false},"product_cat":[129,30,54],"product_tag":[],"_links":{"self":[{"href":"https:\/\/insertapr.com\/index.php?rest_route=\/wp\/v2\/product\/6885"}],"collection":[{"href":"https:\/\/insertapr.com\/index.php?rest_route=\/wp\/v2\/product"}],"about":[{"href":"https:\/\/insertapr.com\/index.php?rest_route=\/wp\/v2\/types\/product"}],"replies":[{"embeddable":true,"href":"https:\/\/insertapr.com\/index.php?rest_route=%2Fwp%2Fv2%2Fcomments&post=6885"}],"wp:featuredmedia":[{"embeddable":true,"href":"https:\/\/insertapr.com\/index.php?rest_route=\/wp\/v2\/media\/6886"}],"wp:attachment":[{"href":"https:\/\/insertapr.com\/index.php?rest_route=%2Fwp%2Fv2%2Fmedia&parent=6885"}],"wp:term":[{"taxonomy":"product_cat","embeddable":true,"href":"https:\/\/insertapr.com\/index.php?rest_route=%2Fwp%2Fv2%2Fproduct_cat&post=6885"},{"taxonomy":"product_tag","embeddable":true,"href":"https:\/\/insertapr.com\/index.php?rest_route=%2Fwp%2Fv2%2Fproduct_tag&post=6885"}],"curies":[{"name":"wp","href":"https:\/\/api.w.org\/{rel}","templated":true}]}}