{"id":6809,"date":"2025-05-23T11:23:55","date_gmt":"2025-05-23T15:23:55","guid":{"rendered":"https:\/\/insertapr.com\/?post_type=product&#038;p=6809"},"modified":"2026-05-06T15:32:51","modified_gmt":"2026-05-06T19:32:51","slug":"herbario-y-antologia-botanica-bilingue","status":"publish","type":"product","link":"https:\/\/insertapr.com\/?product=herbario-y-antologia-botanica-bilingue","title":{"rendered":"HERBARIO Y ANTOLOGIA BOTANICA (BILINGUE)"},"content":{"rendered":"","protected":false},"excerpt":{"rendered":"<p><a>DICKINSON,\u00a0EMILY<\/a><\/p>\n<p>Nueva edici\u00f3n del Herbario que recolect\u00f3 y clasific\u00f3 Emily Dickinson (entre los a\u00f1os 1839 y 2846), acompa\u00f1ado por una Antolog\u00eda Bot\u00e1nica de poemas que giran en torno a las plantas, \u00e1rboles y flores, en edici\u00f3n biling\u00fce con traducci\u00f3n de Eva Gallud.<\/p>\n","protected":false},"featured_media":6810,"comment_status":"open","ping_status":"closed","template":"","meta":{"_monsterinsights_skip_tracking":false,"_monsterinsights_sitenote_active":false,"_monsterinsights_sitenote_note":"","_monsterinsights_sitenote_category":0,"_uf_show_specific_survey":0,"_uf_disable_surveys":false},"product_cat":[30,135],"product_tag":[],"_links":{"self":[{"href":"https:\/\/insertapr.com\/index.php?rest_route=\/wp\/v2\/product\/6809"}],"collection":[{"href":"https:\/\/insertapr.com\/index.php?rest_route=\/wp\/v2\/product"}],"about":[{"href":"https:\/\/insertapr.com\/index.php?rest_route=\/wp\/v2\/types\/product"}],"replies":[{"embeddable":true,"href":"https:\/\/insertapr.com\/index.php?rest_route=%2Fwp%2Fv2%2Fcomments&post=6809"}],"wp:featuredmedia":[{"embeddable":true,"href":"https:\/\/insertapr.com\/index.php?rest_route=\/wp\/v2\/media\/6810"}],"wp:attachment":[{"href":"https:\/\/insertapr.com\/index.php?rest_route=%2Fwp%2Fv2%2Fmedia&parent=6809"}],"wp:term":[{"taxonomy":"product_cat","embeddable":true,"href":"https:\/\/insertapr.com\/index.php?rest_route=%2Fwp%2Fv2%2Fproduct_cat&post=6809"},{"taxonomy":"product_tag","embeddable":true,"href":"https:\/\/insertapr.com\/index.php?rest_route=%2Fwp%2Fv2%2Fproduct_tag&post=6809"}],"curies":[{"name":"wp","href":"https:\/\/api.w.org\/{rel}","templated":true}]}}