{"id":6737,"date":"2025-05-06T10:08:03","date_gmt":"2025-05-06T14:08:03","guid":{"rendered":"https:\/\/insertapr.com\/?post_type=product&#038;p=6737"},"modified":"2026-03-20T11:03:18","modified_gmt":"2026-03-20T15:03:18","slug":"fahrenheit-451-ed-conmemorativa","status":"publish","type":"product","link":"https:\/\/insertapr.com\/?product=fahrenheit-451-ed-conmemorativa","title":{"rendered":"FAHRENHEIT 451 ED. CONMEMORATIVA (Bolsillo)"},"content":{"rendered":"<div class=\"filaDetalle\">\n<div class=\"cabeceraDetalle\">EDITORIAL:DEBOLSILLO\u00a0<b>\u00a0<\/b><\/div>\n<\/div>\n<div class=\"filaDetalle\">\n<div class=\"cabeceraDetalle\">ISBN:9788466380621<\/div>\n<\/div>\n<div class=\"filaDetalle\">\n<div class=\"cabeceraDetalle\">COLECCI\u00d3N:CONTEMPORANEA<\/div>\n<\/div>\n<div class=\"filaDetalle\">\n<div class=\"cabeceraDetalle\">IDIOMA:CASTELLANO<\/div>\n<\/div>\n<div class=\"filaDetalle\">\n<div class=\"cabeceraDetalle\">Fecha de edici\u00f3n:20-03-2025<\/div>\n<\/div>\n<div class=\"filaDetalle\">\n<div class=\"cabeceraDetalle\">Materia:<a title=\"Pulse en esta materia y ver\u00e1 todos los art\u00edculos de la misma\">CIENCIA FICCION CLASICA<\/a><\/p>\n<\/div>\n<\/div>\n","protected":false},"excerpt":{"rendered":"<p><a>BRADBURY,\u00a0 RAY<\/a><\/p>\n<p class=\"\" data-start=\"127\" data-end=\"264\"><strong data-start=\"127\" data-end=\"264\">La cl\u00e1sica distop\u00eda sobre los peligros del populismo y el conformismo, en una nueva traducci\u00f3n que capta toda la fuerza del original.<\/strong><\/p>\n<p class=\"\" data-start=\"266\" data-end=\"529\">En un futuro sombr\u00edo y perturbador, Montag forma parte de una peculiar brigada de bomberos cuya misi\u00f3n no es apagar incendios, sino provocarlos para quemar libros. En su mundo, la lectura est\u00e1 prohibida porque se considera peligrosa: pensar es un acto subversivo.<\/p>\n<p class=\"\" data-start=\"531\" data-end=\"756\">Pero cuando Montag comienza a cuestionarlo todo \u2014alertado por una organizaci\u00f3n clandestina dedicada a memorizar libros para preservarlos\u2014, entender\u00e1 que ha llegado el momento de elegir entre la obediencia ciega o la rebeld\u00eda.<\/p>\n<p class=\"\" data-start=\"758\" data-end=\"970\">Con una nueva traducci\u00f3n que realza toda la potencia del texto original, <em data-start=\"831\" data-end=\"847\">Fahrenheit 451<\/em> sigue siendo una advertencia poderosa sobre los peligros del conformismo, la censura y la p\u00e9rdida del pensamiento cr\u00edtico.<\/p>\n","protected":false},"featured_media":6738,"comment_status":"open","ping_status":"closed","template":"","meta":{"_monsterinsights_skip_tracking":false,"_monsterinsights_sitenote_active":false,"_monsterinsights_sitenote_note":"","_monsterinsights_sitenote_category":0,"_uf_show_specific_survey":0,"_uf_disable_surveys":false},"product_cat":[146,58,30],"product_tag":[],"_links":{"self":[{"href":"https:\/\/insertapr.com\/index.php?rest_route=\/wp\/v2\/product\/6737"}],"collection":[{"href":"https:\/\/insertapr.com\/index.php?rest_route=\/wp\/v2\/product"}],"about":[{"href":"https:\/\/insertapr.com\/index.php?rest_route=\/wp\/v2\/types\/product"}],"replies":[{"embeddable":true,"href":"https:\/\/insertapr.com\/index.php?rest_route=%2Fwp%2Fv2%2Fcomments&post=6737"}],"wp:featuredmedia":[{"embeddable":true,"href":"https:\/\/insertapr.com\/index.php?rest_route=\/wp\/v2\/media\/6738"}],"wp:attachment":[{"href":"https:\/\/insertapr.com\/index.php?rest_route=%2Fwp%2Fv2%2Fmedia&parent=6737"}],"wp:term":[{"taxonomy":"product_cat","embeddable":true,"href":"https:\/\/insertapr.com\/index.php?rest_route=%2Fwp%2Fv2%2Fproduct_cat&post=6737"},{"taxonomy":"product_tag","embeddable":true,"href":"https:\/\/insertapr.com\/index.php?rest_route=%2Fwp%2Fv2%2Fproduct_tag&post=6737"}],"curies":[{"name":"wp","href":"https:\/\/api.w.org\/{rel}","templated":true}]}}