{"id":6735,"date":"2025-05-06T10:05:26","date_gmt":"2025-05-06T14:05:26","guid":{"rendered":"https:\/\/insertapr.com\/?post_type=product&#038;p=6735"},"modified":"2026-03-20T11:03:28","modified_gmt":"2026-03-20T15:03:28","slug":"el-gran-gatsby-ed-conmemorativa","status":"publish","type":"product","link":"https:\/\/insertapr.com\/?product=el-gran-gatsby-ed-conmemorativa","title":{"rendered":"EL GRAN GATSBY ED. CONMEMORATIVA (Bolsillo)"},"content":{"rendered":"<div class=\"filaDetalle\">\n<div class=\"cabeceraDetalle\">EDITORIAL:DEBOLSILLO\u00a0<b>\u00a0<\/b><\/div>\n<\/div>\n<div class=\"filaDetalle\">\n<div class=\"cabeceraDetalle\">ISBN:9788466380867<\/div>\n<\/div>\n<div class=\"filaDetalle\">\n<div class=\"cabeceraDetalle\">COLECCI\u00d3N:CONTEMPORANEA<\/div>\n<\/div>\n<div class=\"filaDetalle\">\n<div class=\"cabeceraDetalle\">IDIOMA:CASTELLANO<\/div>\n<\/div>\n<div class=\"filaDetalle\">\n<div class=\"cabeceraDetalle\">Fecha de edici\u00f3n:20-03-2025<\/div>\n<\/div>\n<div class=\"filaDetalle\">\n<div class=\"cabeceraDetalle\">Materia:<a title=\"Pulse en esta materia y ver\u00e1 todos los art\u00edculos de la misma\">FICCION CLASICA<\/a><\/div>\n<\/div>\n","protected":false},"excerpt":{"rendered":"<p><a>FITZGERALD,\u00a0 FRANCIS SCOTT<\/a><\/p>\n<p class=\"\" data-start=\"215\" data-end=\"662\">Jay Gatsby, el enigm\u00e1tico caballero que reina sobre West Egg, encarna el esp\u00edritu de los legendarios a\u00f1os veinte: una era de excesos, esperanza y esplendor, situada entre el horror de la Primera Guerra Mundial y la barbarie de la Segunda. Junto a los dem\u00e1s personajes, Gatsby forma parte de la llamada Generaci\u00f3n Perdida, aquellos \u00abj\u00f3venes tristes\u00bb que personificaron el mito de la pasi\u00f3n y el desencanto, donde la literatura se funde con la vida.<\/p>\n<p class=\"\" data-start=\"664\" data-end=\"1049\">Publicado por primera vez en 1925, <em data-start=\"699\" data-end=\"715\">El gran Gatsby<\/em> est\u00e1 considerado <em data-start=\"733\" data-end=\"759\">La Gran Novela Americana<\/em>. Una obra que simboliza el triunfo y la eterna juventud, pero tambi\u00e9n el deslumbramiento que conduce irremediablemente a la tragedia, la decadencia y la ca\u00edda. Un retrato preciso y deslumbrante que refleja, con asombrosa lucidez, las propias luces y sombras del autor, F. Scott Fitzgerald.<\/p>\n","protected":false},"featured_media":6736,"comment_status":"open","ping_status":"closed","template":"","meta":{"_monsterinsights_skip_tracking":false,"_monsterinsights_sitenote_active":false,"_monsterinsights_sitenote_note":"","_monsterinsights_sitenote_category":0,"_uf_show_specific_survey":0,"_uf_disable_surveys":false},"product_cat":[146,30,25],"product_tag":[],"_links":{"self":[{"href":"https:\/\/insertapr.com\/index.php?rest_route=\/wp\/v2\/product\/6735"}],"collection":[{"href":"https:\/\/insertapr.com\/index.php?rest_route=\/wp\/v2\/product"}],"about":[{"href":"https:\/\/insertapr.com\/index.php?rest_route=\/wp\/v2\/types\/product"}],"replies":[{"embeddable":true,"href":"https:\/\/insertapr.com\/index.php?rest_route=%2Fwp%2Fv2%2Fcomments&post=6735"}],"wp:featuredmedia":[{"embeddable":true,"href":"https:\/\/insertapr.com\/index.php?rest_route=\/wp\/v2\/media\/6736"}],"wp:attachment":[{"href":"https:\/\/insertapr.com\/index.php?rest_route=%2Fwp%2Fv2%2Fmedia&parent=6735"}],"wp:term":[{"taxonomy":"product_cat","embeddable":true,"href":"https:\/\/insertapr.com\/index.php?rest_route=%2Fwp%2Fv2%2Fproduct_cat&post=6735"},{"taxonomy":"product_tag","embeddable":true,"href":"https:\/\/insertapr.com\/index.php?rest_route=%2Fwp%2Fv2%2Fproduct_tag&post=6735"}],"curies":[{"name":"wp","href":"https:\/\/api.w.org\/{rel}","templated":true}]}}