{"id":6698,"date":"2025-05-03T10:24:20","date_gmt":"2025-05-03T14:24:20","guid":{"rendered":"https:\/\/insertapr.com\/?post_type=product&#038;p=6698"},"modified":"2026-03-20T11:03:36","modified_gmt":"2026-03-20T15:03:36","slug":"aunque-llueva-en-primavera-bolsillo","status":"publish","type":"product","link":"https:\/\/insertapr.com\/?product=aunque-llueva-en-primavera-bolsillo","title":{"rendered":"AUNQUE LLUEVA EN PRIMAVERA (BOLSILLO)"},"content":{"rendered":"<div class=\"filaDetalle\">\n<div class=\"cabeceraDetalle\">EDITORIAL:B DE BOLSILLO\u00a0<b>\u00a0<\/b><\/div>\n<\/div>\n<div class=\"filaDetalle\">\n<div class=\"cabeceraDetalle\">ISBN:9788410381360<\/div>\n<\/div>\n<div class=\"filaDetalle\">\n<div class=\"cabeceraDetalle\">COLECCI\u00d3N:CAMPA\u00d1AS<\/div>\n<\/div>\n<div class=\"filaDetalle\">\n<div class=\"cabeceraDetalle\">IDIOMA:CASTELLANO<\/div>\n<\/div>\n<div class=\"filaDetalle\">\n<div class=\"cabeceraDetalle\">Fecha de edici\u00f3n:06-03-2025<\/div>\n<\/div>\n<div class=\"filaDetalle\">\n<div class=\"cabeceraDetalle\">Materia:<a title=\"Pulse en esta materia y ver\u00e1 todos los art\u00edculos de la misma\">RELATOS ROMANTICOS Y DE RELACIONES INTERPERSONALES<\/a><\/div>\n<\/div>\n","protected":false},"excerpt":{"rendered":"<p><a>CHERRY CHIC<\/a><\/p>\n<p class=\"\" data-start=\"113\" data-end=\"299\"><strong data-start=\"113\" data-end=\"299\">Cherry Chic regresa con un <em data-start=\"142\" data-end=\"154\">standalone<\/em> irresistible: un encantador pueblo peque\u00f1o, paisajes de ensue\u00f1o, un padre soltero y un romance <em data-start=\"250\" data-end=\"261\">slow burn<\/em> que atrapa desde la primera p\u00e1gina.<\/strong><\/p>\n<p class=\"\" data-start=\"301\" data-end=\"502\">Existe un rinc\u00f3n del mundo entre pastos verdes, r\u00edos helados y calles empedradas donde el sol no brilla con frecuencia, pero los corazones son c\u00e1lidos como un hogar en invierno. Ese lugar es Havenwish.<\/p>\n<p class=\"\" data-start=\"504\" data-end=\"773\">All\u00ed vive Lilibeth, la \u00fanica maestra del pueblo. Ama a sus alumnos, borda peque\u00f1as flores en su ropa, cuida con esmero su jard\u00edn, bebe t\u00e9 y disfruta cada momento con sus seres queridos. Es afable, dulce y siempre sonriente\u2026 o al menos eso dir\u00eda cualquiera en Havenwish.<\/p>\n<p class=\"\" data-start=\"775\" data-end=\"897\">Cualquiera, excepto Blake. Acaba de llegar al pueblo y no tiene precisamente la mejor opini\u00f3n sobre la maestra de su hija.<\/p>\n<p class=\"\" data-start=\"899\" data-end=\"1058\">Pero cuando un concurso de jardines, vecinos entrometidos y algunos secretos salgan a la luz, Havenwish se convertir\u00e1 en el lugar del que no querr\u00e1s marcharte.<\/p>\n","protected":false},"featured_media":6699,"comment_status":"open","ping_status":"closed","template":"","meta":{"_monsterinsights_skip_tracking":false,"_monsterinsights_sitenote_active":false,"_monsterinsights_sitenote_note":"","_monsterinsights_sitenote_category":0,"_uf_show_specific_survey":0,"_uf_disable_surveys":false},"product_cat":[30,25],"product_tag":[],"_links":{"self":[{"href":"https:\/\/insertapr.com\/index.php?rest_route=\/wp\/v2\/product\/6698"}],"collection":[{"href":"https:\/\/insertapr.com\/index.php?rest_route=\/wp\/v2\/product"}],"about":[{"href":"https:\/\/insertapr.com\/index.php?rest_route=\/wp\/v2\/types\/product"}],"replies":[{"embeddable":true,"href":"https:\/\/insertapr.com\/index.php?rest_route=%2Fwp%2Fv2%2Fcomments&post=6698"}],"wp:featuredmedia":[{"embeddable":true,"href":"https:\/\/insertapr.com\/index.php?rest_route=\/wp\/v2\/media\/6699"}],"wp:attachment":[{"href":"https:\/\/insertapr.com\/index.php?rest_route=%2Fwp%2Fv2%2Fmedia&parent=6698"}],"wp:term":[{"taxonomy":"product_cat","embeddable":true,"href":"https:\/\/insertapr.com\/index.php?rest_route=%2Fwp%2Fv2%2Fproduct_cat&post=6698"},{"taxonomy":"product_tag","embeddable":true,"href":"https:\/\/insertapr.com\/index.php?rest_route=%2Fwp%2Fv2%2Fproduct_tag&post=6698"}],"curies":[{"name":"wp","href":"https:\/\/api.w.org\/{rel}","templated":true}]}}