{"id":6675,"date":"2025-05-03T09:17:07","date_gmt":"2025-05-03T13:17:07","guid":{"rendered":"https:\/\/insertapr.com\/?post_type=product&#038;p=6675"},"modified":"2026-03-20T11:03:49","modified_gmt":"2026-03-20T15:03:49","slug":"una-de-los-suyos","status":"publish","type":"product","link":"https:\/\/insertapr.com\/?product=una-de-los-suyos","title":{"rendered":"UNA DE LOS SUYOS"},"content":{"rendered":"<div class=\"filaDetalle\">\n<div class=\"cabeceraDetalle\">EDITORIAL:SOMBRAS\u00a0<b>\u00a0<\/b><\/div>\n<\/div>\n<div class=\"filaDetalle\">\n<div class=\"cabeceraDetalle\">ISBN:9788415955146<\/div>\n<\/div>\n<div class=\"filaDetalle\">\n<div class=\"cabeceraDetalle\">COLECCI\u00d3N:DARK ROMANCE<\/div>\n<\/div>\n<div class=\"filaDetalle\">\n<div class=\"cabeceraDetalle\">IDIOMA:CASTELLANO<\/div>\n<\/div>\n<div class=\"filaDetalle\">\n<div class=\"cabeceraDetalle\">Fecha de edici\u00f3n:08-04-2025<\/div>\n<\/div>\n<div class=\"filaDetalle\">\n<div class=\"cabeceraDetalle\">Materia:<a title=\"Pulse en esta materia y ver\u00e1 todos los art\u00edculos de la misma\">NARRATIVA ROMANTICA ADULTA Y CONTEMPORANEA<\/a><\/div>\n<\/div>\n","protected":false},"excerpt":{"rendered":"<p><a>MCCARNEY L. ROSE<\/a><\/p>\n<p class=\"\" data-start=\"55\" data-end=\"121\"><strong data-start=\"55\" data-end=\"121\">En la oscuridad de la niebla, la confianza es el mayor crimen.<\/strong><\/p>\n<p class=\"\" data-start=\"123\" data-end=\"449\">Leiza, agente de polic\u00eda, lleva meses infiltrada en el negocio de Eiji Jo, el joven y atractivo heredero de una de las familias m\u00e1s poderosas de la ciudad. En el barrio de la Niebla, donde no puedes confiar en nadie, ella tiene un objetivo claro: destapar todos y cada uno de los cr\u00edmenes que el l\u00edder de la mafia ha cometido.<\/p>\n<p class=\"\" data-start=\"451\" data-end=\"747\">En su misi\u00f3n para ganarse su confianza, Leiza se enfrentar\u00e1 a varios obst\u00e1culos: los secretos de Eiji, sus propias dudas sobre el bien y el mal, sus sentimientos encontrados y, lo peor de todo, la atracci\u00f3n hacia un mundo donde no existen los tab\u00faes de ning\u00fan tipo\u2026 y hacia quienes habitan en \u00e9l.<\/p>\n<p class=\"\" data-start=\"749\" data-end=\"850\">\u00bfLograr\u00e1 Leiza hallar la verdad o quedar\u00e1 atrapada en las redes del barrio de la Niebla para siempre?<\/p>\n","protected":false},"featured_media":6676,"comment_status":"open","ping_status":"closed","template":"","meta":{"_monsterinsights_skip_tracking":false,"_monsterinsights_sitenote_active":false,"_monsterinsights_sitenote_note":"","_monsterinsights_sitenote_category":0,"_uf_show_specific_survey":0,"_uf_disable_surveys":false},"product_cat":[58,30],"product_tag":[],"_links":{"self":[{"href":"https:\/\/insertapr.com\/index.php?rest_route=\/wp\/v2\/product\/6675"}],"collection":[{"href":"https:\/\/insertapr.com\/index.php?rest_route=\/wp\/v2\/product"}],"about":[{"href":"https:\/\/insertapr.com\/index.php?rest_route=\/wp\/v2\/types\/product"}],"replies":[{"embeddable":true,"href":"https:\/\/insertapr.com\/index.php?rest_route=%2Fwp%2Fv2%2Fcomments&post=6675"}],"wp:featuredmedia":[{"embeddable":true,"href":"https:\/\/insertapr.com\/index.php?rest_route=\/wp\/v2\/media\/6676"}],"wp:attachment":[{"href":"https:\/\/insertapr.com\/index.php?rest_route=%2Fwp%2Fv2%2Fmedia&parent=6675"}],"wp:term":[{"taxonomy":"product_cat","embeddable":true,"href":"https:\/\/insertapr.com\/index.php?rest_route=%2Fwp%2Fv2%2Fproduct_cat&post=6675"},{"taxonomy":"product_tag","embeddable":true,"href":"https:\/\/insertapr.com\/index.php?rest_route=%2Fwp%2Fv2%2Fproduct_tag&post=6675"}],"curies":[{"name":"wp","href":"https:\/\/api.w.org\/{rel}","templated":true}]}}