{"id":6632,"date":"2025-04-30T12:46:15","date_gmt":"2025-04-30T16:46:15","guid":{"rendered":"https:\/\/insertapr.com\/?post_type=product&#038;p=6632"},"modified":"2025-10-29T20:04:42","modified_gmt":"2025-10-30T00:04:42","slug":"funda-s-boton-petalos-al-viento","status":"publish","type":"product","link":"https:\/\/insertapr.com\/?product=funda-s-boton-petalos-al-viento","title":{"rendered":"Funda (S) Bot\u00f3n P\u00e9talos al viento"},"content":{"rendered":"<p>Funda cierre: Bot\u00f3n<\/p>\n<p class=\"product-header\">Tela de algod\u00f3n<\/p>\n<p>Tama\u00f1o peque\u00f1o 6.5\u2033 x 9.o\u201d<\/p>\n","protected":false},"excerpt":{"rendered":"<p>Funda para proteger libros.<\/p>\n<p>Confeccionada en tela de algod\u00f3n.<\/p>\n<p>Tama\u00f1o peque\u00f1o, con cierre de bot\u00f3n.<\/p>\n<p>&nbsp;<\/p>\n","protected":false},"featured_media":6633,"comment_status":"open","ping_status":"closed","template":"","meta":{"_monsterinsights_skip_tracking":false,"_monsterinsights_sitenote_active":false,"_monsterinsights_sitenote_note":"","_monsterinsights_sitenote_category":0,"_uf_show_specific_survey":0,"_uf_disable_surveys":false},"product_cat":[122,32],"product_tag":[],"_links":{"self":[{"href":"https:\/\/insertapr.com\/index.php?rest_route=\/wp\/v2\/product\/6632"}],"collection":[{"href":"https:\/\/insertapr.com\/index.php?rest_route=\/wp\/v2\/product"}],"about":[{"href":"https:\/\/insertapr.com\/index.php?rest_route=\/wp\/v2\/types\/product"}],"replies":[{"embeddable":true,"href":"https:\/\/insertapr.com\/index.php?rest_route=%2Fwp%2Fv2%2Fcomments&post=6632"}],"wp:featuredmedia":[{"embeddable":true,"href":"https:\/\/insertapr.com\/index.php?rest_route=\/wp\/v2\/media\/6633"}],"wp:attachment":[{"href":"https:\/\/insertapr.com\/index.php?rest_route=%2Fwp%2Fv2%2Fmedia&parent=6632"}],"wp:term":[{"taxonomy":"product_cat","embeddable":true,"href":"https:\/\/insertapr.com\/index.php?rest_route=%2Fwp%2Fv2%2Fproduct_cat&post=6632"},{"taxonomy":"product_tag","embeddable":true,"href":"https:\/\/insertapr.com\/index.php?rest_route=%2Fwp%2Fv2%2Fproduct_tag&post=6632"}],"curies":[{"name":"wp","href":"https:\/\/api.w.org\/{rel}","templated":true}]}}