{"id":6536,"date":"2025-03-11T11:00:30","date_gmt":"2025-03-11T15:00:30","guid":{"rendered":"https:\/\/insertapr.com\/?post_type=product&#038;p=6536"},"modified":"2025-12-26T14:21:55","modified_gmt":"2025-12-26T18:21:55","slug":"empireo-3-alas-de-onix","status":"publish","type":"product","link":"https:\/\/insertapr.com\/?product=empireo-3-alas-de-onix","title":{"rendered":"ALAS DE ONIX"},"content":{"rendered":"<div class=\"filaDetalle\">\n<div class=\"cabeceraDetalle\">EDITORIAL:PLANETA\u00a0<b>\u00a0<\/b><\/div>\n<\/div>\n<div class=\"filaDetalle\">\n<div class=\"cabeceraDetalle\">ISBN:9788408297079<\/div>\n<\/div>\n<div class=\"filaDetalle\">\n<div class=\"cabeceraDetalle\">COLECCI\u00d3N:PLANETA INTERNACIONAL<\/div>\n<\/div>\n<div class=\"filaDetalle\">\n<div class=\"cabeceraDetalle\">IDIOMA:CASTELLANO<\/div>\n<\/div>\n<div class=\"filaDetalle\">\n<div class=\"cabeceraDetalle\">Fecha de edici\u00f3n:01-01-2025<\/div>\n<\/div>\n<div class=\"filaDetalle\">\n<div class=\"cabeceraDetalle\">\n<p>Materia: <a title=\"Pulse en esta materia y ver\u00e1 todos los art\u00edculos de la misma\">FANTASIA ROMANTICA (JUVENIL)<\/a><\/p>\n<\/div>\n<\/div>\n","protected":false},"excerpt":{"rendered":"<p><a>REBECCA YARROS<\/a><\/p>\n<p><strong>No te pierdas la tercera entrega de la serie Emp\u00edreo, tras Alas de sangre y Alas de hierro.<\/strong><\/p>\n<p>Tras casi dieciocho meses en el Colegio de Guerra Basgiath, Violet Sorrengail tiene claro que no queda tiempo para entrenar. Hay que tomar decisiones. La batalla ha comenzado y, con enemigos acerc\u00e1ndose a las murallas e infiltrados en sus propias filas, es imposible saber en qui\u00e9n confiar.<\/p>\n<p>Ahora Violet deber\u00e1 emprender un viaje fuera de los l\u00edmites de Aretia, en busca de aliados de tierras desconocidas que acepten pelear por Navarre. La misi\u00f3n pondr\u00e1 a prueba su suerte, y la obligar\u00e1 a usar todo su ingenio y fortaleza para salvar lo que m\u00e1s ama: sus dragones, su familia, su hogar y a \u00e9l.<\/p>\n<p>Aunque eso signifique tener que guardar un secreto tan peligroso que podr\u00eda destruirlo todo.<\/p>\n<p>Navarre necesita un ej\u00e9rcito. Necesita poder. Necesita magia. Y necesitar\u00e1 algo que solo Violet puede encontrar: la verdad.<\/p>\n<p>Pero una tormenta se aproxima y no todos sobrevivir\u00e1n a su furia.<\/p>\n","protected":false},"featured_media":6537,"comment_status":"open","ping_status":"closed","template":"","meta":{"_monsterinsights_skip_tracking":false,"_monsterinsights_sitenote_active":false,"_monsterinsights_sitenote_note":"","_monsterinsights_sitenote_category":0,"_uf_show_specific_survey":0,"_uf_disable_surveys":false},"product_cat":[46,30,48],"product_tag":[],"_links":{"self":[{"href":"https:\/\/insertapr.com\/index.php?rest_route=\/wp\/v2\/product\/6536"}],"collection":[{"href":"https:\/\/insertapr.com\/index.php?rest_route=\/wp\/v2\/product"}],"about":[{"href":"https:\/\/insertapr.com\/index.php?rest_route=\/wp\/v2\/types\/product"}],"replies":[{"embeddable":true,"href":"https:\/\/insertapr.com\/index.php?rest_route=%2Fwp%2Fv2%2Fcomments&post=6536"}],"wp:featuredmedia":[{"embeddable":true,"href":"https:\/\/insertapr.com\/index.php?rest_route=\/wp\/v2\/media\/6537"}],"wp:attachment":[{"href":"https:\/\/insertapr.com\/index.php?rest_route=%2Fwp%2Fv2%2Fmedia&parent=6536"}],"wp:term":[{"taxonomy":"product_cat","embeddable":true,"href":"https:\/\/insertapr.com\/index.php?rest_route=%2Fwp%2Fv2%2Fproduct_cat&post=6536"},{"taxonomy":"product_tag","embeddable":true,"href":"https:\/\/insertapr.com\/index.php?rest_route=%2Fwp%2Fv2%2Fproduct_tag&post=6536"}],"curies":[{"name":"wp","href":"https:\/\/api.w.org\/{rel}","templated":true}]}}