{"id":6463,"date":"2025-03-05T09:08:23","date_gmt":"2025-03-05T13:08:23","guid":{"rendered":"https:\/\/insertapr.com\/?post_type=product&#038;p=6463"},"modified":"2025-04-12T11:39:52","modified_gmt":"2025-04-12T15:39:52","slug":"diarios-de-cereza-1-el-zoo-petrificado","status":"publish","type":"product","link":"https:\/\/insertapr.com\/?product=diarios-de-cereza-1-el-zoo-petrificado","title":{"rendered":"DIARIOS DE CEREZA 1 EL ZOO PETRIFICADO"},"content":{"rendered":"<div class=\"filaDetalle\">\n<div class=\"cabeceraDetalle\">EDITORIAL: ALFAGUARA IJ\u00a0<b>\u00a0<\/b><\/div>\n<\/div>\n<div class=\"filaDetalle\">\n<div class=\"cabeceraDetalle\">ISBN: 9788420486291<\/div>\n<\/div>\n<div class=\"filaDetalle\">\n<div class=\"cabeceraDetalle\">COLECCI\u00d3N: SERIE LOS DIARIOS DE CEREZA<\/div>\n<\/div>\n<div class=\"filaDetalle\">\n<div class=\"cabeceraDetalle\">IDIOMA: CASTELLANO<\/div>\n<\/div>\n<div class=\"filaDetalle\">\n<div class=\"cabeceraDetalle\">Fecha de edici\u00f3n:01-06-2017<\/div>\n<\/div>\n<div class=\"filaDetalle\">\n<div class=\"cabeceraDetalle\">Materia:<\/div>\n<div class=\"detail-categories\"><a title=\"Pulse en esta materia y ver\u00e1 todos los art\u00edculos de la misma\">COMICS Y NOVELAS GRAFICAS<\/a><br \/>\n<a title=\"Pulse en esta materia y ver\u00e1 todos los art\u00edculos de la misma\">CUENTOS (INFANTIL\/JUVENIL)<\/a><\/div>\n<\/div>\n","protected":false},"excerpt":{"rendered":"<p><a>NEYRET,\u00a0AURELIE<\/a>\/ <a>CHAMBLAIN,\u00a0JORIS<\/a><\/p>\n<p><b>Cereza, una ni\u00f1a de 10 a\u00f1os que sue\u00f1a con ser escritora, es la protagonista de \u00abLos diarios de Cereza\u00bb, la colecci\u00f3n de c\u00f3mic infantil que se ha convertido en un fen\u00f3meno en Francia.<\/b><\/p>\n<p><b>Acompa\u00f1a a Cereza en su primera investigaci\u00f3n, \u00edque le llevar\u00e1 hasta el coraz\u00f3n del bosque y a descubrir un lugar maravilloso!<\/b><\/p>\n<p>\u00c9rase una vez&#8230;<\/p>\n<p>Cuando era peque\u00f1a, hice la promesa de que si un d\u00eda ten\u00eda un diario, comenzar\u00eda como este.<\/p>\n<p>\u00c9rase una vez&#8230; Cereza!!!<\/p>\n<p>Tengo diez a\u00f1os y medio y mi sue\u00f1o es llegar a ser escritora. Mi truco para contar historias es observar a las personas, imaginar sus vidas, sus secretos&#8230;<\/p>\n<p>Todos tenemos un secreto escondido que no contamos a nadie, que nos hace ser lo que somos. \u00daltimamente, con Lina y \u00c9rika, hemos estado observando a alguien realmente misterioso&#8230;<\/p>\n<p><b>\u00abLos diarios de Cereza\u00bb ha sido galardonada con el Premio al Mejor C\u00f3mic Infantil de Angoul\u00e8me, el premio de novela gr\u00e1fica m\u00e1s prestigioso de Europa.<\/b><\/p>\n","protected":false},"featured_media":6464,"comment_status":"open","ping_status":"closed","template":"","meta":{"_monsterinsights_skip_tracking":false,"_monsterinsights_sitenote_active":false,"_monsterinsights_sitenote_note":"","_monsterinsights_sitenote_category":0,"_uf_show_specific_survey":0,"_uf_disable_surveys":false},"product_cat":[30,126],"product_tag":[],"_links":{"self":[{"href":"https:\/\/insertapr.com\/index.php?rest_route=\/wp\/v2\/product\/6463"}],"collection":[{"href":"https:\/\/insertapr.com\/index.php?rest_route=\/wp\/v2\/product"}],"about":[{"href":"https:\/\/insertapr.com\/index.php?rest_route=\/wp\/v2\/types\/product"}],"replies":[{"embeddable":true,"href":"https:\/\/insertapr.com\/index.php?rest_route=%2Fwp%2Fv2%2Fcomments&post=6463"}],"wp:featuredmedia":[{"embeddable":true,"href":"https:\/\/insertapr.com\/index.php?rest_route=\/wp\/v2\/media\/6464"}],"wp:attachment":[{"href":"https:\/\/insertapr.com\/index.php?rest_route=%2Fwp%2Fv2%2Fmedia&parent=6463"}],"wp:term":[{"taxonomy":"product_cat","embeddable":true,"href":"https:\/\/insertapr.com\/index.php?rest_route=%2Fwp%2Fv2%2Fproduct_cat&post=6463"},{"taxonomy":"product_tag","embeddable":true,"href":"https:\/\/insertapr.com\/index.php?rest_route=%2Fwp%2Fv2%2Fproduct_tag&post=6463"}],"curies":[{"name":"wp","href":"https:\/\/api.w.org\/{rel}","templated":true}]}}