{"id":6375,"date":"2025-02-16T09:30:17","date_gmt":"2025-02-16T13:30:17","guid":{"rendered":"https:\/\/insertapr.com\/?post_type=product&#038;p=6375"},"modified":"2026-03-24T09:42:38","modified_gmt":"2026-03-24T13:42:38","slug":"el-secreto-que-nunca-nunca-se-sabra","status":"publish","type":"product","link":"https:\/\/insertapr.com\/?product=el-secreto-que-nunca-nunca-se-sabra","title":{"rendered":"El SECRETO QUE NUNCA, NUNCA SE SABR\u00c1"},"content":{"rendered":"","protected":false},"excerpt":{"rendered":"<p><a href=\"https:\/\/www.instagram.com\/deb.soto\/\">DEB SOTO<\/a><\/p>\n<div class=\"woocommerce-product-details__short-description\">\n<p><strong>Sinopsis:<\/strong><\/p>\n<p><span class=\"OYPEnA font-feature-liga-off font-feature-clig-off font-feature-calt-off text-decoration-none text-strikethrough-none\">Juli\u00e1n encuentra un art\u00edculo en el peri\u00f3dico sobre una criatura peligrosa que anda suelta en Puerto Rico. Sin pensarlo dos veces, decide investigar el enigma con la ayuda de sus mejores amigos: <\/span><span class=\"OYPEnA font-feature-liga-off font-feature-clig-off font-feature-calt-off text-decoration-none text-strikethrough-none\">Mauro, <\/span><span class=\"OYPEnA font-feature-liga-off font-feature-clig-off font-feature-calt-off text-decoration-none text-strikethrough-none\">\u00d3scar y <\/span><span class=\"OYPEnA font-feature-liga-off font-feature-clig-off font-feature-calt-off text-decoration-none text-strikethrough-none\">Pilar. <\/span><span class=\"OYPEnA font-feature-liga-off font-feature-clig-off font-feature-calt-off text-decoration-none text-strikethrough-none\">Juntos, <\/span><span class=\"OYPEnA font-feature-liga-off font-feature-clig-off font-feature-calt-off text-decoration-none text-strikethrough-none\">se embarcan en una <\/span><span class=\"OYPEnA font-feature-liga-off font-feature-clig-off font-feature-calt-off text-decoration-none text-strikethrough-none\">b\u00fasqueda para descubrir <\/span><span class=\"OYPEnA font-feature-liga-off font-feature-clig-off font-feature-calt-off text-decoration-none text-strikethrough-none\">la verdad. \u2018El secreto que nunca, <\/span><span class=\"OYPEnA font-feature-liga-off font-feature-clig-off font-feature-calt-off text-decoration-none text-strikethrough-none\">nunca se sabr\u00e1\u2019 revela que incluso lo m\u00e1s aterrador puede tener una muy buena explicaci\u00f3n. Este libro tiene una mezcla perfecta de humor, amistad y un toque de misterio.<\/span><\/p>\n<p><em><span class=\"OYPEnA font-feature-liga-off font-feature-clig-off font-feature-calt-off text-decoration-none text-strikethrough-none\">A partir de 8 a\u00f1os.<\/span><\/em><\/p>\n<p>Ilustraciones por <a href=\"https:\/\/www.instagram.com\/art.by.quimey\/\">Quimey S.F.<\/a><\/p>\n<p class=\"cvGsUA direction-ltr align-justify para-style-body\"><span class=\"OYPEnA font-feature-liga-off font-feature-clig-off font-feature-calt-off text-decoration-none text-strikethrough-none\"><strong>Rese\u00f1a:<\/strong><br \/>\n\u201cEsta novela me pareci\u00f3 una lectura intrigante de principio a fin. Me agrad\u00f3 que la narraci\u00f3n fuera al estilo de \u00abun diario\u00bb, ya que, a medida que avanza la historia, Juli\u00e1n me hizo sentir que lo acompa\u00f1aba en su aventura y en los obst\u00e1culos que surgieron junto a sus amigos al intentar descubrir el gran misterio de \u00abLa G\u00e1rgola\u00bb.<\/span><\/p>\n<p class=\"cvGsUA direction-ltr align-justify para-style-body\"><span class=\"OYPEnA font-feature-liga-off font-feature-clig-off font-feature-calt-off text-decoration-none text-strikethrough-none\">\u00a1El final me sorprendi\u00f3! Fue completamente inespe-rado; entend\u00ed que las cosas no siempre son lo que aparentan ser.\u201d<\/span><\/p>\n<p class=\"cvGsUA direction-ltr align-center para-style-body\"><span class=\"OYPEnA font-feature-liga-off font-feature-clig-off font-feature-calt-off text-decoration-none text-strikethrough-none\">Camila I. P\u00e9rez Vargas, <\/span><span class=\"OYPEnA font-feature-liga-off font-feature-clig-off font-feature-calt-off text-decoration-none text-strikethrough-none\">Creadora de contenido<br \/>\n<\/span><a href=\"https:\/\/www.instagram.com\/soycamiliando\/\"><span class=\"OYPEnA font-feature-liga-off font-feature-clig-off font-feature-calt-off text-decoration-none text-strikethrough-none\">@soycamiliando<\/span><\/a><\/p>\n<\/div>\n","protected":false},"featured_media":6376,"comment_status":"open","ping_status":"closed","template":"","meta":{"_monsterinsights_skip_tracking":false,"_monsterinsights_sitenote_active":false,"_monsterinsights_sitenote_note":"","_monsterinsights_sitenote_category":0,"_uf_show_specific_survey":0,"_uf_disable_surveys":false},"product_cat":[58,149,129,30,126,133],"product_tag":[],"_links":{"self":[{"href":"https:\/\/insertapr.com\/index.php?rest_route=\/wp\/v2\/product\/6375"}],"collection":[{"href":"https:\/\/insertapr.com\/index.php?rest_route=\/wp\/v2\/product"}],"about":[{"href":"https:\/\/insertapr.com\/index.php?rest_route=\/wp\/v2\/types\/product"}],"replies":[{"embeddable":true,"href":"https:\/\/insertapr.com\/index.php?rest_route=%2Fwp%2Fv2%2Fcomments&post=6375"}],"wp:featuredmedia":[{"embeddable":true,"href":"https:\/\/insertapr.com\/index.php?rest_route=\/wp\/v2\/media\/6376"}],"wp:attachment":[{"href":"https:\/\/insertapr.com\/index.php?rest_route=%2Fwp%2Fv2%2Fmedia&parent=6375"}],"wp:term":[{"taxonomy":"product_cat","embeddable":true,"href":"https:\/\/insertapr.com\/index.php?rest_route=%2Fwp%2Fv2%2Fproduct_cat&post=6375"},{"taxonomy":"product_tag","embeddable":true,"href":"https:\/\/insertapr.com\/index.php?rest_route=%2Fwp%2Fv2%2Fproduct_tag&post=6375"}],"curies":[{"name":"wp","href":"https:\/\/api.w.org\/{rel}","templated":true}]}}