{"id":6348,"date":"2025-02-01T23:27:44","date_gmt":"2025-02-02T03:27:44","guid":{"rendered":"https:\/\/insertapr.com\/?post_type=product&#038;p=6348"},"modified":"2026-03-20T11:04:31","modified_gmt":"2026-03-20T15:04:31","slug":"i-will-always-love-you","status":"publish","type":"product","link":"https:\/\/insertapr.com\/?product=i-will-always-love-you","title":{"rendered":"I WILL ALWAYS LOVE YOU"},"content":{"rendered":"<div class=\"filaDetalle\">\n<div class=\"cabeceraDetalle\">EDITORIAL:LUNWERG\u00a0<b>\u00a0<\/b><\/div>\n<\/div>\n<div class=\"filaDetalle\">\n<div class=\"cabeceraDetalle\">ISBN:9788416890583<\/div>\n<\/div>\n<div class=\"filaDetalle\">\n<div class=\"cabeceraDetalle\">COLECCI\u00d3N:FONDO<\/div>\n<\/div>\n<div class=\"filaDetalle\">\n<div class=\"cabeceraDetalle\">IDIOMA:CASTELLANO<\/div>\n<\/div>\n<div class=\"filaDetalle\">\n<div class=\"cabeceraDetalle\">Fecha de edici\u00f3n:18-09-2018<\/div>\n<\/div>\n<div class=\"filaDetalle\">\n<div class=\"cabeceraDetalle\">Materia:<a title=\"Pulse en esta materia y ver\u00e1 todos los art\u00edculos de la misma\">MUSICA<\/a><\/p>\n<\/div>\n<\/div>\n","protected":false},"excerpt":{"rendered":"<p><a>MARISA MOREA<\/a><\/p>\n<div class=\"sinopsis\">\n<p><i>Te querr\u00e9 siempre<\/i> es un recorrido por las mejores historias de amor de la m\u00fasica. Parejas unidas en lo personal y en lo profesional que nos hicieron creer que el amor pod\u00eda ser eterno, pero que finalmente se separaron y solo nos dejaron un pu\u00f1ado de canciones. Pero qu\u00e9 canciones! Este libro toma el t\u00edtulo del celeb\u00e9rrimo tema <i>I will Always Love You<\/i>, interpretado por la angelical <b>Whitney Houston<\/b>, que cay\u00f3 en los infiernos durante su matrimonio con <b>Bobby Brown<\/b>. Adem\u00e1s de ellos, en este libro aparecer\u00e1n: <b>Mick Jagger<\/b> y su primera musa, <b>Marianne Faithfull<\/b>; el Verano del Amor de <b>Nico<\/b> y <b>Jim Morrison<\/b>; <b>Jane Birkin<\/b>y <b>Serge Gainsbourg<\/b>, con su chic franc\u00e9s; los siempre complicados <b>PJ Harvey<\/b> y <b>Nick Cave<\/b>? \u00edy muchas parejas (y canciones) m\u00e1s?!<\/p>\n<\/div>\n","protected":false},"featured_media":6349,"comment_status":"open","ping_status":"closed","template":"","meta":{"_monsterinsights_skip_tracking":false,"_monsterinsights_sitenote_active":false,"_monsterinsights_sitenote_note":"","_monsterinsights_sitenote_category":0,"_uf_show_specific_survey":0,"_uf_disable_surveys":false},"product_cat":[149,30],"product_tag":[],"_links":{"self":[{"href":"https:\/\/insertapr.com\/index.php?rest_route=\/wp\/v2\/product\/6348"}],"collection":[{"href":"https:\/\/insertapr.com\/index.php?rest_route=\/wp\/v2\/product"}],"about":[{"href":"https:\/\/insertapr.com\/index.php?rest_route=\/wp\/v2\/types\/product"}],"replies":[{"embeddable":true,"href":"https:\/\/insertapr.com\/index.php?rest_route=%2Fwp%2Fv2%2Fcomments&post=6348"}],"wp:featuredmedia":[{"embeddable":true,"href":"https:\/\/insertapr.com\/index.php?rest_route=\/wp\/v2\/media\/6349"}],"wp:attachment":[{"href":"https:\/\/insertapr.com\/index.php?rest_route=%2Fwp%2Fv2%2Fmedia&parent=6348"}],"wp:term":[{"taxonomy":"product_cat","embeddable":true,"href":"https:\/\/insertapr.com\/index.php?rest_route=%2Fwp%2Fv2%2Fproduct_cat&post=6348"},{"taxonomy":"product_tag","embeddable":true,"href":"https:\/\/insertapr.com\/index.php?rest_route=%2Fwp%2Fv2%2Fproduct_tag&post=6348"}],"curies":[{"name":"wp","href":"https:\/\/api.w.org\/{rel}","templated":true}]}}