{"id":6216,"date":"2025-01-12T15:32:00","date_gmt":"2025-01-12T19:32:00","guid":{"rendered":"https:\/\/insertapr.com\/?post_type=product&#038;p=6216"},"modified":"2026-03-20T11:05:09","modified_gmt":"2026-03-20T15:05:09","slug":"animales-fantasticos-y-donde-encontrarlos","status":"publish","type":"product","link":"https:\/\/insertapr.com\/?product=animales-fantasticos-y-donde-encontrarlos","title":{"rendered":"ANIMALES FANTASTICOS Y DONDE ENCONTRARLOS"},"content":{"rendered":"<div class=\"filaDetalle\">\n<div class=\"cabeceraDetalle\">EDITORIAL:SALAMANDRA INFANTIL Y JUVENIL\u00a0<b>\u00a0<\/b><\/div>\n<\/div>\n<div class=\"filaDetalle\">\n<div class=\"cabeceraDetalle\">ISBN:9788498388237<\/div>\n<\/div>\n<div class=\"filaDetalle\">\n<div class=\"cabeceraDetalle\">COLECCI\u00d3N:UN LIBRO DE LA BIBLIOTECA DE HOGWARTS<\/div>\n<\/div>\n<div class=\"filaDetalle\">\n<div class=\"cabeceraDetalle\">IDIOMA:CASTELLANO<\/div>\n<\/div>\n<div class=\"filaDetalle\">\n<div class=\"cabeceraDetalle\">Fecha de edici\u00f3n:07-11-2017<\/div>\n<\/div>\n<div class=\"filaDetalle\">\n<div class=\"cabeceraDetalle\">Materia:<a title=\"Pulse en esta materia y ver\u00e1 todos los art\u00edculos de la misma\">FANTASIA<\/a><\/div>\n<\/div>\n","protected":false},"excerpt":{"rendered":"<p><a>ROWLING,\u00a0 J. K.<\/a><\/p>\n<p>Explora las maravillas del mundo m\u00e1gico con este suntuoso compendio de animales fant\u00e1sticos, una obra del c\u00e9lebre magizo\u00f3logo Newt Scamander.<\/p>\n","protected":false},"featured_media":6217,"comment_status":"open","ping_status":"closed","template":"","meta":{"_monsterinsights_skip_tracking":false,"_monsterinsights_sitenote_active":false,"_monsterinsights_sitenote_note":"","_monsterinsights_sitenote_category":0,"_uf_show_specific_survey":0,"_uf_disable_surveys":false},"product_cat":[46,149,30],"product_tag":[],"_links":{"self":[{"href":"https:\/\/insertapr.com\/index.php?rest_route=\/wp\/v2\/product\/6216"}],"collection":[{"href":"https:\/\/insertapr.com\/index.php?rest_route=\/wp\/v2\/product"}],"about":[{"href":"https:\/\/insertapr.com\/index.php?rest_route=\/wp\/v2\/types\/product"}],"replies":[{"embeddable":true,"href":"https:\/\/insertapr.com\/index.php?rest_route=%2Fwp%2Fv2%2Fcomments&post=6216"}],"wp:featuredmedia":[{"embeddable":true,"href":"https:\/\/insertapr.com\/index.php?rest_route=\/wp\/v2\/media\/6217"}],"wp:attachment":[{"href":"https:\/\/insertapr.com\/index.php?rest_route=%2Fwp%2Fv2%2Fmedia&parent=6216"}],"wp:term":[{"taxonomy":"product_cat","embeddable":true,"href":"https:\/\/insertapr.com\/index.php?rest_route=%2Fwp%2Fv2%2Fproduct_cat&post=6216"},{"taxonomy":"product_tag","embeddable":true,"href":"https:\/\/insertapr.com\/index.php?rest_route=%2Fwp%2Fv2%2Fproduct_tag&post=6216"}],"curies":[{"name":"wp","href":"https:\/\/api.w.org\/{rel}","templated":true}]}}