{"id":6144,"date":"2025-01-04T18:45:25","date_gmt":"2025-01-04T22:45:25","guid":{"rendered":"https:\/\/insertapr.com\/?post_type=product&#038;p=6144"},"modified":"2026-03-20T11:05:28","modified_gmt":"2026-03-20T15:05:28","slug":"como-el-rey-de-elfhame-aprendio-a-odiar-las-historias-2","status":"publish","type":"product","link":"https:\/\/insertapr.com\/?product=como-el-rey-de-elfhame-aprendio-a-odiar-las-historias-2","title":{"rendered":"COMO EL REY DE ELFHAME APRENDIO A ODIAR LAS HISTORIAS"},"content":{"rendered":"<div class=\"filaDetalle\">\n<div class=\"cabeceraDetalle\">EDITORIAL:HIDRA,EDITORIAL<\/div>\n<\/div>\n<div class=\"filaDetalle\">\n<div class=\"cabeceraDetalle\">ISBN:9788418002649<\/div>\n<\/div>\n<div class=\"filaDetalle\">\n<div class=\"cabeceraDetalle\">COLECCI\u00d3N:LOS HABITANTES DEL AIRE<\/div>\n<\/div>\n<div class=\"filaDetalle\">\n<div class=\"cabeceraDetalle\">IDIOMA:CASTELLANO<\/div>\n<\/div>\n<div class=\"filaDetalle\">\n<div class=\"cabeceraDetalle\">Fecha de edici\u00f3n:01-01-2020<\/div>\n<\/div>\n<div class=\"filaDetalle\">\n<div class=\"cabeceraDetalle\">Materia:<a title=\"Pulse en esta materia y ver\u00e1 todos los art\u00edculos de la misma\">FANTASIA<\/a><\/div>\n<\/div>\n","protected":false},"excerpt":{"rendered":"<p><a>BLACK,\u00a0HOLLY<\/a><\/p>\n<p>Antes de ser un pr\u00edncipe cruel o un rey malvado, Cardan fue un joven fe\u00e9rico con un coraz\u00f3n de piedra.<\/p>\n<p>Holly Black, la autora superventas n\u00famero 1 del New York Times, nos ofrece una visi\u00f3n m\u00e1s profunda de la dram\u00e1tica vida del enigm\u00e1tico rey supremo de Elfhame, Cardan. Esta historia incluye suculentos detalles de su vida antes de El pr\u00edncipe cruel y una aventura m\u00e1s all\u00e1 de La reina de nada, adem\u00e1s de momentos \u00edntimos, vividos a lo largo de la saga Los habitantes del aire, contados desde la perspectiva de Cardan.<\/p>\n<p>Esta nueva entrega de la saga Los habitantes del aire nos permite experimentar de nuevo el romance, el humor, el peligro y las sensaciones que han enganchado a lectores de todo el mundo. Cada cap\u00edtulo cuenta con ilustraciones a todo color que convierten a este libro en un objeto de coleccionista perfecto tanto para fans como para nuevos lectores que quieran descubrir la saga.<\/p>\n<p>EDICI\u00d3N ESPECIAL EN TAPA DURA CON SOBRECUBIERTA E ILUSTRACIONES INTERIORES A COLOR.<\/p>\n","protected":false},"featured_media":6145,"comment_status":"open","ping_status":"closed","template":"","meta":{"_monsterinsights_skip_tracking":false,"_monsterinsights_sitenote_active":false,"_monsterinsights_sitenote_note":"","_monsterinsights_sitenote_category":0,"_uf_show_specific_survey":0,"_uf_disable_surveys":false},"product_cat":[46,149,30],"product_tag":[],"_links":{"self":[{"href":"https:\/\/insertapr.com\/index.php?rest_route=\/wp\/v2\/product\/6144"}],"collection":[{"href":"https:\/\/insertapr.com\/index.php?rest_route=\/wp\/v2\/product"}],"about":[{"href":"https:\/\/insertapr.com\/index.php?rest_route=\/wp\/v2\/types\/product"}],"replies":[{"embeddable":true,"href":"https:\/\/insertapr.com\/index.php?rest_route=%2Fwp%2Fv2%2Fcomments&post=6144"}],"wp:featuredmedia":[{"embeddable":true,"href":"https:\/\/insertapr.com\/index.php?rest_route=\/wp\/v2\/media\/6145"}],"wp:attachment":[{"href":"https:\/\/insertapr.com\/index.php?rest_route=%2Fwp%2Fv2%2Fmedia&parent=6144"}],"wp:term":[{"taxonomy":"product_cat","embeddable":true,"href":"https:\/\/insertapr.com\/index.php?rest_route=%2Fwp%2Fv2%2Fproduct_cat&post=6144"},{"taxonomy":"product_tag","embeddable":true,"href":"https:\/\/insertapr.com\/index.php?rest_route=%2Fwp%2Fv2%2Fproduct_tag&post=6144"}],"curies":[{"name":"wp","href":"https:\/\/api.w.org\/{rel}","templated":true}]}}