{"id":5973,"date":"2024-12-09T16:02:04","date_gmt":"2024-12-09T20:02:04","guid":{"rendered":"https:\/\/insertapr.com\/?post_type=product&#038;p=5973"},"modified":"2025-12-24T14:06:41","modified_gmt":"2025-12-24T18:06:41","slug":"reto-de-21-dias-para-escritores","status":"publish","type":"product","link":"https:\/\/insertapr.com\/?product=reto-de-21-dias-para-escritores","title":{"rendered":"21 d\u00edas &#8211; Reto para Escritores"},"content":{"rendered":"","protected":false},"excerpt":{"rendered":"<p>\ud83c\udf89 \u00a1Descarga gratis este reto para escritores! \u270d\ufe0f<\/p>\n<p>\u00bfTe sientes desanimado como escritor? \u00bfDudas si tus historias importan o si alguien las leer\u00e1? Esta gu\u00eda de 21 d\u00edas est\u00e1 dise\u00f1ada especialmente para ti.<\/p>\n<p>\ud83c\udf1f Qu\u00e9 encontrar\u00e1s:<br \/>\n&#8211; Actividades diarias para reconectar con tu creatividad.<br \/>\n&#8211; Ejercicios pr\u00e1cticos que te ayudar\u00e1n a superar bloqueos y dudas.<br \/>\n&#8211; Un espacio para redescubrir la magia de contar historias.<\/p>\n<p>\ud83d\udca1 Ideal para escritores de todos los niveles: Tanto si est\u00e1s comenzando como si llevas a\u00f1os escribiendo.<\/p>\n<p><strong>Importante:<\/strong> Cuando llegues al<strong> D\u00eda 18<\/strong>, si deseas compartir tus avances, reflexiones o simplemente conectar con otros escritores que est\u00e1n haciendo el reto, te invito a unirte a mi chat en Instagram. Ser\u00e1 un espacio para apoyarnos mutuamente, resolver dudas y celebrar tus logros. \u00a1Estar\u00e9 feliz de recibirte! \ud83d\udcac\u2728<br \/>\nEntra <a href=\"https:\/\/ig.me\/j\/AbYxKm0MzOOW9O-G\/\">aqu\u00ed<\/a>.<\/p>\n","protected":false},"featured_media":5974,"comment_status":"open","ping_status":"closed","template":"","meta":{"_monsterinsights_skip_tracking":false,"_monsterinsights_sitenote_active":false,"_monsterinsights_sitenote_note":"","_monsterinsights_sitenote_category":0,"_uf_show_specific_survey":0,"_uf_disable_surveys":false},"product_cat":[45],"product_tag":[],"_links":{"self":[{"href":"https:\/\/insertapr.com\/index.php?rest_route=\/wp\/v2\/product\/5973"}],"collection":[{"href":"https:\/\/insertapr.com\/index.php?rest_route=\/wp\/v2\/product"}],"about":[{"href":"https:\/\/insertapr.com\/index.php?rest_route=\/wp\/v2\/types\/product"}],"replies":[{"embeddable":true,"href":"https:\/\/insertapr.com\/index.php?rest_route=%2Fwp%2Fv2%2Fcomments&post=5973"}],"wp:featuredmedia":[{"embeddable":true,"href":"https:\/\/insertapr.com\/index.php?rest_route=\/wp\/v2\/media\/5974"}],"wp:attachment":[{"href":"https:\/\/insertapr.com\/index.php?rest_route=%2Fwp%2Fv2%2Fmedia&parent=5973"}],"wp:term":[{"taxonomy":"product_cat","embeddable":true,"href":"https:\/\/insertapr.com\/index.php?rest_route=%2Fwp%2Fv2%2Fproduct_cat&post=5973"},{"taxonomy":"product_tag","embeddable":true,"href":"https:\/\/insertapr.com\/index.php?rest_route=%2Fwp%2Fv2%2Fproduct_tag&post=5973"}],"curies":[{"name":"wp","href":"https:\/\/api.w.org\/{rel}","templated":true}]}}