{"id":5910,"date":"2024-11-28T14:56:49","date_gmt":"2024-11-28T18:56:49","guid":{"rendered":"https:\/\/insertapr.com\/?post_type=product&#038;p=5910"},"modified":"2025-08-23T21:41:11","modified_gmt":"2025-08-24T01:41:11","slug":"cuando-no-queden-mas-estrellas-que-contar-edicion-especial","status":"publish","type":"product","link":"https:\/\/insertapr.com\/?product=cuando-no-queden-mas-estrellas-que-contar-edicion-especial","title":{"rendered":"CUANDO NO QUEDEN MAS ESTRELLAS QUE CONTAR EDICION ESPECIAL"},"content":{"rendered":"<div class=\"filaDetalle\">\n<div class=\"cabeceraDetalle\">EDITORIAL:CROSS BOOKS\u00a0<b>\u00a0<\/b><\/div>\n<\/div>\n<div class=\"filaDetalle\">\n<div class=\"cabeceraDetalle\">ISBN:9788408292647<\/div>\n<\/div>\n<div class=\"filaDetalle\">\n<div class=\"cabeceraDetalle\">COLECCI\u00d3N:FICCION<\/div>\n<\/div>\n<div class=\"filaDetalle\">\n<div class=\"cabeceraDetalle\">IDIOMA:CASTELLANO<\/div>\n<\/div>\n<div class=\"filaDetalle\">\n<div class=\"cabeceraDetalle\">Fecha de edici\u00f3n:16-10-2024<\/div>\n<\/div>\n","protected":false},"excerpt":{"rendered":"<p><a>MARTINEZ,\u00a0 MARIA<\/a><\/p>\n<p><strong>\u00a1Ll\u00e9vate el \u00e9xito de ventas de Mar\u00eda Mart\u00ednez en una edici\u00f3n especial, que incluye cap\u00edtulos extra desde el punto de vista de Lucas!<\/strong><\/p>\n<p><b>\u00bfC\u00f3mo se ignora lo que late en tu interior?<\/b><\/p>\n<p><b>\u00bfC\u00f3mo se recupera el rumbo de una vida trazada por una mentira?\u00e1 <\/b><\/p>\n<p>Desde muy peque\u00f1a,<b> Maya se ha sacrificado<\/b> en cuerpo y alma por el ballet. Trabaja como solista en la Compa\u00f1\u00eda Nacional de Danza y los ballets m\u00e1s prestigiosos han puesto sus ojos en ella. Sin embargo, <b>un grave accidente acaba con su futuro <\/b>prometedor.<\/p>\n<p>El \u00fanico mundo que Maya conoce se ha derrumbado.<\/p>\n<p>Su abuela, que ha guiado cada uno de sus pasos, la culpa por lo sucedido.<\/p>\n<p>La ausencia de su madre pesa m\u00e1s que nunca.<\/p>\n<p>Y <b>un hallazgo fortuito<\/b> abrir\u00e1 una profunda herida.<\/p>\n<p><b>Un viaje inesperado, una chica incompleta y una verdad escondida en una caja de m\u00fasica.<\/b><\/p>\n","protected":false},"featured_media":5911,"comment_status":"open","ping_status":"closed","template":"","meta":{"_monsterinsights_skip_tracking":false,"_monsterinsights_sitenote_active":false,"_monsterinsights_sitenote_note":"","_monsterinsights_sitenote_category":0,"_uf_show_specific_survey":0,"_uf_disable_surveys":false},"product_cat":[30,25],"product_tag":[],"_links":{"self":[{"href":"https:\/\/insertapr.com\/index.php?rest_route=\/wp\/v2\/product\/5910"}],"collection":[{"href":"https:\/\/insertapr.com\/index.php?rest_route=\/wp\/v2\/product"}],"about":[{"href":"https:\/\/insertapr.com\/index.php?rest_route=\/wp\/v2\/types\/product"}],"replies":[{"embeddable":true,"href":"https:\/\/insertapr.com\/index.php?rest_route=%2Fwp%2Fv2%2Fcomments&post=5910"}],"wp:featuredmedia":[{"embeddable":true,"href":"https:\/\/insertapr.com\/index.php?rest_route=\/wp\/v2\/media\/5911"}],"wp:attachment":[{"href":"https:\/\/insertapr.com\/index.php?rest_route=%2Fwp%2Fv2%2Fmedia&parent=5910"}],"wp:term":[{"taxonomy":"product_cat","embeddable":true,"href":"https:\/\/insertapr.com\/index.php?rest_route=%2Fwp%2Fv2%2Fproduct_cat&post=5910"},{"taxonomy":"product_tag","embeddable":true,"href":"https:\/\/insertapr.com\/index.php?rest_route=%2Fwp%2Fv2%2Fproduct_tag&post=5910"}],"curies":[{"name":"wp","href":"https:\/\/api.w.org\/{rel}","templated":true}]}}