{"id":5501,"date":"2024-10-23T13:47:00","date_gmt":"2024-10-23T17:47:00","guid":{"rendered":"https:\/\/insertapr.com\/?post_type=product&#038;p=5501"},"modified":"2025-11-29T00:22:29","modified_gmt":"2025-11-29T04:22:29","slug":"uglies-traicion-traicion-1","status":"publish","type":"product","link":"https:\/\/insertapr.com\/?product=uglies-traicion-traicion-1","title":{"rendered":"UGLIES TRAICION TRAICION 1"},"content":{"rendered":"<div class=\"filaDetalle\">\n<div class=\"cabeceraDetalle\">EDITORIAL:MONTENA\u00a0<b>\u00a0<\/b><\/div>\n<\/div>\n<div class=\"filaDetalle\">\n<div class=\"cabeceraDetalle\">ISBN:9788410298811<\/div>\n<\/div>\n<div class=\"filaDetalle\">\n<div class=\"cabeceraDetalle\">COLECCI\u00d3N:INFINITA PLUS<\/div>\n<\/div>\n<div class=\"filaDetalle\">\n<div class=\"cabeceraDetalle\">IDIOMA:CASTELLANO<\/div>\n<\/div>\n<div class=\"filaDetalle\">\n<div class=\"cabeceraDetalle\">Fecha de edici\u00f3n:19-09-2024<\/div>\n<\/div>\n<div class=\"filaDetalle\">\n<div class=\"cabeceraDetalle\">Materia:<a title=\"Pulse en esta materia y ver\u00e1 todos los art\u00edculos de la misma\">CIENCIA FICCION (UVENIL)<\/a><\/div>\n<\/div>\n","protected":false},"excerpt":{"rendered":"<p><a>SCOTT WESTERFELD<\/a><\/p>\n<p><b>Si te gustaron LOS JUEGOS DEL HAMBRE, no puedes perderte <i>Traici\u00f3n<\/i>, primera parte de una emocionante serie.<\/b><\/p>\n<p><b>EL LIBRO EN EL QUE SE BASA LA NUEVA PEL\u00cdCULA DE NETFLIX: <i>LOS FEOS.<\/i><\/b><\/p>\n<p><b>Solo hay un camino: la rebeli\u00f3n.<\/b><\/p>\n<p>Como todos los chicos de su edad, Tally est\u00e1 impaciente por cumplir los 16 a\u00f1os, porque entonces las autoridades la someter\u00e1n a una operaci\u00f3n est\u00e9tica para convertirla en perfecta. Pero, justo antes de su cumplea\u00f1os, su mejor amiga, Shay, huye para unirse a la resistencia, un grupo de imperfectos que viven en una ciudad secreta.<\/p>\n<p>Entonces las autoridades le ofrecen a Tally la peor de las disyuntivas: o ir en busca de Shay y devolverla al mundo civilizado o permanecer imperfecta para siempre&#8230;<\/p>\n<p><b>Rese\u00f1a:<\/b><br \/>\n\u00abNunca me cansar\u00e9 de recomendarla\u00bb.<br \/>\nStephenie Meyer, autora de <i>Crep\u00fasculo<\/i><\/p>\n","protected":false},"featured_media":5502,"comment_status":"open","ping_status":"closed","template":"","meta":{"_monsterinsights_skip_tracking":false,"_monsterinsights_sitenote_active":false,"_monsterinsights_sitenote_note":"","_monsterinsights_sitenote_category":0,"_uf_show_specific_survey":0,"_uf_disable_surveys":false},"product_cat":[58,129,30],"product_tag":[],"_links":{"self":[{"href":"https:\/\/insertapr.com\/index.php?rest_route=\/wp\/v2\/product\/5501"}],"collection":[{"href":"https:\/\/insertapr.com\/index.php?rest_route=\/wp\/v2\/product"}],"about":[{"href":"https:\/\/insertapr.com\/index.php?rest_route=\/wp\/v2\/types\/product"}],"replies":[{"embeddable":true,"href":"https:\/\/insertapr.com\/index.php?rest_route=%2Fwp%2Fv2%2Fcomments&post=5501"}],"wp:featuredmedia":[{"embeddable":true,"href":"https:\/\/insertapr.com\/index.php?rest_route=\/wp\/v2\/media\/5502"}],"wp:attachment":[{"href":"https:\/\/insertapr.com\/index.php?rest_route=%2Fwp%2Fv2%2Fmedia&parent=5501"}],"wp:term":[{"taxonomy":"product_cat","embeddable":true,"href":"https:\/\/insertapr.com\/index.php?rest_route=%2Fwp%2Fv2%2Fproduct_cat&post=5501"},{"taxonomy":"product_tag","embeddable":true,"href":"https:\/\/insertapr.com\/index.php?rest_route=%2Fwp%2Fv2%2Fproduct_tag&post=5501"}],"curies":[{"name":"wp","href":"https:\/\/api.w.org\/{rel}","templated":true}]}}