{"id":5297,"date":"2024-09-23T19:19:14","date_gmt":"2024-09-23T23:19:14","guid":{"rendered":"https:\/\/insertapr.com\/?post_type=product&#038;p=5297"},"modified":"2026-03-20T11:06:00","modified_gmt":"2026-03-20T15:06:00","slug":"min-sin-miedo","status":"publish","type":"product","link":"https:\/\/insertapr.com\/?product=min-sin-miedo","title":{"rendered":"MIN SIN MIEDO"},"content":{"rendered":"","protected":false},"excerpt":{"rendered":"<p><a>CASTRILLON,\u00a0MELISSA<\/a><\/p>\n<p>Nunca eres demasiado peque\u00f1a para ser valiente! Min sue\u00f1a con ser tan fuerte e intr\u00e9pida como sus t\u00edas, pero est\u00e1 segura de que eso nunca pasar\u00e1. Sin embargo, una noche, un b\u00faho se la lleva a vivir una extraordinaria aventura&#8230;<\/p>\n","protected":false},"featured_media":5298,"comment_status":"open","ping_status":"closed","template":"","meta":{"_monsterinsights_skip_tracking":false,"_monsterinsights_sitenote_active":false,"_monsterinsights_sitenote_note":"","_monsterinsights_sitenote_category":0,"_uf_show_specific_survey":0,"_uf_disable_surveys":false},"product_cat":[149,30,126],"product_tag":[],"_links":{"self":[{"href":"https:\/\/insertapr.com\/index.php?rest_route=\/wp\/v2\/product\/5297"}],"collection":[{"href":"https:\/\/insertapr.com\/index.php?rest_route=\/wp\/v2\/product"}],"about":[{"href":"https:\/\/insertapr.com\/index.php?rest_route=\/wp\/v2\/types\/product"}],"replies":[{"embeddable":true,"href":"https:\/\/insertapr.com\/index.php?rest_route=%2Fwp%2Fv2%2Fcomments&post=5297"}],"wp:featuredmedia":[{"embeddable":true,"href":"https:\/\/insertapr.com\/index.php?rest_route=\/wp\/v2\/media\/5298"}],"wp:attachment":[{"href":"https:\/\/insertapr.com\/index.php?rest_route=%2Fwp%2Fv2%2Fmedia&parent=5297"}],"wp:term":[{"taxonomy":"product_cat","embeddable":true,"href":"https:\/\/insertapr.com\/index.php?rest_route=%2Fwp%2Fv2%2Fproduct_cat&post=5297"},{"taxonomy":"product_tag","embeddable":true,"href":"https:\/\/insertapr.com\/index.php?rest_route=%2Fwp%2Fv2%2Fproduct_tag&post=5297"}],"curies":[{"name":"wp","href":"https:\/\/api.w.org\/{rel}","templated":true}]}}