{"id":5233,"date":"2024-09-19T09:38:27","date_gmt":"2024-09-19T13:38:27","guid":{"rendered":"https:\/\/insertapr.com\/?post_type=product&#038;p=5233"},"modified":"2026-03-08T11:40:01","modified_gmt":"2026-03-08T15:40:01","slug":"el-castillo-ambulante","status":"publish","type":"product","link":"https:\/\/insertapr.com\/?product=el-castillo-ambulante","title":{"rendered":"EL CASTILLO AMBULANTE"},"content":{"rendered":"<div class=\"filaDetalle\">\n<div class=\"cabeceraDetalle\">EDITORIAL:NOCTURNA\u00a0<b>\u00a0<\/b><\/div>\n<\/div>\n<div class=\"filaDetalle\">\n<div class=\"cabeceraDetalle\">ISBN:9788416858781<\/div>\n<\/div>\n<div class=\"filaDetalle\">\n<div class=\"cabeceraDetalle\">COLECCI\u00d3N:LITERATURA MAGICA<\/div>\n<\/div>\n<div class=\"filaDetalle\">\n<div class=\"cabeceraDetalle\">IDIOMA:CASTELLANO<\/div>\n<\/div>\n<div class=\"filaDetalle\">\n<div class=\"cabeceraDetalle\">Fecha de edici\u00f3n:19-11-2018<\/div>\n<\/div>\n<div class=\"filaDetalle\">\n<div class=\"cabeceraDetalle\">Materia:<a title=\"Pulse en esta materia y ver\u00e1 todos los art\u00edculos de la misma\">FANTASIA<\/a><br \/>\n<a title=\"Pulse en esta materia y ver\u00e1 todos los art\u00edculos de la misma\">FICCION GENERAL (INFANTIL\/JUVENIL)<\/a><\/div>\n<\/div>\n","protected":false},"excerpt":{"rendered":"<p><a>JONES,\u00a0DIANA WYNNE<\/a><\/p>\n<p>En el pa\u00eds de Ingary, donde existen cosas como las botas de siete leguas o las capas de invisibilidad, que una bruja te maldiga no es algo inusual. Cuando la Bruja del P\u00e1ramo convierte a Sophie Hatter en una anciana, la joven abandona la sombrerer\u00eda familiar para pedir ayuda en el \u00fanico lugar m\u00e1gico que se le ocurre: el castillo ambulante que atemoriza a los habitantes de Market Chipping. Pues dentro no s\u00f3lo se halla un demonio del fuego, sino tambi\u00e9n el perverso mago Howl, tan diestro en realizar hechizos como en robar los corazones de las damas.<br \/>\nDesde su publicaci\u00f3n, El castillo ambulante no ha dejado de reeditarse en todo el mundo y ya est\u00e1 considerado uno de los cl\u00e1sicos modernos de la literatura fant\u00e1stica. En 2004 fue llevado al cine en una adaptaci\u00f3n dirigida por Hayao Miyazaki y producida por Studio Ghibli que result\u00f3 nominada al Oscar. Esta nueva edici\u00f3n incluye una entrevista a Diana Wynne Jones, detalles ilustrados y una nueva traducci\u00f3n.<\/p>\n<p>\u00abDiana Wynne Jones es, sencillamente, la mejor escritora de libros de magia para lectores de todas las edades\u00bb. NEIL GAIMAN<\/p>\n","protected":false},"featured_media":5234,"comment_status":"open","ping_status":"closed","template":"","meta":{"_monsterinsights_skip_tracking":false,"_monsterinsights_sitenote_active":false,"_monsterinsights_sitenote_note":"","_monsterinsights_sitenote_category":0,"_uf_show_specific_survey":0,"_uf_disable_surveys":false},"product_cat":[46,129,30],"product_tag":[],"_links":{"self":[{"href":"https:\/\/insertapr.com\/index.php?rest_route=\/wp\/v2\/product\/5233"}],"collection":[{"href":"https:\/\/insertapr.com\/index.php?rest_route=\/wp\/v2\/product"}],"about":[{"href":"https:\/\/insertapr.com\/index.php?rest_route=\/wp\/v2\/types\/product"}],"replies":[{"embeddable":true,"href":"https:\/\/insertapr.com\/index.php?rest_route=%2Fwp%2Fv2%2Fcomments&post=5233"}],"wp:featuredmedia":[{"embeddable":true,"href":"https:\/\/insertapr.com\/index.php?rest_route=\/wp\/v2\/media\/5234"}],"wp:attachment":[{"href":"https:\/\/insertapr.com\/index.php?rest_route=%2Fwp%2Fv2%2Fmedia&parent=5233"}],"wp:term":[{"taxonomy":"product_cat","embeddable":true,"href":"https:\/\/insertapr.com\/index.php?rest_route=%2Fwp%2Fv2%2Fproduct_cat&post=5233"},{"taxonomy":"product_tag","embeddable":true,"href":"https:\/\/insertapr.com\/index.php?rest_route=%2Fwp%2Fv2%2Fproduct_tag&post=5233"}],"curies":[{"name":"wp","href":"https:\/\/api.w.org\/{rel}","templated":true}]}}