{"id":5167,"date":"2024-09-03T09:03:35","date_gmt":"2024-09-03T13:03:35","guid":{"rendered":"https:\/\/insertapr.com\/?post_type=product&#038;p=5167"},"modified":"2026-03-04T11:37:02","modified_gmt":"2026-03-04T15:37:02","slug":"ruisenor","status":"publish","type":"product","link":"https:\/\/insertapr.com\/?product=ruisenor","title":{"rendered":"RUISE\u00d1OR"},"content":{"rendered":"<div class=\"filaDetalle\">\n<div class=\"cabeceraDetalle\">EDITORIAL:EDELVIVES\u00a0<b>\u00a0<\/b><\/div>\n<\/div>\n<div class=\"filaDetalle\">\n<div class=\"cabeceraDetalle\">ISBN:9788426385017<\/div>\n<\/div>\n<div class=\"filaDetalle\">\n<div class=\"cabeceraDetalle\">COLECCI\u00d3N:ALBUMES<\/div>\n<\/div>\n<div class=\"filaDetalle\">\n<div class=\"cabeceraDetalle\">IDIOMA:CASTELLANO<\/div>\n<\/div>\n<div class=\"filaDetalle\">\n<div class=\"cabeceraDetalle\">Fecha de edici\u00f3n:01-04-2012<\/div>\n<\/div>\n<div class=\"filaDetalle\">\n<div class=\"cabeceraDetalle\">Materia:<a title=\"Pulse en esta materia y ver\u00e1 todos los art\u00edculos de la misma\">INFANTIL Y JUVENIL: NO FICCION GENERAL<\/a><\/div>\n<\/div>\n","protected":false},"excerpt":{"rendered":"<p><a>LACOMBE,\u00a0BENJAMIN<\/a>\/ <a>PEREZ,\u00a0SEBASTIAN<\/a><\/p>\n<div class=\"sinopsis\">\n<p>Uno por uno, los ni\u00f1os del campamento van recibiendo un misterioso poema que los describe. Don Jacobo, el intendente, re\u00fane todas las notas, y comienza as\u00ed una divertida investigaci\u00f3n para descubrir qui\u00e9n es ese autor que tan bien parece conocerlos. En los a\u00f1os 50, un joven t\u00edmido e invisible a los ojos del mundo lucha por hacerse ver y encontrar un lugar entre sus compa\u00f1eros.<\/p>\n<\/div>\n<div class=\"articulosRelacionados\"><\/div>\n","protected":false},"featured_media":5168,"comment_status":"open","ping_status":"closed","template":"","meta":{"_monsterinsights_skip_tracking":false,"_monsterinsights_sitenote_active":false,"_monsterinsights_sitenote_note":"","_monsterinsights_sitenote_category":0,"_uf_show_specific_survey":0,"_uf_disable_surveys":false},"product_cat":[149,30,126],"product_tag":[],"_links":{"self":[{"href":"https:\/\/insertapr.com\/index.php?rest_route=\/wp\/v2\/product\/5167"}],"collection":[{"href":"https:\/\/insertapr.com\/index.php?rest_route=\/wp\/v2\/product"}],"about":[{"href":"https:\/\/insertapr.com\/index.php?rest_route=\/wp\/v2\/types\/product"}],"replies":[{"embeddable":true,"href":"https:\/\/insertapr.com\/index.php?rest_route=%2Fwp%2Fv2%2Fcomments&post=5167"}],"wp:featuredmedia":[{"embeddable":true,"href":"https:\/\/insertapr.com\/index.php?rest_route=\/wp\/v2\/media\/5168"}],"wp:attachment":[{"href":"https:\/\/insertapr.com\/index.php?rest_route=%2Fwp%2Fv2%2Fmedia&parent=5167"}],"wp:term":[{"taxonomy":"product_cat","embeddable":true,"href":"https:\/\/insertapr.com\/index.php?rest_route=%2Fwp%2Fv2%2Fproduct_cat&post=5167"},{"taxonomy":"product_tag","embeddable":true,"href":"https:\/\/insertapr.com\/index.php?rest_route=%2Fwp%2Fv2%2Fproduct_tag&post=5167"}],"curies":[{"name":"wp","href":"https:\/\/api.w.org\/{rel}","templated":true}]}}