{"id":5151,"date":"2024-09-03T08:23:55","date_gmt":"2024-09-03T12:23:55","guid":{"rendered":"https:\/\/insertapr.com\/?post_type=product&#038;p=5151"},"modified":"2026-03-20T11:06:12","modified_gmt":"2026-03-20T15:06:12","slug":"el-maestro-de-azucar","status":"publish","type":"product","link":"https:\/\/insertapr.com\/?product=el-maestro-de-azucar","title":{"rendered":"EL MAESTRO DE AZUCAR"},"content":{"rendered":"<div class=\"filaDetalle\">\n<div class=\"cabeceraDetalle\">EDITORIAL:PLANETA<\/div>\n<\/div>\n<div class=\"filaDetalle\">\n<div class=\"cabeceraDetalle\">ISBN:9788408282358<\/div>\n<\/div>\n<div class=\"filaDetalle\">\n<div class=\"cabeceraDetalle\">COLECCI\u00d3N:AUTORES ESPA\u00d1OLES E IBEROAMERICANOS<\/div>\n<\/div>\n<div class=\"filaDetalle\">\n<div class=\"cabeceraDetalle\">IDIOMA:CASTELLANO<\/div>\n<\/div>\n<div class=\"filaDetalle\">\n<div class=\"cabeceraDetalle\">Fecha de edici\u00f3n:17-01-2024<\/div>\n<\/div>\n<div class=\"filaDetalle\">\n<div class=\"cabeceraDetalle\">Materia:<a title=\"Pulse en esta materia y ver\u00e1 todos los art\u00edculos de la misma\">FICCION HISTORICA<\/a><\/div>\n<\/div>\n","protected":false},"excerpt":{"rendered":"<p><a>MAYTE UCEDA<\/a><\/p>\n<p><strong>Dos j\u00f3venes unidas por el mismo destino, que emigran por amor y lealtad a la familia. Una isla ex\u00f3tica que oculta bajo su luz antiguos odios y venganzas.\u00a0<\/strong><\/p>\n<p>Norte de Espa\u00f1a, 1895: dos mujeres abandonan la apacible villa de Colombres para viajar a la lejana <b>isla de Cuba<\/b>. Sus motivos no pueden ser m\u00e1s distintos.<br \/>\nMar, la hija del m\u00e9dico del pueblo, <b>emprende la traves\u00eda<\/b> siguiendo a su padre, encargado de dirigir un consultorio en una plantaci\u00f3n de az\u00facar llamada Dos Hermanos.<br \/>\nPaulina, viuda demasiado joven y de origen humilde, se ve obligada a embarcar para <b>contraer matrimonio<\/b> con el prestigioso maestro de az\u00facar de la hacienda, un hombre a quien no conoce.<br \/>\nLa primera sue\u00f1a con ser m\u00e9dico; la segunda se pregunta si ser\u00e1 feliz con su inminente esposo.<br \/>\nDos j\u00f3venes <b>unidas por el mismo destino<\/b>\u00e1que emigran por amor y lealtad a la familia. Una isla ex\u00f3tica que oculta bajo su luz <b>antiguos odios y venganzas<\/b>. Todo ello a las puertas de la Guerra Necesaria, que dar\u00e1 a Cuba su independencia.<\/p>\n","protected":false},"featured_media":5152,"comment_status":"open","ping_status":"closed","template":"","meta":{"_monsterinsights_skip_tracking":false,"_monsterinsights_sitenote_active":false,"_monsterinsights_sitenote_note":"","_monsterinsights_sitenote_category":0,"_uf_show_specific_survey":0,"_uf_disable_surveys":false},"product_cat":[58,30],"product_tag":[],"_links":{"self":[{"href":"https:\/\/insertapr.com\/index.php?rest_route=\/wp\/v2\/product\/5151"}],"collection":[{"href":"https:\/\/insertapr.com\/index.php?rest_route=\/wp\/v2\/product"}],"about":[{"href":"https:\/\/insertapr.com\/index.php?rest_route=\/wp\/v2\/types\/product"}],"replies":[{"embeddable":true,"href":"https:\/\/insertapr.com\/index.php?rest_route=%2Fwp%2Fv2%2Fcomments&post=5151"}],"wp:featuredmedia":[{"embeddable":true,"href":"https:\/\/insertapr.com\/index.php?rest_route=\/wp\/v2\/media\/5152"}],"wp:attachment":[{"href":"https:\/\/insertapr.com\/index.php?rest_route=%2Fwp%2Fv2%2Fmedia&parent=5151"}],"wp:term":[{"taxonomy":"product_cat","embeddable":true,"href":"https:\/\/insertapr.com\/index.php?rest_route=%2Fwp%2Fv2%2Fproduct_cat&post=5151"},{"taxonomy":"product_tag","embeddable":true,"href":"https:\/\/insertapr.com\/index.php?rest_route=%2Fwp%2Fv2%2Fproduct_tag&post=5151"}],"curies":[{"name":"wp","href":"https:\/\/api.w.org\/{rel}","templated":true}]}}