{"id":4873,"date":"2024-07-16T00:00:29","date_gmt":"2024-07-16T04:00:29","guid":{"rendered":"https:\/\/insertapr.com\/?post_type=product&#038;p=4873"},"modified":"2026-04-05T12:28:53","modified_gmt":"2026-04-05T16:28:53","slug":"criaturas-imposibles","status":"publish","type":"product","link":"https:\/\/insertapr.com\/?product=criaturas-imposibles","title":{"rendered":"CRIATURAS IMPOSIBLES"},"content":{"rendered":"<div class=\"filaDetalle\">\n<div class=\"cabeceraDetalle\">EDITORIAL:DESTINO INFANTIL Y JUVENIL<\/div>\n<\/div>\n<div class=\"filaDetalle\">\n<div class=\"cabeceraDetalle\">ISBN:9788408286974<\/div>\n<\/div>\n<div class=\"filaDetalle\">\n<div class=\"cabeceraDetalle\">COLECCI\u00d3N:CRIATURAS IMPOSIBLES<\/div>\n<\/div>\n<div class=\"filaDetalle\">\n<div class=\"cabeceraDetalle\">IDIOMA:CASTELLANO<\/div>\n<\/div>\n<div class=\"filaDetalle\">\n<div class=\"cabeceraDetalle\">Fecha de edici\u00f3n:12-06-2024<\/div>\n<\/div>\n<div class=\"filaDetalle\">\n<div class=\"cabeceraDetalle\">Materia:<a title=\"Pulse en esta materia y ver\u00e1 todos los art\u00edculos de la misma\">FANTASIA<\/a><br \/>\n<a title=\"Pulse en esta materia y ver\u00e1 todos los art\u00edculos de la misma\">MISTERIOS, LO SOBRENATURAL, MONSTRUOS Y SERES MITO<\/a><br \/>\n<a title=\"Pulse en esta materia y ver\u00e1 todos los art\u00edculos de la misma\">RELATOS DE AVENTURAS (INFANTIL\/JUVENIL)<\/a><\/div>\n<\/div>\n","protected":false},"excerpt":{"rendered":"<p><a>KATHERINE RUNDELL<\/a><\/p>\n<p>\u00abPrimero fue Tolkien, luego lleg\u00f3 Pullman, y ahora es el turno de Katherine Rundell.\u00bb &#8211; Michael Morpurgo<\/p>\n<p>\u00abKatherine Rundell es un fen\u00f3meno.\u00bb &#8211; Neil Gaiman<\/p>\n<p>Ganador del Premio Waterstones al Mejor Libro del A\u00f1o 2023.<\/p>\n<p>Un futuro cl\u00e1sico de la literatura fant\u00e1stica a la altura de Las Cr\u00f3nicas de Narnia o La historia interminable.<\/p>\n<p>Esta es una historia que transcurre entre dos mundos:<\/p>\n<p>El mundo real, donde nada extraordinario parece suceder,<\/p>\n<p>Y el Archipi\u00e9lago, un territorio plagado de islas donde la magia pervive y los humanos conviven con criaturas mitol\u00f3gicas como dragones, centauros, sirenas, esfinges y unicornios.<\/p>\n<p>Esta es la historia de lo que pas\u00f3 cuando Christopher atraves\u00f3 la senda entre los dos mundos.<\/p>\n<p>Y de c\u00f3mo conoci\u00f3 a Mal y emprendieron un \u00e9pico viaje para salvar la magia del Archipi\u00e9lago y a todas sus criaturas imposibles.<\/p>\n<p>HAY UN LUGAR DONDE TODO LO QUE PAREC\u00cdA IMPOSIBLE SIGUE SIENDO REALIDAD. UNA VEZ CONOZCAS EL ARCHIPI\u00c9LAGO, QUERR\u00c1S QUEDARTE ALL\u00cd PARA SIEMPRE.<\/p>\n","protected":false},"featured_media":4874,"comment_status":"open","ping_status":"closed","template":"","meta":{"_monsterinsights_skip_tracking":false,"_monsterinsights_sitenote_active":false,"_monsterinsights_sitenote_note":"","_monsterinsights_sitenote_category":0,"_uf_show_specific_survey":0,"_uf_disable_surveys":false},"product_cat":[46,129,30],"product_tag":[],"_links":{"self":[{"href":"https:\/\/insertapr.com\/index.php?rest_route=\/wp\/v2\/product\/4873"}],"collection":[{"href":"https:\/\/insertapr.com\/index.php?rest_route=\/wp\/v2\/product"}],"about":[{"href":"https:\/\/insertapr.com\/index.php?rest_route=\/wp\/v2\/types\/product"}],"replies":[{"embeddable":true,"href":"https:\/\/insertapr.com\/index.php?rest_route=%2Fwp%2Fv2%2Fcomments&post=4873"}],"wp:featuredmedia":[{"embeddable":true,"href":"https:\/\/insertapr.com\/index.php?rest_route=\/wp\/v2\/media\/4874"}],"wp:attachment":[{"href":"https:\/\/insertapr.com\/index.php?rest_route=%2Fwp%2Fv2%2Fmedia&parent=4873"}],"wp:term":[{"taxonomy":"product_cat","embeddable":true,"href":"https:\/\/insertapr.com\/index.php?rest_route=%2Fwp%2Fv2%2Fproduct_cat&post=4873"},{"taxonomy":"product_tag","embeddable":true,"href":"https:\/\/insertapr.com\/index.php?rest_route=%2Fwp%2Fv2%2Fproduct_tag&post=4873"}],"curies":[{"name":"wp","href":"https:\/\/api.w.org\/{rel}","templated":true}]}}