{"id":4832,"date":"2024-06-17T11:25:48","date_gmt":"2024-06-17T15:25:48","guid":{"rendered":"https:\/\/insertapr.com\/?post_type=product&#038;p=4832"},"modified":"2025-04-30T11:08:33","modified_gmt":"2025-04-30T15:08:33","slug":"funda-m-boton-olas-de-junio","status":"publish","type":"product","link":"https:\/\/insertapr.com\/?product=funda-m-boton-olas-de-junio","title":{"rendered":"Funda (XS) Bot\u00f3n Olas de Junio"},"content":{"rendered":"<p>&nbsp;<\/p>\n<p class=\"p1\">\n","protected":false},"excerpt":{"rendered":"<p>Nuestra exclusiva funda de libros de junio, dise\u00f1ada para proteger y darle un toque \u00fanico a tus libros favoritos.<\/p>\n<p>Fabricada con materiales de alta calidad, esta funda presenta un vibrante dise\u00f1o de olas y barquitos de papel en tonos azul marino y cobre, evocando la tranquilidad y la aventura del mar.<\/p>\n<p>Ideal para llevar tus libros a donde vayas sin preocuparte por da\u00f1os o rayaduras. Adem\u00e1s, su dise\u00f1o \u00fanico y elegante hace que sea un accesorio imprescindible para cualquier amante de la lectura.<\/p>\n<p>Funda con cierre:\u00a0Bot\u00f3n negro<\/p>\n<p>Tela de algod\u00f3n<\/p>\n<p>Tama\u00f1o: 6.5&#8243; x 8&#8243;<\/p>\n","protected":false},"featured_media":4833,"comment_status":"open","ping_status":"closed","template":"","meta":{"_monsterinsights_skip_tracking":false,"_monsterinsights_sitenote_active":false,"_monsterinsights_sitenote_note":"","_monsterinsights_sitenote_category":0,"_uf_show_specific_survey":0,"_uf_disable_surveys":false},"product_cat":[122,32],"product_tag":[],"_links":{"self":[{"href":"https:\/\/insertapr.com\/index.php?rest_route=\/wp\/v2\/product\/4832"}],"collection":[{"href":"https:\/\/insertapr.com\/index.php?rest_route=\/wp\/v2\/product"}],"about":[{"href":"https:\/\/insertapr.com\/index.php?rest_route=\/wp\/v2\/types\/product"}],"replies":[{"embeddable":true,"href":"https:\/\/insertapr.com\/index.php?rest_route=%2Fwp%2Fv2%2Fcomments&post=4832"}],"wp:featuredmedia":[{"embeddable":true,"href":"https:\/\/insertapr.com\/index.php?rest_route=\/wp\/v2\/media\/4833"}],"wp:attachment":[{"href":"https:\/\/insertapr.com\/index.php?rest_route=%2Fwp%2Fv2%2Fmedia&parent=4832"}],"wp:term":[{"taxonomy":"product_cat","embeddable":true,"href":"https:\/\/insertapr.com\/index.php?rest_route=%2Fwp%2Fv2%2Fproduct_cat&post=4832"},{"taxonomy":"product_tag","embeddable":true,"href":"https:\/\/insertapr.com\/index.php?rest_route=%2Fwp%2Fv2%2Fproduct_tag&post=4832"}],"curies":[{"name":"wp","href":"https:\/\/api.w.org\/{rel}","templated":true}]}}