{"id":4829,"date":"2024-06-17T11:02:24","date_gmt":"2024-06-17T15:02:24","guid":{"rendered":"https:\/\/insertapr.com\/?post_type=product&#038;p=4829"},"modified":"2026-03-20T11:06:22","modified_gmt":"2026-03-20T15:06:22","slug":"la-lectura-del-verano","status":"publish","type":"product","link":"https:\/\/insertapr.com\/?product=la-lectura-del-verano","title":{"rendered":"LA LECTURA DEL VERANO"},"content":{"rendered":"<div class=\"filaDetalle\">\n<div class=\"cabeceraDetalle\">EDITORIAL:TITANIA\u00a0<b>\u00a0<\/b><\/div>\n<\/div>\n<div class=\"filaDetalle\">\n<div class=\"cabeceraDetalle\">ISBN:9788419131645<\/div>\n<div class=\"cabeceraDetalle\">COLECCI\u00d3N:TITANIA FRESH<\/div>\n<\/div>\n<div class=\"filaDetalle\">\n<div class=\"cabeceraDetalle\">IDIOMA:CASTELLANO<\/div>\n<\/div>\n<div class=\"filaDetalle\">\n<div class=\"cabeceraDetalle\">Fecha de edici\u00f3n:07-05-2024<\/div>\n<\/div>\n<div class=\"filaDetalle\">\n<div class=\"cabeceraDetalle\">Materia:<a title=\"Pulse en esta materia y ver\u00e1 todos los art\u00edculos de la misma\">NARRATIVA ROMANTICA<\/a><\/p>\n<\/div>\n<\/div>\n","protected":false},"excerpt":{"rendered":"<p><a>MCKINLAY,\u00a0 JENN<\/a><\/p>\n<p>Dos desconocidos. Un verano.<\/p>\n<p>Una historia de amor que no vieron venir.<\/p>\n<p>Para Samantha Gale, pasar el verano en la casa familiar de Martha&#8217;s Vineyard iba a suponer el momento perfecto para darle un nuevo impulso a su carrera como chef.<\/p>\n<p>Pero sus planes se ven truncados cuando su padre le pide que vigile a Tyler, su hermanastro adolescente. El joven cerebrito est\u00e1 participando en un curso de rob\u00f3tica que se celebra en la biblioteca de la isla, y no hay sitio que Sam, que tiene dislexia, deteste m\u00e1s. Y por si eso fuera poco, el director interino de la biblioteca resulta ser el atractivo lector a quien accidentalmente arroj\u00f3 su libro al mar mientras viajaban en ferry.<\/p>\n<p>Bennett Reynolds se ha propuesto encontrar a su padre, cuya identidad desconoce. Ha aceptado un trabajo temporal en la isla para investigar acerca del verano que su madre pas\u00f3 all\u00ed, cuando se qued\u00f3 embarazada. Lo \u00faltimo que necesita ahora es una relaci\u00f3n amorosa, pero desde el momento en que conoci\u00f3 a Sam, no puede dejar de pensar en ella.<\/p>\n<p>Cuando Ben anima a Sam a escribir el libro de cocina con el que siempre hab\u00eda so\u00f1ado, y ella se vuelca en ayudarlo a buscar a su padre, surgir\u00e1 entre ellos una atracci\u00f3n irresistible, que no har\u00e1 m\u00e1s que crecer mientras comparten la lectura de un libro y recorren la isla. Pero \u00bfpodr\u00e1 un amor de verano convertirse en un \u00abfelices para siempre\u00bb?<\/p>\n<p>\u00ab\u00a1Menuda delicia! Posee todos los elementos de una historia perfecta: una peque\u00f1a isla, una hero\u00edna luchadora pero vulnerable y un h\u00e9roe friki que me ha robado el coraz\u00f3n por completo\u00bb.<\/p>\n<p>Jennifer Probst, autora de *Our Italian Summer*<\/p>\n","protected":false},"featured_media":4830,"comment_status":"open","ping_status":"closed","template":"","meta":{"_monsterinsights_skip_tracking":false,"_monsterinsights_sitenote_active":false,"_monsterinsights_sitenote_note":"","_monsterinsights_sitenote_category":0,"_uf_show_specific_survey":0,"_uf_disable_surveys":false},"product_cat":[30,25],"product_tag":[],"_links":{"self":[{"href":"https:\/\/insertapr.com\/index.php?rest_route=\/wp\/v2\/product\/4829"}],"collection":[{"href":"https:\/\/insertapr.com\/index.php?rest_route=\/wp\/v2\/product"}],"about":[{"href":"https:\/\/insertapr.com\/index.php?rest_route=\/wp\/v2\/types\/product"}],"replies":[{"embeddable":true,"href":"https:\/\/insertapr.com\/index.php?rest_route=%2Fwp%2Fv2%2Fcomments&post=4829"}],"wp:featuredmedia":[{"embeddable":true,"href":"https:\/\/insertapr.com\/index.php?rest_route=\/wp\/v2\/media\/4830"}],"wp:attachment":[{"href":"https:\/\/insertapr.com\/index.php?rest_route=%2Fwp%2Fv2%2Fmedia&parent=4829"}],"wp:term":[{"taxonomy":"product_cat","embeddable":true,"href":"https:\/\/insertapr.com\/index.php?rest_route=%2Fwp%2Fv2%2Fproduct_cat&post=4829"},{"taxonomy":"product_tag","embeddable":true,"href":"https:\/\/insertapr.com\/index.php?rest_route=%2Fwp%2Fv2%2Fproduct_tag&post=4829"}],"curies":[{"name":"wp","href":"https:\/\/api.w.org\/{rel}","templated":true}]}}