{"id":4825,"date":"2024-06-17T10:43:49","date_gmt":"2024-06-17T14:43:49","guid":{"rendered":"https:\/\/insertapr.com\/?post_type=product&#038;p=4825"},"modified":"2024-07-21T23:10:45","modified_gmt":"2024-07-22T03:10:45","slug":"la-mujer-de-terracota","status":"publish","type":"product","link":"https:\/\/insertapr.com\/?product=la-mujer-de-terracota","title":{"rendered":"LA MUJER DE TERRACOTA"},"content":{"rendered":"<div class=\"filaDetalle\">\n<div class=\"cabeceraDetalle\">EDITORIAL:DUERMEVELA EDICIONES\u00a0<b>\u00a0<\/b><\/div>\n<\/div>\n<div class=\"filaDetalle\">\n<div class=\"cabeceraDetalle\">ISBN:9788412437508<\/div>\n<\/div>\n<div class=\"filaDetalle\">\n<div class=\"cabeceraDetalle\">COLECCI\u00d3N:FONDO<\/div>\n<\/div>\n<div class=\"filaDetalle\">\n<div class=\"cabeceraDetalle\">IDIOMA:CASTELLANO<\/div>\n<\/div>\n<div class=\"filaDetalle\">\n<div class=\"cabeceraDetalle\">Fecha de edici\u00f3n:14-10-2021<\/div>\n<\/div>\n<div class=\"filaDetalle\">\n<div class=\"cabeceraDetalle\">Materia:<a title=\"Pulse en esta materia y ver\u00e1 todos los art\u00edculos de la misma\">FANTASIA<\/a><\/div>\n<\/div>\n","protected":false},"excerpt":{"rendered":"<p><a>CHO,\u00a0 ZE<\/a><\/p>\n<p><b>Edici\u00f3n ilustrada. Una historia sobre la corrupci\u00f3n, el primer amor y la inteligencia artificial en el m\u00e1s all\u00e1 chino.<\/b><\/p>\n<p>En la d\u00e9cima corte del infierno, los esp\u00edritus que son lo bastante ricos pueden sobornar a los funcionarios del inframundo y as\u00ed librarse de terribles tormentos y de la temida reencarnaci\u00f3n. \u00bfQui\u00e9n quiere reencarnarse pudiendo disfrutar eternamente de comodidad y riquezas?<\/p>\n<p>Es una no-muerte c\u00f3moda incluso para Siew Tsin, casada a su pesar con el hombre m\u00e1s rico del infierno y sin ninguna expectativa ni intereses futuros. Hasta que su marido trae a casa a una nueva esposa Yonghua es una mujer artificial hecha de terracota, y su mera existencia pondr\u00e1 el inframundo patas arriba. Tras conocerla, tampoco Siew Tsin volver\u00e1 a ser la misma.<\/p>\n<p>Nuestra edici\u00f3n, que cuenta con las bellas ilustraciones de la artista QU Lan, incluye un posfacio a cargo de Wang Xing y las editoras.<\/p>\n","protected":false},"featured_media":4826,"comment_status":"open","ping_status":"closed","template":"","meta":{"_monsterinsights_skip_tracking":false,"_monsterinsights_sitenote_active":false,"_monsterinsights_sitenote_note":"","_monsterinsights_sitenote_category":0,"_uf_show_specific_survey":0,"_uf_disable_surveys":false},"product_cat":[46,30],"product_tag":[],"_links":{"self":[{"href":"https:\/\/insertapr.com\/index.php?rest_route=\/wp\/v2\/product\/4825"}],"collection":[{"href":"https:\/\/insertapr.com\/index.php?rest_route=\/wp\/v2\/product"}],"about":[{"href":"https:\/\/insertapr.com\/index.php?rest_route=\/wp\/v2\/types\/product"}],"replies":[{"embeddable":true,"href":"https:\/\/insertapr.com\/index.php?rest_route=%2Fwp%2Fv2%2Fcomments&post=4825"}],"wp:featuredmedia":[{"embeddable":true,"href":"https:\/\/insertapr.com\/index.php?rest_route=\/wp\/v2\/media\/4826"}],"wp:attachment":[{"href":"https:\/\/insertapr.com\/index.php?rest_route=%2Fwp%2Fv2%2Fmedia&parent=4825"}],"wp:term":[{"taxonomy":"product_cat","embeddable":true,"href":"https:\/\/insertapr.com\/index.php?rest_route=%2Fwp%2Fv2%2Fproduct_cat&post=4825"},{"taxonomy":"product_tag","embeddable":true,"href":"https:\/\/insertapr.com\/index.php?rest_route=%2Fwp%2Fv2%2Fproduct_tag&post=4825"}],"curies":[{"name":"wp","href":"https:\/\/api.w.org\/{rel}","templated":true}]}}