{"id":4803,"date":"2024-06-17T10:03:06","date_gmt":"2024-06-17T14:03:06","guid":{"rendered":"https:\/\/insertapr.com\/?post_type=product&#038;p=4803"},"modified":"2025-11-29T00:24:51","modified_gmt":"2025-11-29T04:24:51","slug":"la-reina-legitima","status":"publish","type":"product","link":"https:\/\/insertapr.com\/?product=la-reina-legitima","title":{"rendered":"LA REINA LEGITIMA"},"content":{"rendered":"<div class=\"filaDetalle\">\n<div class=\"cabeceraDetalle\">EDITORIAL:DUERMEVELA EDICIONES\u00a0<b>\u00a0<\/b><\/div>\n<\/div>\n<div class=\"filaDetalle\">\n<div class=\"cabeceraDetalle\">ISBN:9788412701128<\/div>\n<\/div>\n<div class=\"filaDetalle\">\n<div class=\"cabeceraDetalle\">COLECCI\u00d3N:LA OTRA FANTASIA<\/div>\n<\/div>\n<div class=\"filaDetalle\">\n<div class=\"cabeceraDetalle\">IDIOMA:CASTELLANO<\/div>\n<\/div>\n<div class=\"filaDetalle\">\n<div class=\"cabeceraDetalle\">Fecha de edici\u00f3n:19-06-2023<\/div>\n<\/div>\n<div class=\"filaDetalle\">\n<div class=\"cabeceraDetalle\">Materia:<a title=\"Pulse en esta materia y ver\u00e1 todos los art\u00edculos de la misma\">FANTASIA<\/a><\/div>\n<\/div>\n","protected":false},"excerpt":{"rendered":"<p><a>CHO,\u00a0ZEN<\/a><\/p>\n<p>Muna y Satki son dos hermanas aquejadas por una misteriosa maldici\u00f3n para la que ni tan siquiera la gran Mak Gengagg encuentra soluci\u00f3n. Al peligrar la vida de Satki, las hermanas abandonan finalmente Janda Baik buscando la ayuda de la poderosa Prunella, hechicera real brit\u00e1nica, pero para alcanzar Inglaterra deber\u00e1n cruzar el temible reino de las hadas.En su viaje ir\u00e1n tejiendo una red de mentiras y secretos a su alrededor con los que har\u00e1n frente tanto a los prejuicios de la taumaturgia inglesa como a la extravagante corte de las hadas, siguiendo un arriesgado camino que las llevar\u00e1 a descubrir un pasado que cre\u00edan olvidado.<\/p>\n","protected":false},"featured_media":4804,"comment_status":"open","ping_status":"closed","template":"","meta":{"_monsterinsights_skip_tracking":false,"_monsterinsights_sitenote_active":false,"_monsterinsights_sitenote_note":"","_monsterinsights_sitenote_category":0,"_uf_show_specific_survey":0,"_uf_disable_surveys":false},"product_cat":[46,30,48],"product_tag":[],"_links":{"self":[{"href":"https:\/\/insertapr.com\/index.php?rest_route=\/wp\/v2\/product\/4803"}],"collection":[{"href":"https:\/\/insertapr.com\/index.php?rest_route=\/wp\/v2\/product"}],"about":[{"href":"https:\/\/insertapr.com\/index.php?rest_route=\/wp\/v2\/types\/product"}],"replies":[{"embeddable":true,"href":"https:\/\/insertapr.com\/index.php?rest_route=%2Fwp%2Fv2%2Fcomments&post=4803"}],"wp:featuredmedia":[{"embeddable":true,"href":"https:\/\/insertapr.com\/index.php?rest_route=\/wp\/v2\/media\/4804"}],"wp:attachment":[{"href":"https:\/\/insertapr.com\/index.php?rest_route=%2Fwp%2Fv2%2Fmedia&parent=4803"}],"wp:term":[{"taxonomy":"product_cat","embeddable":true,"href":"https:\/\/insertapr.com\/index.php?rest_route=%2Fwp%2Fv2%2Fproduct_cat&post=4803"},{"taxonomy":"product_tag","embeddable":true,"href":"https:\/\/insertapr.com\/index.php?rest_route=%2Fwp%2Fv2%2Fproduct_tag&post=4803"}],"curies":[{"name":"wp","href":"https:\/\/api.w.org\/{rel}","templated":true}]}}