{"id":4779,"date":"2024-06-13T22:27:58","date_gmt":"2024-06-14T02:27:58","guid":{"rendered":"https:\/\/insertapr.com\/?post_type=product&#038;p=4779"},"modified":"2026-03-20T11:06:31","modified_gmt":"2026-03-20T15:06:31","slug":"lore-olympus","status":"publish","type":"product","link":"https:\/\/insertapr.com\/?product=lore-olympus","title":{"rendered":"LORE OLYMPUS"},"content":{"rendered":"<div class=\"filaDetalle\">\n<div class=\"cabeceraDetalle\">EDITORIAL:RANDOM COMIC\u00a0<b>\u00a0<\/b><\/div>\n<\/div>\n<div class=\"filaDetalle\">\n<div class=\"cabeceraDetalle\">ISBN:9788418040306<\/div>\n<\/div>\n<div class=\"filaDetalle\">\n<div class=\"cabeceraDetalle\">COLECCI\u00d3N:COMIC<\/div>\n<\/div>\n<div class=\"filaDetalle\">\n<div class=\"cabeceraDetalle\">IDIOMA:CASTELLANO<\/div>\n<\/div>\n<div class=\"filaDetalle\">\n<div class=\"cabeceraDetalle\">Fecha de edici\u00f3n:13-01-2022<\/div>\n<\/div>\n<div class=\"filaDetalle\">\n<div class=\"cabeceraDetalle\">Materia:<\/div>\n<div class=\"detail-categories\"><a title=\"Pulse en esta materia y ver\u00e1 todos los art\u00edculos de la misma\">MITOS Y LEYENDAS NARRADOS COMO FICCION<\/a><br \/>\n<a title=\"Pulse en esta materia y ver\u00e1 todos los art\u00edculos de la misma\">NARRATIVA ROMANTICA<\/a><br \/>\n<a title=\"Pulse en esta materia y ver\u00e1 todos los art\u00edculos de la misma\">NOVELAS GRAFICAS<\/a><\/p>\n<\/div>\n<\/div>\n","protected":false},"excerpt":{"rendered":"<p><a>SMYTHE,\u00a0RACHEL<\/a><\/p>\n<p>S\u00e9 testigo de lo que los dioses hacen&#8230; despu\u00e9s del atardecer.<\/p>\n<p>Las amistades y las mentiras, los chismes y las fiestas salvajes y, por supuesto, los amores prohibidos. Parece ser que los dioses no son muy diferentes a nosotros, especialmente cuando se meten en problemas.<\/p>\n<p>Esta historia superadictiva y con mucho estilo es una de las mejores de la mitolog\u00eda, vista desde los ojos de Pers\u00e9fone, como nunca la hab\u00edas visto.<\/p>\n","protected":false},"featured_media":4780,"comment_status":"open","ping_status":"closed","template":"","meta":{"_monsterinsights_skip_tracking":false,"_monsterinsights_sitenote_active":false,"_monsterinsights_sitenote_note":"","_monsterinsights_sitenote_category":0,"_uf_show_specific_survey":0,"_uf_disable_surveys":false},"product_cat":[149,129,30,25],"product_tag":[],"_links":{"self":[{"href":"https:\/\/insertapr.com\/index.php?rest_route=\/wp\/v2\/product\/4779"}],"collection":[{"href":"https:\/\/insertapr.com\/index.php?rest_route=\/wp\/v2\/product"}],"about":[{"href":"https:\/\/insertapr.com\/index.php?rest_route=\/wp\/v2\/types\/product"}],"replies":[{"embeddable":true,"href":"https:\/\/insertapr.com\/index.php?rest_route=%2Fwp%2Fv2%2Fcomments&post=4779"}],"wp:featuredmedia":[{"embeddable":true,"href":"https:\/\/insertapr.com\/index.php?rest_route=\/wp\/v2\/media\/4780"}],"wp:attachment":[{"href":"https:\/\/insertapr.com\/index.php?rest_route=%2Fwp%2Fv2%2Fmedia&parent=4779"}],"wp:term":[{"taxonomy":"product_cat","embeddable":true,"href":"https:\/\/insertapr.com\/index.php?rest_route=%2Fwp%2Fv2%2Fproduct_cat&post=4779"},{"taxonomy":"product_tag","embeddable":true,"href":"https:\/\/insertapr.com\/index.php?rest_route=%2Fwp%2Fv2%2Fproduct_tag&post=4779"}],"curies":[{"name":"wp","href":"https:\/\/api.w.org\/{rel}","templated":true}]}}