{"id":4539,"date":"2024-04-09T16:31:47","date_gmt":"2024-04-09T20:31:47","guid":{"rendered":"https:\/\/insertapr.com\/?post_type=product&#038;p=4539"},"modified":"2026-04-24T16:43:14","modified_gmt":"2026-04-24T20:43:14","slug":"preventa-el-ballet-de-las-estrellas","status":"publish","type":"product","link":"https:\/\/insertapr.com\/?product=preventa-el-ballet-de-las-estrellas","title":{"rendered":"EL BALLET DE LAS ESTRELLAS"},"content":{"rendered":"<p><span class=\"a-list-item\"><span class=\"a-text-bold\">Publisher \u200f: \u200e <\/span>Independently published (2024)<\/span><\/p>\n<p><span class=\"a-list-item\"><span class=\"a-text-bold\">Language \u200f : \u200e <\/span>Spanish<\/span><\/p>\n<p><span class=\"a-list-item\"><span class=\"a-text-bold\">Paperback \u200f : \u200e <\/span>106 pages<\/span><\/p>\n<p><span class=\"a-list-item\"><span class=\"a-text-bold\">ISBN-13 \u200f : \u200e <\/span>979-8883561008<\/span><\/p>\n<p><span class=\"a-list-item\"><span class=\"a-text-bold\">Dimensions \u200f : \u200e <\/span>4.8 x 0.27 x 7.1 inches<\/span><\/p>\n","protected":false},"excerpt":{"rendered":"<p>DEB SOTO<\/p>\n<p>Ad\u00e9ntrate en un viaje po\u00e9tico y cautivador con &#8220;El ballet de las estrellas&#8221;, un conmovedor poemario que se sumerge en la exploraci\u00f3n profunda de recuerdos y reflexiones sobre la formaci\u00f3n de la identidad. En esta obra, la autora teje una narrativa \u00fanica, centrada en las experiencias simples y significativas de la vida cotidiana, invit\u00e1ndote a reflexionar sobre la esencia misma de la existencia.<\/p>\n<p>La voz po\u00e9tica se revela de manera multifac\u00e9tica, adoptando perspectivas que van desde la inocencia de una ni\u00f1a hasta la introspecci\u00f3n de una mujer. Este enfoque polif\u00f3nico agrega capas y profundidad a las vivencias compartidas, creando una narrativa no lineal que fluye de manera org\u00e1nica, atrapando a los lectores en la riqueza de las emociones expresadas.<\/p>\n<p>Cada poema se convierte en una ventana a una memoria, ya sea \u00edntima o compartida, fortaleciendo la idea de que la poes\u00eda es un medio poderoso para preservar y compartir nuestras experiencias vitales m\u00e1s preciadas.<\/p>\n","protected":false},"featured_media":4540,"comment_status":"open","ping_status":"closed","template":"","meta":{"_monsterinsights_skip_tracking":false,"_monsterinsights_sitenote_active":false,"_monsterinsights_sitenote_note":"","_monsterinsights_sitenote_category":0,"_uf_show_specific_survey":0,"_uf_disable_surveys":false},"product_cat":[129,30,135,133],"product_tag":[],"_links":{"self":[{"href":"https:\/\/insertapr.com\/index.php?rest_route=\/wp\/v2\/product\/4539"}],"collection":[{"href":"https:\/\/insertapr.com\/index.php?rest_route=\/wp\/v2\/product"}],"about":[{"href":"https:\/\/insertapr.com\/index.php?rest_route=\/wp\/v2\/types\/product"}],"replies":[{"embeddable":true,"href":"https:\/\/insertapr.com\/index.php?rest_route=%2Fwp%2Fv2%2Fcomments&post=4539"}],"wp:featuredmedia":[{"embeddable":true,"href":"https:\/\/insertapr.com\/index.php?rest_route=\/wp\/v2\/media\/4540"}],"wp:attachment":[{"href":"https:\/\/insertapr.com\/index.php?rest_route=%2Fwp%2Fv2%2Fmedia&parent=4539"}],"wp:term":[{"taxonomy":"product_cat","embeddable":true,"href":"https:\/\/insertapr.com\/index.php?rest_route=%2Fwp%2Fv2%2Fproduct_cat&post=4539"},{"taxonomy":"product_tag","embeddable":true,"href":"https:\/\/insertapr.com\/index.php?rest_route=%2Fwp%2Fv2%2Fproduct_tag&post=4539"}],"curies":[{"name":"wp","href":"https:\/\/api.w.org\/{rel}","templated":true}]}}