{"id":4517,"date":"2024-03-31T12:56:18","date_gmt":"2024-03-31T16:56:18","guid":{"rendered":"https:\/\/insertapr.com\/?post_type=product&#038;p=4517"},"modified":"2024-04-03T06:32:13","modified_gmt":"2024-04-03T10:32:13","slug":"blancanieves-y-otros-cuentos-de-los-grimm","status":"publish","type":"product","link":"https:\/\/insertapr.com\/?product=blancanieves-y-otros-cuentos-de-los-grimm","title":{"rendered":"BLANCANIEVES Y OTROS CUENTOS DE LOS GRIMM"},"content":{"rendered":"<div class=\"filaDetalle\">\n<div class=\"cabeceraDetalle\">EDITORIAL:FOLIOSCOPIO\u00a0<b>\u00a0<\/b><\/div>\n<\/div>\n<div class=\"filaDetalle\">\n<div class=\"cabeceraDetalle\">ISBN:9788412386134<\/div>\n<\/div>\n<div class=\"filaDetalle\">\n<div class=\"cabeceraDetalle\">COLECCI\u00d3N:CLASICOS ILUSTRADOS DE MINALIMA<\/div>\n<\/div>\n<div class=\"filaDetalle\">\n<div class=\"cabeceraDetalle\">IDIOMA:CASTELLANO<\/div>\n<\/div>\n<div class=\"filaDetalle\">\n<div class=\"cabeceraDetalle\">Fecha de edici\u00f3n:01-07-2022<\/div>\n<\/div>\n<div class=\"filaDetalle\">\n<div class=\"cabeceraDetalle\">Materia:<\/div>\n<div class=\"detail-categories\"><a title=\"Pulse en esta materia y ver\u00e1 todos los art\u00edculos de la misma\">ALBUMES ILUSTRADOS<\/a><br \/>\n<a title=\"Pulse en esta materia y ver\u00e1 todos los art\u00edculos de la misma\">FICCION CLASICA<\/a><\/div>\n<\/div>\n","protected":false},"excerpt":{"rendered":"<p><a>HERMANOS GRIMM<\/a><\/p>\n<p>Desde su primera publicaci\u00f3n en 1812, no ha habido ninguna colecci\u00f3n de cuentos tradicionales que haya influido en tantas generaciones de lectores como los Cuentos de hadas de los hermanos Grimm. Los populares cuentos de tradici\u00f3n oral recopilados por Jacob y Wilhelm Grimm cobran vida en este exuberante compendio, que nos llevan<\/p>\n<p>en una incre\u00edble aventura a trav\u00e9s de veinte de sus historias m\u00e1s populares y queridas. Cl\u00e1sicos atemporales como \u00abBlancanieves\u00bb, \u00abLa Bella Durmiente\u00bb, \u00abCenicienta\u00bb, \u00abRapunzel\u00bb, \u00abH\u00e4nsel y Gretel\u00bb, \u00abCaperucita Roja\u00bb, \u00abEl sastrecillo valiente\u00bb, \u00abLos duendes y el zapatero\u00bb, y muchos m\u00e1s, se reinventan como nunca antes en una<\/p>\n<p>experiencia visual incomparable llena de numerosas ilustraciones y elementos interactivos creados por el galardonado d\u00fao creativo MinaLima.<\/p>\n<p>Esta espectacular edici\u00f3n cautivar\u00e1 a los lectores de todas las edades y es un volumen imprescindible m\u00e1s en la Colecci\u00f3n Cl\u00e1sicos de MinaLima.<\/p>\n","protected":false},"featured_media":4518,"comment_status":"open","ping_status":"closed","template":"","meta":{"_monsterinsights_skip_tracking":false,"_monsterinsights_sitenote_active":false,"_monsterinsights_sitenote_note":"","_monsterinsights_sitenote_category":0,"_uf_show_specific_survey":0,"_uf_disable_surveys":false},"product_cat":[46,58,129,30],"product_tag":[],"_links":{"self":[{"href":"https:\/\/insertapr.com\/index.php?rest_route=\/wp\/v2\/product\/4517"}],"collection":[{"href":"https:\/\/insertapr.com\/index.php?rest_route=\/wp\/v2\/product"}],"about":[{"href":"https:\/\/insertapr.com\/index.php?rest_route=\/wp\/v2\/types\/product"}],"replies":[{"embeddable":true,"href":"https:\/\/insertapr.com\/index.php?rest_route=%2Fwp%2Fv2%2Fcomments&post=4517"}],"wp:featuredmedia":[{"embeddable":true,"href":"https:\/\/insertapr.com\/index.php?rest_route=\/wp\/v2\/media\/4518"}],"wp:attachment":[{"href":"https:\/\/insertapr.com\/index.php?rest_route=%2Fwp%2Fv2%2Fmedia&parent=4517"}],"wp:term":[{"taxonomy":"product_cat","embeddable":true,"href":"https:\/\/insertapr.com\/index.php?rest_route=%2Fwp%2Fv2%2Fproduct_cat&post=4517"},{"taxonomy":"product_tag","embeddable":true,"href":"https:\/\/insertapr.com\/index.php?rest_route=%2Fwp%2Fv2%2Fproduct_tag&post=4517"}],"curies":[{"name":"wp","href":"https:\/\/api.w.org\/{rel}","templated":true}]}}