{"id":4494,"date":"2024-03-22T23:14:07","date_gmt":"2024-03-23T03:14:07","guid":{"rendered":"https:\/\/insertapr.com\/?post_type=product&#038;p=4494"},"modified":"2026-03-20T11:07:07","modified_gmt":"2026-03-20T15:07:07","slug":"mujercitas-parte-1","status":"publish","type":"product","link":"https:\/\/insertapr.com\/?product=mujercitas-parte-1","title":{"rendered":"MUJERCITAS PARTE 1"},"content":{"rendered":"<div class=\"filaDetalle\">\n<div class=\"cabeceraDetalle\">EDITORIAL:EDELVIVES\u00a0<b>\u00a0<\/b><\/div>\n<\/div>\n<div class=\"filaDetalle\">\n<div class=\"cabeceraDetalle\">ISBN:9788414040089<\/div>\n<\/div>\n<div class=\"filaDetalle\">\n<div class=\"cabeceraDetalle\">COLECCI\u00d3N:LIBRO ILUSTRADO REGALO<\/div>\n<\/div>\n<div class=\"filaDetalle\">\n<div class=\"cabeceraDetalle\">IDIOMA:CASTELLANO<\/div>\n<\/div>\n<div class=\"filaDetalle\">\n<div class=\"cabeceraDetalle\">Materia:<\/div>\n<div class=\"detail-categories\"><a title=\"Pulse en esta materia y ver\u00e1 todos los art\u00edculos de la misma\">FICCION CLASICA\u00a0<\/a><br \/>\n<a title=\"Pulse en esta materia y ver\u00e1 todos los art\u00edculos de la misma\">RELATOS SOBRE LA FAMILIA Y EL HOGAR (INFANTIL\/JUVE<\/a><\/div>\n<\/div>\n","protected":false},"excerpt":{"rendered":"<p><a>LOUISA MAY ALCOTT<\/a><\/p>\n<p>Durante la guerra de Secesi\u00f3n, la familia March vive austeramente con la inquietud de tener a su padre en el frente. Meg, Jo, Beth y Amy, cuatro hermanas con personalidades e intereses muy diversos, luchar\u00e1n por encontrar su lugar en el mundo enfrent\u00e1ndose a su realidad y a sus deseos, a sus virtudes y a sus defectos. Y mientras construyen su identidad, vivir\u00e1n aventuras y desventuras junto a su querido vecino, el joven Laurie.<\/p>\n<p>El texto \u00edntegro del cl\u00e1sico de Louisa May Alcott, ilustrado magn\u00edficamente por Antonio Lorente.<\/p>\n","protected":false},"featured_media":4495,"comment_status":"open","ping_status":"closed","template":"","meta":{"_monsterinsights_skip_tracking":false,"_monsterinsights_sitenote_active":false,"_monsterinsights_sitenote_note":"","_monsterinsights_sitenote_category":0,"_uf_show_specific_survey":0,"_uf_disable_surveys":false},"product_cat":[146,58,149,129,30,136],"product_tag":[],"_links":{"self":[{"href":"https:\/\/insertapr.com\/index.php?rest_route=\/wp\/v2\/product\/4494"}],"collection":[{"href":"https:\/\/insertapr.com\/index.php?rest_route=\/wp\/v2\/product"}],"about":[{"href":"https:\/\/insertapr.com\/index.php?rest_route=\/wp\/v2\/types\/product"}],"replies":[{"embeddable":true,"href":"https:\/\/insertapr.com\/index.php?rest_route=%2Fwp%2Fv2%2Fcomments&post=4494"}],"wp:featuredmedia":[{"embeddable":true,"href":"https:\/\/insertapr.com\/index.php?rest_route=\/wp\/v2\/media\/4495"}],"wp:attachment":[{"href":"https:\/\/insertapr.com\/index.php?rest_route=%2Fwp%2Fv2%2Fmedia&parent=4494"}],"wp:term":[{"taxonomy":"product_cat","embeddable":true,"href":"https:\/\/insertapr.com\/index.php?rest_route=%2Fwp%2Fv2%2Fproduct_cat&post=4494"},{"taxonomy":"product_tag","embeddable":true,"href":"https:\/\/insertapr.com\/index.php?rest_route=%2Fwp%2Fv2%2Fproduct_tag&post=4494"}],"curies":[{"name":"wp","href":"https:\/\/api.w.org\/{rel}","templated":true}]}}