{"id":4421,"date":"2024-02-02T16:08:48","date_gmt":"2024-02-02T20:08:48","guid":{"rendered":"https:\/\/insertapr.com\/?post_type=product&#038;p=4421"},"modified":"2024-03-10T10:50:36","modified_gmt":"2024-03-10T14:50:36","slug":"inaficcion-postcard-hoja","status":"publish","type":"product","link":"https:\/\/insertapr.com\/?product=inaficcion-postcard-hoja","title":{"rendered":"Inaficci\u00f3n Postcard: Hoja"},"content":{"rendered":"<p><strong>Detalles del Producto:<\/strong><\/p>\n<ul>\n<li>Tama\u00f1o est\u00e1ndar de postal (4&#215;6 pulgadas).<\/li>\n<li>Impresa en papel de alta calidad para una durabilidad \u00f3ptima.<\/li>\n<li>Dise\u00f1os exclusivos que capturan la esencia \u00fanica de Puerto Rico.<\/li>\n<li>Incluye un sello para facilitar el env\u00edo.<\/li>\n<\/ul>\n","protected":false},"excerpt":{"rendered":"<p><strong>INAFICCI\u00d3N<\/strong><\/p>\n<p>Esta postal es parte de la colecci\u00f3n exclusiva de fotograf\u00edas capturadas por Inaficci\u00f3n.<\/p>\n<p>Al enviar una postal est\u00e1s ofreciendo una expresi\u00f3n tangible de amor y amistad. De esta forma, se ofrece la oportunidad de desconectarse temporalmente del entorno digital, y que las personas sientan la alegr\u00eda \u00fanica de tener algo palpable y personal en el correo.<\/p>\n<p><strong>Caracter\u00edsticas:<\/strong><\/p>\n<ol>\n<li><strong>Fotograf\u00eda de Calidad Profesional:<\/strong> Cada postal presenta una imagen excepcionalmente n\u00edtida y detallada.<\/li>\n<li><strong>Impresi\u00f3n de Alta Calidad:<\/strong> Detalles precisos, capturando la esencia de cada escena de manera aut\u00e9ntica.<\/li>\n<li><strong>Listo para Enviar:<\/strong> <span style=\"color: #ff0000;\">Cada postal se env\u00eda en un sobre que incluye un sello<\/span>, permiti\u00e9ndote enviarla directamente a quien desees, convirtiendo tu compra en un regalo significativo y listo para enviar.<\/li>\n<\/ol>\n","protected":false},"featured_media":4422,"comment_status":"open","ping_status":"closed","template":"","meta":{"_monsterinsights_skip_tracking":false,"_monsterinsights_sitenote_active":false,"_monsterinsights_sitenote_note":"","_monsterinsights_sitenote_category":0,"_uf_show_specific_survey":0,"_uf_disable_surveys":false},"product_cat":[141],"product_tag":[],"_links":{"self":[{"href":"https:\/\/insertapr.com\/index.php?rest_route=\/wp\/v2\/product\/4421"}],"collection":[{"href":"https:\/\/insertapr.com\/index.php?rest_route=\/wp\/v2\/product"}],"about":[{"href":"https:\/\/insertapr.com\/index.php?rest_route=\/wp\/v2\/types\/product"}],"replies":[{"embeddable":true,"href":"https:\/\/insertapr.com\/index.php?rest_route=%2Fwp%2Fv2%2Fcomments&post=4421"}],"wp:featuredmedia":[{"embeddable":true,"href":"https:\/\/insertapr.com\/index.php?rest_route=\/wp\/v2\/media\/4422"}],"wp:attachment":[{"href":"https:\/\/insertapr.com\/index.php?rest_route=%2Fwp%2Fv2%2Fmedia&parent=4421"}],"wp:term":[{"taxonomy":"product_cat","embeddable":true,"href":"https:\/\/insertapr.com\/index.php?rest_route=%2Fwp%2Fv2%2Fproduct_cat&post=4421"},{"taxonomy":"product_tag","embeddable":true,"href":"https:\/\/insertapr.com\/index.php?rest_route=%2Fwp%2Fv2%2Fproduct_tag&post=4421"}],"curies":[{"name":"wp","href":"https:\/\/api.w.org\/{rel}","templated":true}]}}