{"id":4358,"date":"2024-01-30T14:07:14","date_gmt":"2024-01-30T18:07:14","guid":{"rendered":"https:\/\/insertapr.com\/?post_type=product&#038;p=4358"},"modified":"2025-11-29T00:25:29","modified_gmt":"2025-11-29T04:25:29","slug":"diarios-del-bosque","status":"publish","type":"product","link":"https:\/\/insertapr.com\/?product=diarios-del-bosque","title":{"rendered":"DIARIOS DEL BOSQUE"},"content":{"rendered":"<div class=\"filaDetalle\">\n<div class=\"cabeceraDetalle\">EDITORIAL:<\/div>\n<div>IMPEDIMENTA<\/div>\n<\/div>\n<div class=\"filaDetalle\">\n<div class=\"cabeceraDetalle\">ISBN:9788419581044<\/div>\n<\/div>\n<div class=\"filaDetalle\">\n<div class=\"cabeceraDetalle\">COLECCI\u00d3N:IMPEDIMENTA<\/div>\n<\/div>\n<div class=\"filaDetalle\">\n<div class=\"cabeceraDetalle\">IDIOMA:CASTELLANO<\/div>\n<\/div>\n<div class=\"filaDetalle\">\n<div class=\"cabeceraDetalle\">Fecha de edici\u00f3n:22-05-2023<\/div>\n<\/div>\n<div class=\"filaDetalle\">\n<div class=\"cabeceraDetalle\">Materia:<\/div>\n<div class=\"detail-categories\"><a title=\"Pulse en esta materia y ver\u00e1 todos los art\u00edculos de la misma\">ESTILO DE VIDA ECOLOGICO Y AUTOSUFICIENCIA<\/a><br \/>\n<a title=\"Pulse en esta materia y ver\u00e1 todos los art\u00edculos de la misma\">FICCION MODERNA Y CONTEMPORANEA<\/a><\/div>\n<\/div>\n","protected":false},"excerpt":{"rendered":"<p><a>DEAKIN,\u00a0ROGER<\/a><\/p>\n<p><b>Un delicioso cl\u00e1sico del autor de los \u00abDiarios del agua\u00bb: libro de viajes, de paseos bajo las copas de los \u00e1rboles, que se lee como una pl\u00e1cida novela de aventuras.<\/b><\/p>\n<p>\u00abEntrar en un bosque es acceder a un mundo distinto en el cual nos transformamos\u00bb. Con estas palabras nos invita Roger Deakin a adentrarnos en Diarios del bosque, un libro que bulle con esa curiosidad de la que se nutre la vida. Un texto que desvela el bosque ?y tambi\u00e9n la madera, ese \u00abquinto elemento\u00bb? como parte de comunidades mucho m\u00e1s grandes, repletas de historias con un amplio e inolvidable elenco de artesanos, artistas, granjeros, mimbreros o recolectores de nueces, as\u00ed como de plantas, bardas, p\u00e1jaros y polillas. Deakin recorre as\u00ed no solo su Inglaterra natal: su viaje lo lleva hasta bosques de los Pirineos, Australia o Asia Central, en un intento de rozar con su escritura el duramen de una fascinaci\u00f3n y un amor por la madera, el \u00e1rbol y el bosque al alcance de muy pocos.<\/p>\n","protected":false},"featured_media":4359,"comment_status":"open","ping_status":"closed","template":"","meta":{"_monsterinsights_skip_tracking":false,"_monsterinsights_sitenote_active":false,"_monsterinsights_sitenote_note":"","_monsterinsights_sitenote_category":0,"_uf_show_specific_survey":0,"_uf_disable_surveys":false},"product_cat":[30,136],"product_tag":[],"_links":{"self":[{"href":"https:\/\/insertapr.com\/index.php?rest_route=\/wp\/v2\/product\/4358"}],"collection":[{"href":"https:\/\/insertapr.com\/index.php?rest_route=\/wp\/v2\/product"}],"about":[{"href":"https:\/\/insertapr.com\/index.php?rest_route=\/wp\/v2\/types\/product"}],"replies":[{"embeddable":true,"href":"https:\/\/insertapr.com\/index.php?rest_route=%2Fwp%2Fv2%2Fcomments&post=4358"}],"wp:featuredmedia":[{"embeddable":true,"href":"https:\/\/insertapr.com\/index.php?rest_route=\/wp\/v2\/media\/4359"}],"wp:attachment":[{"href":"https:\/\/insertapr.com\/index.php?rest_route=%2Fwp%2Fv2%2Fmedia&parent=4358"}],"wp:term":[{"taxonomy":"product_cat","embeddable":true,"href":"https:\/\/insertapr.com\/index.php?rest_route=%2Fwp%2Fv2%2Fproduct_cat&post=4358"},{"taxonomy":"product_tag","embeddable":true,"href":"https:\/\/insertapr.com\/index.php?rest_route=%2Fwp%2Fv2%2Fproduct_tag&post=4358"}],"curies":[{"name":"wp","href":"https:\/\/api.w.org\/{rel}","templated":true}]}}