{"id":3804,"date":"2023-08-17T09:20:24","date_gmt":"2023-08-17T13:20:24","guid":{"rendered":"https:\/\/insertapr.com\/?post_type=product&#038;p=3804"},"modified":"2026-05-06T15:50:06","modified_gmt":"2026-05-06T19:50:06","slug":"la-inercia-del-silencio","status":"publish","type":"product","link":"https:\/\/insertapr.com\/?product=la-inercia-del-silencio","title":{"rendered":"LA INERCIA DEL SILENCIO"},"content":{"rendered":"<div class=\"filaDetalle\">\n<div class=\"cabeceraDetalle\">EDITORIAL:LUNWERG<\/div>\n<\/div>\n<div class=\"filaDetalle\">\n<div class=\"cabeceraDetalle\">ISBN:9788417858513<\/div>\n<\/div>\n<div class=\"filaDetalle\">\n<div class=\"cabeceraDetalle\">COLECCI\u00d3N:POESIA ILUSTRADA<\/div>\n<\/div>\n<div class=\"filaDetalle\">\n<div class=\"cabeceraDetalle\">IDIOMA:CASTELLANO<\/div>\n<\/div>\n<div class=\"filaDetalle\">\n<div class=\"cabeceraDetalle\">Fecha de edici\u00f3n:01-11-2019<\/div>\n<\/div>\n<div class=\"filaDetalle\">\n<div class=\"cabeceraDetalle\">Materia:<a title=\"Pulse en esta materia y ver\u00e1 todos los art\u00edculos de la misma\">GRANADA HISTORIA LOCAL<\/a><br \/>\n<a title=\"Pulse en esta materia y ver\u00e1 todos los art\u00edculos de la misma\">POESIA<\/a>\n<\/div>\n<\/div>\n","protected":false},"excerpt":{"rendered":"<p><a>BUHO,\u00a0 SARA<\/a><\/p>\n<p>El silencio, cuando te acompa\u00f1a, te acaba descomponiendo. La inercia del silencio es un lugar donde ni el movimiento ni la quietud tienen voz propia; donde tanto el amor como el desamor se intuyen. Un espacio donde cada sentimiento se hace inmenso y permanece para siempre en el cuerpo, atrapado como un p\u00e1jaro que no puede volar. En estas p\u00e1ginas est\u00e1n guardadas las palabras de una ni\u00f1a que creci\u00f3 asustada y las de la mujer que se atrevi\u00f3 a entender sus miedos hablando con ella.<\/p>\n","protected":false},"featured_media":3805,"comment_status":"open","ping_status":"closed","template":"","meta":{"_monsterinsights_skip_tracking":false,"_monsterinsights_sitenote_active":false,"_monsterinsights_sitenote_note":"","_monsterinsights_sitenote_category":0,"_uf_show_specific_survey":0,"_uf_disable_surveys":false},"product_cat":[30,135],"product_tag":[],"_links":{"self":[{"href":"https:\/\/insertapr.com\/index.php?rest_route=\/wp\/v2\/product\/3804"}],"collection":[{"href":"https:\/\/insertapr.com\/index.php?rest_route=\/wp\/v2\/product"}],"about":[{"href":"https:\/\/insertapr.com\/index.php?rest_route=\/wp\/v2\/types\/product"}],"replies":[{"embeddable":true,"href":"https:\/\/insertapr.com\/index.php?rest_route=%2Fwp%2Fv2%2Fcomments&post=3804"}],"wp:featuredmedia":[{"embeddable":true,"href":"https:\/\/insertapr.com\/index.php?rest_route=\/wp\/v2\/media\/3805"}],"wp:attachment":[{"href":"https:\/\/insertapr.com\/index.php?rest_route=%2Fwp%2Fv2%2Fmedia&parent=3804"}],"wp:term":[{"taxonomy":"product_cat","embeddable":true,"href":"https:\/\/insertapr.com\/index.php?rest_route=%2Fwp%2Fv2%2Fproduct_cat&post=3804"},{"taxonomy":"product_tag","embeddable":true,"href":"https:\/\/insertapr.com\/index.php?rest_route=%2Fwp%2Fv2%2Fproduct_tag&post=3804"}],"curies":[{"name":"wp","href":"https:\/\/api.w.org\/{rel}","templated":true}]}}