{"id":3657,"date":"2023-08-05T23:46:21","date_gmt":"2023-08-06T03:46:21","guid":{"rendered":"https:\/\/insertapr.com\/?post_type=product&#038;p=3657"},"modified":"2025-04-30T11:11:13","modified_gmt":"2025-04-30T15:11:13","slug":"funda-s-boton-frutas","status":"publish","type":"product","link":"https:\/\/insertapr.com\/?product=funda-s-boton-frutas","title":{"rendered":"Funda (XS) Bot\u00f3n Viaje Estelar"},"content":{"rendered":"<p>Funda cierre: Bot\u00f3n<\/p>\n<p class=\"product-header\">Tela de algod\u00f3n<\/p>\n<p>Tama\u00f1o peque\u00f1o 6.5\u2033 x 8\u2033<\/p>\n","protected":false},"excerpt":{"rendered":"<p>Protege tus libros con nuestra encantadora funda de tela de algod\u00f3n, con\u00a0un fondo rosado suave adornado con un desfile celestial de estrellas y planetas.<\/p>\n<p>Tama\u00f1o x small con cierre de bot\u00f3n.<\/p>\n<p>\u00a1Haz que tus aventuras literarias sean a\u00fan m\u00e1s m\u00e1gicas!<\/p>\n","protected":false},"featured_media":4652,"comment_status":"open","ping_status":"closed","template":"","meta":{"_monsterinsights_skip_tracking":false,"_monsterinsights_sitenote_active":false,"_monsterinsights_sitenote_note":"","_monsterinsights_sitenote_category":0,"_uf_show_specific_survey":0,"_uf_disable_surveys":false},"product_cat":[122,32,136],"product_tag":[],"_links":{"self":[{"href":"https:\/\/insertapr.com\/index.php?rest_route=\/wp\/v2\/product\/3657"}],"collection":[{"href":"https:\/\/insertapr.com\/index.php?rest_route=\/wp\/v2\/product"}],"about":[{"href":"https:\/\/insertapr.com\/index.php?rest_route=\/wp\/v2\/types\/product"}],"replies":[{"embeddable":true,"href":"https:\/\/insertapr.com\/index.php?rest_route=%2Fwp%2Fv2%2Fcomments&post=3657"}],"wp:featuredmedia":[{"embeddable":true,"href":"https:\/\/insertapr.com\/index.php?rest_route=\/wp\/v2\/media\/4652"}],"wp:attachment":[{"href":"https:\/\/insertapr.com\/index.php?rest_route=%2Fwp%2Fv2%2Fmedia&parent=3657"}],"wp:term":[{"taxonomy":"product_cat","embeddable":true,"href":"https:\/\/insertapr.com\/index.php?rest_route=%2Fwp%2Fv2%2Fproduct_cat&post=3657"},{"taxonomy":"product_tag","embeddable":true,"href":"https:\/\/insertapr.com\/index.php?rest_route=%2Fwp%2Fv2%2Fproduct_tag&post=3657"}],"curies":[{"name":"wp","href":"https:\/\/api.w.org\/{rel}","templated":true}]}}