{"id":3465,"date":"2023-06-27T10:31:07","date_gmt":"2023-06-27T14:31:07","guid":{"rendered":"https:\/\/insertapr.com\/?post_type=product&#038;p=3465"},"modified":"2026-01-21T23:24:11","modified_gmt":"2026-01-22T03:24:11","slug":"amor-gitano-prosa-y-poemas-de-amor-desilusion-y-esperanza","status":"publish","type":"product","link":"https:\/\/insertapr.com\/?product=amor-gitano-prosa-y-poemas-de-amor-desilusion-y-esperanza","title":{"rendered":"Poemario: Amor gitano"},"content":{"rendered":"<p><span class=\"a-list-item\"><span class=\"a-text-bold\">Editorial \u200f : \u200e\u00a0<\/span>Independently published (20 Febrero 2023)<\/span><\/p>\n<p><span class=\"a-list-item\"><span class=\"a-text-bold\">Idioma \u200f : \u200e\u00a0<\/span>Espa\u00f1ol<\/span><\/p>\n<p><span class=\"a-list-item\"><span class=\"a-text-bold\">Tapa blanda \u200f : \u200e\u00a0<\/span>90 p\u00e1ginas<\/span><\/p>\n<p><span class=\"a-list-item\"><span class=\"a-text-bold\">ISBN-13 \u200f : \u200e\u00a0<\/span>979-8375679211<\/span><\/p>\n<p><span class=\"a-list-item\"><span class=\"a-text-bold\">Dimensiones \u200f : \u200e\u00a0<\/span>5 x 0.23 x 8 pulgadas<\/span><\/p>\n","protected":false},"excerpt":{"rendered":"<p>Pablo Camacho<\/p>\n<p><span class=\"a-text-bold\">Sin haber conocido el dolor, \u00bfc\u00f3mo sabr\u00e1s lo que es la felicidad? Y si no conoces la felicidad, \u00bfc\u00f3mo lo sabr\u00e1s cuando la tengas en las manos? \u00bfLa echar\u00e1s a volar? \u00bfLa dejar\u00e1s escaparse sin saberlo?\u00a0<\/span>Pablo Camacho, autor de\u00a0<span class=\"a-text-italic\">Las Musas: Poes\u00eda entre cartas<\/span>, regresa con una nueva colecci\u00f3n de poemas.<span class=\"a-text-italic\">Amor gitano<\/span>\u00a0nos gu\u00eda en los temas del amor, la desilusi\u00f3n y la esperanza, y nos ense\u00f1a que esos sentimientos son todos partes de una vida que vale la pena vivir.<\/p>\n<p>Disfruta las palabras honestas y directas de este poemario, que nos ayuda a explorar y entender el amor, el sufrimiento, y lo rico que es ser humano a pesar de todo. El amor a veces duele, pero siempre queda un lugar y un espacio para so\u00f1ar.\u00a0<span class=\"a-text-bold\">El amor gitano es aqu\u00e9l que no se rinde, que viaja libre y no se deja atrapar por el miedo.<\/span><\/p>\n","protected":false},"featured_media":3466,"comment_status":"open","ping_status":"closed","template":"","meta":{"_monsterinsights_skip_tracking":false,"_monsterinsights_sitenote_active":false,"_monsterinsights_sitenote_note":"","_monsterinsights_sitenote_category":0,"_uf_show_specific_survey":0,"_uf_disable_surveys":false},"product_cat":[30,135,133,136],"product_tag":[],"_links":{"self":[{"href":"https:\/\/insertapr.com\/index.php?rest_route=\/wp\/v2\/product\/3465"}],"collection":[{"href":"https:\/\/insertapr.com\/index.php?rest_route=\/wp\/v2\/product"}],"about":[{"href":"https:\/\/insertapr.com\/index.php?rest_route=\/wp\/v2\/types\/product"}],"replies":[{"embeddable":true,"href":"https:\/\/insertapr.com\/index.php?rest_route=%2Fwp%2Fv2%2Fcomments&post=3465"}],"wp:featuredmedia":[{"embeddable":true,"href":"https:\/\/insertapr.com\/index.php?rest_route=\/wp\/v2\/media\/3466"}],"wp:attachment":[{"href":"https:\/\/insertapr.com\/index.php?rest_route=%2Fwp%2Fv2%2Fmedia&parent=3465"}],"wp:term":[{"taxonomy":"product_cat","embeddable":true,"href":"https:\/\/insertapr.com\/index.php?rest_route=%2Fwp%2Fv2%2Fproduct_cat&post=3465"},{"taxonomy":"product_tag","embeddable":true,"href":"https:\/\/insertapr.com\/index.php?rest_route=%2Fwp%2Fv2%2Fproduct_tag&post=3465"}],"curies":[{"name":"wp","href":"https:\/\/api.w.org\/{rel}","templated":true}]}}