{"id":3381,"date":"2023-05-20T06:00:32","date_gmt":"2023-05-20T10:00:32","guid":{"rendered":"https:\/\/insertapr.com\/?post_type=product&#038;p=3381"},"modified":"2025-11-24T18:02:48","modified_gmt":"2025-11-24T22:02:48","slug":"el-susurro-de-las-aves","status":"publish","type":"product","link":"https:\/\/insertapr.com\/?product=el-susurro-de-las-aves","title":{"rendered":"El susurro de las aves"},"content":{"rendered":"<div class=\"filaDetalle\">\n<div class=\"cabeceraDetalle\">EDITORIAL: ENSERIO<\/div>\n<\/div>\n<div class=\"filaDetalle\">\n<div class=\"cabeceraDetalle\">ISBN:9798390277362<\/div>\n<\/div>\n<div class=\"filaDetalle\">\n<div class=\"cabeceraDetalle\">IDIOMA:ESPA\u00d1OL<\/div>\n<div>NOVELA PUERTORRIQUE\u00d1A<\/div>\n<\/div>\n<div class=\"filaDetalle\">\n<div class=\"cabeceraDetalle\">FECHA: ABRIL 2023<\/div>\n<\/div>\n<div class=\"filaDetalle\">\n<div class=\"cabeceraDetalle\">Materia:<a title=\"Pulse en esta materia y ver\u00e1 todos los art\u00edculos de la misma\">ROMANCE, PARANORMAL, JUVENIL<\/a><\/div>\n<\/div>\n","protected":false},"excerpt":{"rendered":"<p><a>DEB SOTO<\/a><\/p>\n<blockquote><p><strong>Una historia paranormal que se entrelaza con el amor y la amistad.<\/strong><\/p><\/blockquote>\n<p><span class=\"s1\">Alejandro solo cree en lo que se puede probar.<\/span>\u00a0<span class=\"s1\">Sus estudios le han ense\u00f1ado a cuestionarlo todo, a juzgar cada evento y a tomar decisiones basadas en hechos.<\/span>\u00a0<span class=\"s1\">Nunca pens\u00f3 que existir\u00eda algo en donde la ciencia no tendr\u00eda lugar, porque\u00a0<\/span><span class=\"s1\"><span lang=\"ES-PR\">jam\u00e1s<\/span>\u00a0se hab\u00eda tenido que enfrentar a fuerzas sobrenaturales que le hicieran replantearse sus creencias.<\/span>\u00a0<span class=\"s1\">Pero sobre todo, nunca pens\u00f3 que tendr\u00eda que sacrificar a aquello que m\u00e1s amaba.<\/span><\/p>\n<p>&nbsp;<\/p>\n<p>INSTAGRAM: <a href=\"https:\/\/www.instagram.com\/deb.soto\/\">@deb.soto<\/a><\/p>\n<p>YOUTUBE: <a href=\"https:\/\/www.youtube.com\/channel\/UCglcjecCGs4ji08NTAfHTBg\">DEB SOTO ESCRITORA<\/a><\/p>\n","protected":false},"featured_media":3382,"comment_status":"open","ping_status":"closed","template":"","meta":{"_monsterinsights_skip_tracking":false,"_monsterinsights_sitenote_active":false,"_monsterinsights_sitenote_note":"","_monsterinsights_sitenote_category":0,"_uf_show_specific_survey":0,"_uf_disable_surveys":false},"product_cat":[58,129,30,133,25,54],"product_tag":[28,29,132,107,26],"_links":{"self":[{"href":"https:\/\/insertapr.com\/index.php?rest_route=\/wp\/v2\/product\/3381"}],"collection":[{"href":"https:\/\/insertapr.com\/index.php?rest_route=\/wp\/v2\/product"}],"about":[{"href":"https:\/\/insertapr.com\/index.php?rest_route=\/wp\/v2\/types\/product"}],"replies":[{"embeddable":true,"href":"https:\/\/insertapr.com\/index.php?rest_route=%2Fwp%2Fv2%2Fcomments&post=3381"}],"wp:featuredmedia":[{"embeddable":true,"href":"https:\/\/insertapr.com\/index.php?rest_route=\/wp\/v2\/media\/3382"}],"wp:attachment":[{"href":"https:\/\/insertapr.com\/index.php?rest_route=%2Fwp%2Fv2%2Fmedia&parent=3381"}],"wp:term":[{"taxonomy":"product_cat","embeddable":true,"href":"https:\/\/insertapr.com\/index.php?rest_route=%2Fwp%2Fv2%2Fproduct_cat&post=3381"},{"taxonomy":"product_tag","embeddable":true,"href":"https:\/\/insertapr.com\/index.php?rest_route=%2Fwp%2Fv2%2Fproduct_tag&post=3381"}],"curies":[{"name":"wp","href":"https:\/\/api.w.org\/{rel}","templated":true}]}}