{"id":645,"date":"2022-04-13T16:07:41","date_gmt":"2022-04-13T16:07:41","guid":{"rendered":"https:\/\/insertapr.com\/?page_id=645"},"modified":"2026-04-11T22:45:20","modified_gmt":"2026-04-12T02:45:20","slug":"terms-and-conditions","status":"publish","type":"page","link":"https:\/\/insertapr.com\/?page_id=645","title":{"rendered":"T\u00e9rminos y Condiciones"},"content":{"rendered":"\t\t<div data-elementor-type=\"wp-page\" data-elementor-id=\"645\" class=\"elementor elementor-645\">\n\t\t\t\t\t\t<section class=\"elementor-section elementor-top-section elementor-element elementor-element-60776bad elementor-section-boxed elementor-section-height-default elementor-section-height-default\" data-id=\"60776bad\" data-element_type=\"section\">\n\t\t\t\t\t\t<div class=\"elementor-container elementor-column-gap-default\">\n\t\t\t\t\t<div class=\"elementor-column elementor-col-100 elementor-top-column elementor-element elementor-element-458cb353\" data-id=\"458cb353\" data-element_type=\"column\">\n\t\t\t<div class=\"elementor-widget-wrap elementor-element-populated\">\n\t\t\t\t\t\t<div class=\"elementor-element elementor-element-517e7871 elementor-widget__width-initial elementor-widget elementor-widget-text-editor\" data-id=\"517e7871\" data-element_type=\"widget\" data-widget_type=\"text-editor.default\">\n\t\t\t\t<div class=\"elementor-widget-container\">\n\t\t\t<style>\/*! elementor - v3.23.0 - 05-08-2024 *\/\n.elementor-widget-text-editor.elementor-drop-cap-view-stacked .elementor-drop-cap{background-color:#69727d;color:#fff}.elementor-widget-text-editor.elementor-drop-cap-view-framed .elementor-drop-cap{color:#69727d;border:3px solid;background-color:transparent}.elementor-widget-text-editor:not(.elementor-drop-cap-view-default) .elementor-drop-cap{margin-top:8px}.elementor-widget-text-editor:not(.elementor-drop-cap-view-default) .elementor-drop-cap-letter{width:1em;height:1em}.elementor-widget-text-editor .elementor-drop-cap{float:left;text-align:center;line-height:1;font-size:50px}.elementor-widget-text-editor .elementor-drop-cap-letter{display:inline-block}<\/style>\t\t\t\t<p><!-- wp:heading --><\/p>\n<h2>Te doy la bienvenida a Inserta<\/h2>\n<p>Estos T\u00e9rminos y Condiciones describen las reglas y condiciones para el uso del sitio web de Inserta,\u00a0<a href=\"https:\/\/insertapr.com\/\" target=\"_new\" rel=\"noopener\" data-start=\"777\" data-end=\"798\">https:\/\/insertapr.com<\/a>.\u00a0<span style=\"font-family: inherit; font-size: inherit; letter-spacing: var(--theme-letter-spacing); text-transform: var(--theme-text-transform); text-decoration: var(--theme-text-decoration);\">Al acceder a este sitio web, aceptas estos T\u00e9rminos y Condiciones en su totalidad. Si no est\u00e1s de acuerdo con alguno de ellos, te recomendamos no utilizar este sitio.\u00a0<\/span><span style=\"font-family: inherit; font-size: inherit; letter-spacing: var(--theme-letter-spacing); text-transform: var(--theme-text-transform); text-decoration: var(--theme-text-decoration);\">A lo largo de este documento, los t\u00e9rminos \u201ccliente\u201d, \u201cusuario\u201d, \u201ct\u00fa\u201d y \u201ctu\u201d se refieren a la persona que accede o realiza una compra en este sitio. Los t\u00e9rminos \u201cInserta\u201d, \u201cnosotros\u201d, \u201cnuestro\u201d o \u201cla tienda\u201d se refieren a la empresa propietaria del sitio web.<\/span><\/p>\n<p><!-- \/wp:paragraph --><\/p>\n<p><!-- wp:heading {\"level\":3} --><\/p>\n<h3><strong>1. Cookies<\/strong><\/h3>\n<p><!-- \/wp:heading --><\/p>\n<p><!-- wp:paragraph --><\/p>\n<p><span style=\"caret-color: #000000; color: #000000; font-size: medium;\">Este sitio utiliza cookies para mejorar la experiencia del usuario y garantizar el correcto funcionamiento de la p\u00e1gina. Al continuar navegando, aceptas el uso de cookies de acuerdo con nuestra Pol\u00edtica de Privacidad.<\/span><\/p>\n<p><!-- \/wp:paragraph --><\/p>\n<p><!-- wp:heading {\"level\":3} --><\/p>\n<h3><strong>2. Propiedad intelectual\u00a0<\/strong><\/h3>\n<p><!-- \/wp:heading --><\/p>\n<p><!-- wp:paragraph --><\/p>\n<p style=\"font-style: normal; font-variant-caps: normal; caret-color: #000000; color: #000000;\" data-start=\"1196\" data-end=\"1429\">Todo el contenido disponible en este sitio web, incluyendo textos, im\u00e1genes, logotipos y dise\u00f1o, es propiedad de Inserta o cuenta con las licencias correspondientes, y est\u00e1 protegido por las leyes aplicables de propiedad intelectual.<\/p>\n<p style=\"font-style: normal; font-variant-caps: normal; caret-color: #000000; color: #000000;\" data-start=\"1431\" data-end=\"1524\">Se permite el acceso y uso del contenido \u00fanicamente para fines personales. No est\u00e1 permitido:<\/p>\n<ul style=\"font-style: normal; font-variant-caps: normal; caret-color: #000000; color: #000000;\" data-start=\"1526\" data-end=\"1675\">\n<li data-section-id=\"13cdpu8\" data-start=\"1526\" data-end=\"1579\">Reproducir, duplicar o copiar contenido del sitio<\/li>\n<li data-section-id=\"1yjwvcx\" data-start=\"1580\" data-end=\"1624\">Vender, alquilar o sublicenciar material<\/li>\n<li data-section-id=\"1b3lwdk\" data-start=\"1625\" data-end=\"1675\">Redistribuir contenido sin autorizaci\u00f3n previa<\/li>\n<\/ul>\n<p><!-- \/wp:paragraph --><\/p>\n<p><!-- wp:heading {\"level\":3} --><\/p>\n<h3>3. Enlaces a nuestro sitio web<\/h3>\n<div>\n<p style=\"font-style: normal; font-variant-caps: normal; caret-color: #000000; color: #000000;\" data-start=\"996\" data-end=\"1206\">Se permite enlazar a nuestro sitio web siempre que el enlace no sea enga\u00f1oso, no implique una relaci\u00f3n, aprobaci\u00f3n o respaldo por parte de Inserta, y sea apropiado dentro del contexto del sitio que lo comparte.\u00a0<span style=\"font-family: inherit; font-size: inherit; letter-spacing: var(--theme-letter-spacing); text-transform: var(--theme-text-transform); text-decoration: var(--theme-text-decoration);\">No se permite el uso de nuestro logo, im\u00e1genes o contenido sin autorizaci\u00f3n previa.<\/span><\/p>\n<h3>4. Pedidos especiales<\/h3>\n<p style=\"font-style: normal; font-variant-caps: normal; caret-color: #000000; color: #000000;\" data-start=\"691\" data-end=\"793\">Inserta ofrece un servicio de pedidos personalizados de libros (\u201cBook Mail\u201d), sujeto a disponibilidad.<\/p>\n<p style=\"font-style: normal; font-variant-caps: normal; caret-color: #000000; color: #000000;\" data-start=\"795\" data-end=\"850\">Este servicio funciona bajo las siguientes condiciones:<\/p>\n<ul style=\"font-style: normal; font-variant-caps: normal; caret-color: #000000; color: #000000;\" data-start=\"852\" data-end=\"1278\">\n<li data-section-id=\"1tt684\" data-start=\"852\" data-end=\"980\">Los libros se solicitan a pedido y pueden tardar aproximadamente\u00a0<span data-start=\"919\" data-end=\"938\">2 semanas o m\u00e1s<\/span>\u00a0en llegar luego de realizado el pedido.<\/li>\n<li data-section-id=\"1wr9k2t\" data-start=\"981\" data-end=\"1143\">No se requiere pago por adelantado. El cliente ser\u00e1 notificado cuando los libros est\u00e9n disponibles y tendr\u00e1 un plazo de\u00a0<span data-start=\"1103\" data-end=\"1140\">una semana para completar el pago<\/span>.<\/li>\n<li data-section-id=\"1xy7zwg\" data-start=\"1144\" data-end=\"1278\">Solicitar un libro no obliga al cliente a comprarlo al momento de su llegada, pero se agradece notificar si ya no desea el pedido.<\/li>\n<\/ul>\n<p style=\"font-style: normal; font-variant-caps: normal; caret-color: #000000; color: #000000;\" data-start=\"1280\" data-end=\"1425\">La disponibilidad de los libros no est\u00e1 garantizada. Algunos t\u00edtulos pueden no llegar debido a factores externos, incluyendo pero no limitados a:<\/p>\n<ul style=\"font-style: normal; font-variant-caps: normal; caret-color: #000000; color: #000000;\" data-start=\"1426\" data-end=\"1554\">\n<li data-section-id=\"1p2iqp9\" data-start=\"1426\" data-end=\"1454\">Libros no publicados a\u00fan<\/li>\n<li data-section-id=\"1qc2856\" data-start=\"1455\" data-end=\"1494\">Reimpresiones o falta de inventario<\/li>\n<li data-section-id=\"130atej\" data-start=\"1495\" data-end=\"1554\">Restricciones de distribuci\u00f3n por parte de la editorial<\/li>\n<\/ul>\n<p style=\"font-style: normal; font-variant-caps: normal; caret-color: #000000; color: #000000;\" data-start=\"1556\" data-end=\"1666\">Inserta se reserva el derecho de cancelar o no completar un pedido en caso de situaciones fuera de su control.<\/p>\n<h3 style=\"border-width: medium; border-style: none; font-style: normal; font-variant-caps: normal; letter-spacing: normal; text-transform: none; text-decoration: none; --theme-font-weight: 700; --theme-font-style: normal; --theme-font-size: 30px; --theme-line-height: 1.5;\"><strong>5. Env\u00edos<\/strong><\/h3>\n<p style=\"font-style: normal; font-variant-caps: normal;\" data-start=\"79\" data-end=\"335\">Realizamos env\u00edos a Puerto Rico y Estados Unidos a trav\u00e9s de USPS. El tiempo estimado de entrega, una vez procesado el pedido, es de hasta una semana, aunque en muchos casos los paquetes pueden llegar antes. Los env\u00edos se procesan generalmente los viernes.<\/p>\n<p style=\"font-style: normal; font-variant-caps: normal;\" data-start=\"337\" data-end=\"592\">Una vez enviada la orden, el cliente recibir\u00e1 un correo electr\u00f3nico con el n\u00famero de rastreo (tracking number). Si no lo recibe, se recomienda verificar la carpeta de spam. Tambi\u00e9n puede solicitarlo directamente a trav\u00e9s de mensaje o correo electr\u00f3nico.<\/p>\n<p style=\"font-style: normal; font-variant-caps: normal;\" data-start=\"594\" data-end=\"718\"><span style=\"font-family: inherit; font-size: inherit; letter-spacing: var(--theme-letter-spacing); text-transform: var(--theme-text-transform); text-decoration: var(--theme-text-decoration);\">Una vez el pedido es entregado al servicio postal (USPS), Inserta no se hace responsable por da\u00f1os, retrasos o p\u00e9rdidas ocurridas durante el proceso de env\u00edo.<\/span><\/p>\n<p style=\"font-style: normal; font-variant-caps: normal;\" data-start=\"870\" data-end=\"1121\">El cliente es responsable de proporcionar correctamente la direcci\u00f3n de env\u00edo al momento de realizar su pedido. En caso de que el paquete sea devuelto debido a una direcci\u00f3n incorrecta o incompleta, el cliente deber\u00e1 asumir el costo de un nuevo env\u00edo.\u00a0<\/p>\n<p style=\"font-style: normal; font-variant-caps: normal;\" data-pm-slice=\"0 0 []\">Si el cliente decide no recibir el paquete nuevamente, se podr\u00e1 realizar un reembolso que corresponde solo al costo del libro, descontando los fees de las plataformas de pago. No se reembolsar\u00e1n los gastos de env\u00edo.<\/p>\n<h3 style=\"border-width: medium; border-style: none; font-style: normal; font-variant-caps: normal; letter-spacing: normal; text-transform: none; text-decoration: none; --theme-font-weight: 700; --theme-font-style: normal; --theme-font-size: 30px; --theme-line-height: 1.5;\"><strong>6. Devoluciones y reembolsos<\/strong><\/h3>\n<p style=\"font-style: normal; font-variant-caps: normal; caret-color: #000000; color: #000000;\" data-start=\"139\" data-end=\"328\">Se aceptan solicitudes de devoluci\u00f3n dentro de un plazo de hasta\u00a0<span data-start=\"204\" data-end=\"243\">3 d\u00edas luego de recibido el paquete<\/span>. Para procesar la solicitud, el cliente deber\u00e1 enviar\u00a0<span data-start=\"298\" data-end=\"327\">fotos claras del problema<\/span>.<\/p>\n<p style=\"font-style: normal; font-variant-caps: normal; caret-color: #000000; color: #000000;\" data-start=\"330\" data-end=\"398\">Las devoluciones ser\u00e1n aceptadas \u00fanicamente en los siguientes casos:<\/p>\n<ul style=\"font-style: normal; font-variant-caps: normal; caret-color: #000000; color: #000000;\" data-start=\"399\" data-end=\"486\">\n<li data-section-id=\"keprki\" data-start=\"399\" data-end=\"450\">El libro lleg\u00f3 roto o con un da\u00f1o significativo<\/li>\n<li data-section-id=\"x9i9jk\" data-start=\"451\" data-end=\"486\">Se envi\u00f3 un producto incorrecto<\/li>\n<\/ul>\n<p style=\"font-style: normal; font-variant-caps: normal; caret-color: #000000; color: #000000;\" data-start=\"488\" data-end=\"519\">No se aceptan devoluciones por:<\/p>\n<ul style=\"font-style: normal; font-variant-caps: normal; caret-color: #000000; color: #000000;\" data-start=\"520\" data-end=\"607\">\n<li data-section-id=\"m1srda\" data-start=\"520\" data-end=\"536\">Marcas leves<\/li>\n<li data-section-id=\"qi0tap\" data-start=\"537\" data-end=\"607\">Doblez en esquinas o detalles ocasionados por el manejo del correo<\/li>\n<\/ul>\n<p style=\"font-style: normal; font-variant-caps: normal; caret-color: #000000; color: #000000;\" data-start=\"609\" data-end=\"847\">El cliente es responsable de enviar el paquete de regreso y cubrir el costo del env\u00edo. Los libros deben ser devueltos\u00a0<span data-start=\"727\" data-end=\"753\">debidamente protegidos<\/span>, en condiciones similares a como fueron recibidos (envueltos en bubble wrap o papel estraza).<\/p>\n<p style=\"font-style: normal; font-variant-caps: normal; caret-color: #000000; color: #000000;\" data-start=\"849\" data-end=\"913\">El reembolso se procesar\u00e1 una vez el paquete haya sido recibido.<\/p>\n<p style=\"font-style: normal; font-variant-caps: normal; caret-color: #000000; color: #000000;\" data-start=\"915\" data-end=\"988\">El reembolso incluye \u00fanicamente el costo del producto. No se reembolsa:<\/p>\n<ul style=\"font-style: normal; font-variant-caps: normal; caret-color: #000000; color: #000000;\" data-start=\"989\" data-end=\"1088\">\n<li data-section-id=\"7blojf\" data-start=\"989\" data-end=\"1010\">El costo de env\u00edo<\/li>\n<li data-section-id=\"rzmbpk\" data-start=\"1011\" data-end=\"1088\">Fees de plataformas de pago (PayPal, ATH M\u00f3vil o cargos de la p\u00e1gina web)<\/li>\n<\/ul>\n<p style=\"font-style: normal; font-variant-caps: normal; caret-color: #000000; color: #000000;\" data-start=\"1090\" data-end=\"1282\"><strong data-start=\"1090\" data-end=\"1104\">Excepci\u00f3n:<\/strong><br data-start=\"1104\" data-end=\"1107\" \/>En caso de que el error haya sido de la tienda (producto incorrecto enviado) o el libro haya llegado completamente da\u00f1ado, se realizar\u00e1 el reembolso total del dinero recibido.<\/p>\n<\/div>\n<p><!-- \/wp:paragraph --><\/p>\n<p><!-- wp:heading {\"level\":3} --><\/p>\n<h3><strong>7. Modificaciones<\/strong><\/h3>\n<p><!-- \/wp:heading --><\/p>\n<p><!-- wp:paragraph --><\/p>\n<p style=\"font-style: normal; font-variant-caps: normal; caret-color: #000000; color: #000000;\" data-start=\"951\" data-end=\"1112\">Inserta se reserva el derecho de modificar estos T\u00e9rminos y Condiciones en cualquier momento. Los cambios entrar\u00e1n en vigor una vez publicados en este sitio web.\u00a0<span style=\"font-family: inherit; font-size: inherit; font-style: inherit; font-variant-caps: inherit; letter-spacing: var(--theme-letter-spacing); text-transform: var(--theme-text-transform); text-decoration: var(--theme-text-decoration);\">El uso continuo del sitio despu\u00e9s de dichos cambios implica la aceptaci\u00f3n de los nuevos t\u00e9rminos.\u00a0<\/span><\/p>\n<p><!-- \/wp:paragraph --><\/p>\n<p><!-- wp:heading {\"level\":3} --><\/p>\n<h3><strong>8. Limitaci\u00f3n de responsabilidad<\/strong><\/h3>\n<p><!-- \/wp:heading --><\/p>\n<p><!-- wp:paragraph --><\/p>\n<p style=\"font-style: normal; font-variant-caps: normal; caret-color: #000000; color: #000000;\" data-start=\"937\" data-end=\"970\"><span style=\"font-family: inherit; font-size: inherit; letter-spacing: var(--theme-letter-spacing); text-transform: var(--theme-text-transform); text-decoration: var(--theme-text-decoration);\">Inserta no garantiza que la informaci\u00f3n contenida en este sitio sea completamente precisa, actualizada o libre de errores. Nos reservamos el derecho de corregir cualquier error, inexactitud u omisi\u00f3n en cualquier momento.\u00a0<\/span><span style=\"font-family: inherit; font-size: inherit; letter-spacing: var(--theme-letter-spacing); text-transform: var(--theme-text-transform); text-decoration: var(--theme-text-decoration);\">No nos hacemos responsables por interrupciones del sitio web, fallos t\u00e9cnicos, ni por retrasos o incumplimientos causados por terceros, incluyendo servicios de pago y empresas de env\u00edo.\u00a0<\/span><span style=\"font-family: inherit; font-size: inherit; letter-spacing: var(--theme-letter-spacing); text-transform: var(--theme-text-transform); text-decoration: var(--theme-text-decoration);\">En la medida permitida por la ley, Inserta no ser\u00e1 responsable por da\u00f1os indirectos, incidentales o consecuentes derivados del uso de este sitio web o de la compra de productos a trav\u00e9s del mismo.<\/span><\/p>\n<p><!-- \/wp:paragraph --><\/p>\t\t\t\t\t\t<\/div>\n\t\t\t\t<\/div>\n\t\t\t\t\t<\/div>\n\t\t<\/div>\n\t\t\t\t\t<\/div>\n\t\t<\/section>\n\t\t\t\t<\/div>\n\t\t","protected":false},"excerpt":{"rendered":"<p>Te doy la bienvenida a Inserta Estos T\u00e9rminos y Condiciones describen las reglas y condiciones para el uso del sitio web de Inserta,\u00a0https:\/\/insertapr.com.\u00a0Al acceder a este sitio web, aceptas estos T\u00e9rminos y Condiciones en su totalidad. Si no est\u00e1s de acuerdo con alguno de ellos, te recomendamos no utilizar este sitio.\u00a0A lo largo de este [&hellip;]<\/p>\n","protected":false},"author":1,"featured_media":0,"parent":0,"menu_order":0,"comment_status":"closed","ping_status":"closed","template":"","meta":{"_monsterinsights_skip_tracking":false,"_monsterinsights_sitenote_active":false,"_monsterinsights_sitenote_note":"","_monsterinsights_sitenote_category":0,"_uf_show_specific_survey":0,"_uf_disable_surveys":false,"footnotes":""},"blocksy_meta":{"styles_descriptor":{"styles":{"desktop":"","tablet":"","mobile":""},"google_fonts":[],"version":6}},"_links":{"self":[{"href":"https:\/\/insertapr.com\/index.php?rest_route=\/wp\/v2\/pages\/645"}],"collection":[{"href":"https:\/\/insertapr.com\/index.php?rest_route=\/wp\/v2\/pages"}],"about":[{"href":"https:\/\/insertapr.com\/index.php?rest_route=\/wp\/v2\/types\/page"}],"author":[{"embeddable":true,"href":"https:\/\/insertapr.com\/index.php?rest_route=\/wp\/v2\/users\/1"}],"replies":[{"embeddable":true,"href":"https:\/\/insertapr.com\/index.php?rest_route=%2Fwp%2Fv2%2Fcomments&post=645"}],"version-history":[{"count":30,"href":"https:\/\/insertapr.com\/index.php?rest_route=\/wp\/v2\/pages\/645\/revisions"}],"predecessor-version":[{"id":8251,"href":"https:\/\/insertapr.com\/index.php?rest_route=\/wp\/v2\/pages\/645\/revisions\/8251"}],"wp:attachment":[{"href":"https:\/\/insertapr.com\/index.php?rest_route=%2Fwp%2Fv2%2Fmedia&parent=645"}],"curies":[{"name":"wp","href":"https:\/\/api.w.org\/{rel}","templated":true}]}}