{"id":5544,"date":"2024-11-06T10:48:49","date_gmt":"2024-11-06T14:48:49","guid":{"rendered":"https:\/\/insertapr.com\/?page_id=5544"},"modified":"2024-12-02T17:55:18","modified_gmt":"2024-12-02T21:55:18","slug":"resenas-2","status":"publish","type":"page","link":"https:\/\/insertapr.com\/?page_id=5544","title":{"rendered":"RESE\u00d1AS"},"content":{"rendered":"\t\t<div data-elementor-type=\"wp-page\" data-elementor-id=\"5544\" class=\"elementor elementor-5544\">\n\t\t\t\t\t\t<section class=\"elementor-section elementor-top-section elementor-element elementor-element-3608997 elementor-section-boxed elementor-section-height-default elementor-section-height-default\" data-id=\"3608997\" data-element_type=\"section\">\n\t\t\t\t\t\t<div class=\"elementor-container elementor-column-gap-default\">\n\t\t\t\t\t<div class=\"elementor-column elementor-col-100 elementor-top-column elementor-element elementor-element-cb1668f\" data-id=\"cb1668f\" data-element_type=\"column\">\n\t\t\t<div class=\"elementor-widget-wrap elementor-element-populated\">\n\t\t\t\t\t\t<div class=\"elementor-element elementor-element-f23c2bd elementor-widget elementor-widget-text-editor\" data-id=\"f23c2bd\" data-element_type=\"widget\" data-widget_type=\"text-editor.default\">\n\t\t\t\t<div class=\"elementor-widget-container\">\n\t\t\t<style>\/*! elementor - v3.23.0 - 05-08-2024 *\/\n.elementor-widget-text-editor.elementor-drop-cap-view-stacked .elementor-drop-cap{background-color:#69727d;color:#fff}.elementor-widget-text-editor.elementor-drop-cap-view-framed .elementor-drop-cap{color:#69727d;border:3px solid;background-color:transparent}.elementor-widget-text-editor:not(.elementor-drop-cap-view-default) .elementor-drop-cap{margin-top:8px}.elementor-widget-text-editor:not(.elementor-drop-cap-view-default) .elementor-drop-cap-letter{width:1em;height:1em}.elementor-widget-text-editor .elementor-drop-cap{float:left;text-align:center;line-height:1;font-size:50px}.elementor-widget-text-editor .elementor-drop-cap-letter{display:inline-block}<\/style>\t\t\t\t<p>\ud83d\udcda Este es un espacio donde los Embajadores de Lectura y yo (Deb Soto), compartimos nuestras opiniones sobre algunos de los libros que hemos le\u00eddo. Espero que nuestras experiencias te inspiren a descubrir tu pr\u00f3xima gran aventura literaria. \ud83d\udcd6\u2728<\/p>\t\t\t\t\t\t<\/div>\n\t\t\t\t<\/div>\n\t\t\t\t\t<\/div>\n\t\t<\/div>\n\t\t\t\t\t<\/div>\n\t\t<\/section>\n\t\t\t\t<section class=\"elementor-section elementor-top-section elementor-element elementor-element-f7fa659 elementor-section-boxed elementor-section-height-default elementor-section-height-default\" data-id=\"f7fa659\" data-element_type=\"section\">\n\t\t\t\t\t\t<div class=\"elementor-container elementor-column-gap-default\">\n\t\t\t\t\t<div class=\"elementor-column elementor-col-100 elementor-top-column elementor-element elementor-element-41a00bd\" data-id=\"41a00bd\" data-element_type=\"column\">\n\t\t\t<div class=\"elementor-widget-wrap elementor-element-populated\">\n\t\t\t\t\t\t<div class=\"elementor-element elementor-element-f2397b3 elementor-widget elementor-widget-blogmentor_blog_posts\" data-id=\"f2397b3\" data-element_type=\"widget\" data-widget_type=\"blogmentor_blog_posts.default\">\n\t\t\t\t<div class=\"elementor-widget-container\">\n\t\t\t\t\t\n\t\t\t\t\t<div class=\"upl-main\">\n\t\t<div class=\"upl-container\">\n\t\t\t\t\t\t\t<div class=\"upl-left-section bm_content_box\">\n\t\t\t\t\t\t\t\t<div class=\"bm-post-image clearfix bm-hover-effect\">\n\t\t\t\t\t<div class=\"upl-image\" style=\"background-image: url('https:\/\/insertapr.com\/wp-content\/uploads\/2025\/06\/Resena.png')\"><\/div>\n\t\t\t\t<\/div>\n\t\t\t\t<div class=\"upl-author\"><img decoding=\"async\" src=\"https:\/\/secure.gravatar.com\/avatar\/3c5a59fdc6b17f102de798c75adfcadd?s=96&d=mm&r=g\"><\/div>\n\t\t\t\t<div class=\"upl-title bm_title\"><a href=\"https:\/\/insertapr.com\/?p=7030\" rel=\"bookmark\">La Dama de los Invisibles, Yarim Machado<\/a><\/div>\t\t\t\t\t<div class=\"upl-excerpt bm_content\"> Por:\u00a0Deb Soto\ud83d\udcd6 \u2018La Dama de los Invisibles\u2019 \u2013 Yarim Machado(segunda parte de la saga)Termin\u00e9 este libro y tuve que sentarme a procesar el final porque me dej\u00f3 intrigada\u2026 una noticia&hellip; <\/div>\n\t\t\t\t\t\t\t<\/div>\n\t\t\t\n\t\t\t\t\t\t<div class=\"upl-right-section\">\n\t\t\t\t<div class=\"upl-top bm_content_box\">\n\t\t\t\t\t<div class=\"bm-post-image clearfix bm-hover-effect\">\n\t\t\t\t\t\t<div class=\"upl-image\" style=\"background-image: url('https:\/\/insertapr.com\/wp-content\/uploads\/2025\/02\/Resena-2.png')\"><\/div>\n\t\t\t\t\t<\/div>\n\t\t\t\t\t<div class=\"upl-author\">\n\t\t\t\t\t\t<img decoding=\"async\" src=\"https:\/\/secure.gravatar.com\/avatar\/3c5a59fdc6b17f102de798c75adfcadd?s=96&d=mm&r=g\">\n\t\t\t\t\t<\/div>\n\t\t\t\t\t<div class=\"upl-title bm_title\"><a href=\"https:\/\/insertapr.com\/?p=6414\" rel=\"bookmark\">Pantalones Blancos, de Alexandra Bellido Soto<\/a><\/div>\t\t\t\t\t\t<div class=\"upl-excerpt bm_content\"> Por:&nbsp;Deb Soto \ud83d\udcda\u2728 Pantalones Blancos es un viaje directo a nuestra adolescencia.&hellip; <\/div>\n\t\t\t\t\t\t\t\t\t<\/div>\n\t\t\t\t\t\t\t<div class=\"upl-bottom bm_content_box\">\n\t\t\t\t\t<div class=\"bm-post-image clearfix bm-hover-effect\">\n\t\t\t\t\t\t<div class=\"upl-image\" style=\"background-image: url('https:\/\/insertapr.com\/wp-content\/uploads\/2025\/02\/Resena.png')\"><\/div>\n\t\t\t\t\t<\/div>\n\t\t\t\t\t<div class=\"upl-author\">\n\t\t\t\t\t\t<img decoding=\"async\" src=\"https:\/\/secure.gravatar.com\/avatar\/3c5a59fdc6b17f102de798c75adfcadd?s=96&d=mm&r=g\">\n\t\t\t\t\t<\/div>\n\t\t\t\t\t<div class=\"upl-title bm_title\"><a href=\"https:\/\/insertapr.com\/?p=6402\" rel=\"bookmark\">Para\u00edso del Pecado, de Kevin Cordero<\/a><\/div>\t\t\t\t\t\t<div class=\"upl-excerpt bm_content\"> Por:&nbsp;Deb Soto Si te gustan las historias de detectives, los misterios bien&hellip; <\/div>\n\t\t\t\t\t\t\t\t\t<\/div>\n\t\t\t\t\t\t<\/div>\n\t\t<\/div>\n\t<\/div>\n\n\t<div class=\"upl-second-section\">\n\t\t\t\t\t<div class=\"upl-second bm_content_box\">\n\t\t\t\t<div class=\"bm-post-image clearfix bm-hover-effect\">\n\t\t\t\t\t<div class=\"upl-image\" style=\"background-image: url('https:\/\/insertapr.com\/wp-content\/uploads\/2025\/01\/Resena.png')\"><\/div>\n\t\t\t\t<\/div>\n\t\t\t\t<div class=\"upl-author\">\n\t\t\t\t\t<img decoding=\"async\" src=\"https:\/\/secure.gravatar.com\/avatar\/3c5a59fdc6b17f102de798c75adfcadd?s=96&d=mm&r=g\">\n\t\t\t\t<\/div>\n\t\t\t\t<div class=\"upl-title bm_title\"><a href=\"https:\/\/insertapr.com\/?p=6220\" rel=\"bookmark\">El tiempo de las moscas de Claudia Pi\u00f1eiro \ud83e\udeb0\ud83d\udcda\u2728<\/a><\/div>\t\t\t\t\t<div class=\"upl-excerpt bm_content\"> Por:\u00a0Deb Soto\u2018El tiempo de las moscas\u2019 logra atrapar con su profundidad y&hellip; <\/div>\n\t\t\t\t\t\t\t<\/div>\n\t\t\t\t\t<div class=\"upl-second bm_content_box\">\n\t\t\t\t<div class=\"bm-post-image clearfix bm-hover-effect\">\n\t\t\t\t\t<div class=\"upl-image\" style=\"background-image: url('https:\/\/insertapr.com\/wp-content\/uploads\/2024\/12\/Copia-de-Resena-1.png')\"><\/div>\n\t\t\t\t<\/div>\n\t\t\t\t<div class=\"upl-author\">\n\t\t\t\t\t<img decoding=\"async\" src=\"https:\/\/secure.gravatar.com\/avatar\/3c5a59fdc6b17f102de798c75adfcadd?s=96&d=mm&r=g\">\n\t\t\t\t<\/div>\n\t\t\t\t<div class=\"upl-title bm_title\"><a href=\"https:\/\/insertapr.com\/?p=6026\" rel=\"bookmark\">Culpa M\u00eda<\/a><\/div>\t\t\t\t\t<div class=\"upl-excerpt bm_content\"> Lectura de: Evy (secretly.reading) T\u00edtulo: Culpa M\u00eda (My Fault)Autora: Mercedes RonG\u00e9neros: Romance&hellip; <\/div>\n\t\t\t\t\t\t\t<\/div>\n\t\t\t\t\t<div class=\"upl-second bm_content_box\">\n\t\t\t\t<div class=\"bm-post-image clearfix bm-hover-effect\">\n\t\t\t\t\t<div class=\"upl-image\" style=\"background-image: url('https:\/\/insertapr.com\/wp-content\/uploads\/2024\/11\/515SoOHheML._SL500_.jpg')\"><\/div>\n\t\t\t\t<\/div>\n\t\t\t\t<div class=\"upl-author\">\n\t\t\t\t\t<img decoding=\"async\" src=\"https:\/\/secure.gravatar.com\/avatar\/3c5a59fdc6b17f102de798c75adfcadd?s=96&d=mm&r=g\">\n\t\t\t\t<\/div>\n\t\t\t\t<div class=\"upl-title bm_title\"><a href=\"https:\/\/insertapr.com\/?p=5916\" rel=\"bookmark\">The Viscount Who Loved Me, Julia Quinn (AUDIOBOOK)<\/a><\/div>\t\t\t\t\t<div class=\"upl-excerpt bm_content\"> Lectura de: G\u00e9nesis \u2013 @come.libros_Plot- or character-driven? PlotStrong character development? NoLoveable characters?&hellip; <\/div>\n\t\t\t\t\t\t\t<\/div>\n\t\t\t\t\t<div class=\"upl-second bm_content_box\">\n\t\t\t\t<div class=\"bm-post-image clearfix bm-hover-effect\">\n\t\t\t\t\t<div class=\"upl-image\" style=\"background-image: url('https:\/\/insertapr.com\/wp-content\/uploads\/2024\/11\/Resena-2.png')\"><\/div>\n\t\t\t\t<\/div>\n\t\t\t\t<div class=\"upl-author\">\n\t\t\t\t\t<img decoding=\"async\" src=\"https:\/\/secure.gravatar.com\/avatar\/3c5a59fdc6b17f102de798c75adfcadd?s=96&d=mm&r=g\">\n\t\t\t\t<\/div>\n\t\t\t\t<div class=\"upl-title bm_title\"><a href=\"https:\/\/insertapr.com\/?p=5750\" rel=\"bookmark\">\u2018Amores en tiempos de colonia\u2019 de Maggie Medina<\/a><\/div>\t\t\t\t\t<div class=\"upl-excerpt bm_content\"> Por:\u00a0Deb SotoUn viaje al pasado, donde el amor vence a la esclavitud.En&hellip; <\/div>\n\t\t\t\t\t\t\t<\/div>\n\t\t\t\t\t<div class=\"upl-second bm_content_box\">\n\t\t\t\t<div class=\"bm-post-image clearfix bm-hover-effect\">\n\t\t\t\t\t<div class=\"upl-image\" style=\"background-image: url('https:\/\/insertapr.com\/wp-content\/uploads\/2024\/11\/Resena-1.png')\"><\/div>\n\t\t\t\t<\/div>\n\t\t\t\t<div class=\"upl-author\">\n\t\t\t\t\t<img decoding=\"async\" src=\"https:\/\/secure.gravatar.com\/avatar\/3c5a59fdc6b17f102de798c75adfcadd?s=96&d=mm&r=g\">\n\t\t\t\t<\/div>\n\t\t\t\t<div class=\"upl-title bm_title\"><a href=\"https:\/\/insertapr.com\/?p=5707\" rel=\"bookmark\">Imperfectas navidades<\/a><\/div>\t\t\t\t\t<div class=\"upl-excerpt bm_content\"> Lectura de: Nahomi - Leer es terapia Imperfectas navidadesAutor: @cherrychic \u2764\ufe0fOpini\u00f3n: Quer\u00eda&hellip; <\/div>\n\t\t\t\t\t\t\t<\/div>\n\t\t\t\t\t<div class=\"upl-second bm_content_box\">\n\t\t\t\t<div class=\"bm-post-image clearfix bm-hover-effect\">\n\t\t\t\t\t<div class=\"upl-image\" style=\"background-image: url('https:\/\/insertapr.com\/wp-content\/uploads\/2024\/11\/Resena.png')\"><\/div>\n\t\t\t\t<\/div>\n\t\t\t\t<div class=\"upl-author\">\n\t\t\t\t\t<img decoding=\"async\" src=\"https:\/\/secure.gravatar.com\/avatar\/3c5a59fdc6b17f102de798c75adfcadd?s=96&d=mm&r=g\">\n\t\t\t\t<\/div>\n\t\t\t\t<div class=\"upl-title bm_title\"><a href=\"https:\/\/insertapr.com\/?p=5657\" rel=\"bookmark\">Yumi y el pintor de pesadillas<\/a><\/div>\t\t\t\t\t<div class=\"upl-excerpt bm_content\"> Por:\u00a0Deb Soto\"Yumi y el pintor de pesadillas\"&nbsp;es una verdadera joya de&nbsp;Brandon Sanderson&nbsp;que&hellip; <\/div>\n\t\t\t\t\t\t\t<\/div>\n\t\t\t<\/div>\n\t\t\t<div class=\"bm-pagination pagination_style_1\">\n\t\t\t\t<span aria-current=\"page\" class=\"page-numbers current\">1<\/span>\n<a class=\"page-numbers\" href=\"https:\/\/insertapr.com\/index.php?rest_route=%2Fwp%2Fv2%2Fpages%2F5544&#038;paged=2\">2<\/a>\n<a class=\"page-numbers\" href=\"https:\/\/insertapr.com\/index.php?rest_route=%2Fwp%2Fv2%2Fpages%2F5544&#038;paged=3\">3<\/a>\n<a class=\"next page-numbers\" href=\"https:\/\/insertapr.com\/index.php?rest_route=%2Fwp%2Fv2%2Fpages%2F5544&#038;paged=2\"> <i><\/i><\/a>\t\t\t<\/div>\n\t\t\t\t<\/div>\n\t\t\t\t<\/div>\n\t\t\t\t\t<\/div>\n\t\t<\/div>\n\t\t\t\t\t<\/div>\n\t\t<\/section>\n\t\t\t\t<\/div>\n\t\t","protected":false},"excerpt":{"rendered":"<p>\ud83d\udcda Este es un espacio donde los Embajadores de Lectura y yo (Deb Soto), compartimos nuestras opiniones sobre algunos de los libros que hemos le\u00eddo. Espero que nuestras experiencias te inspiren a descubrir tu pr\u00f3xima gran aventura literaria. \ud83d\udcd6\u2728 The Viscount Who Loved Me, Julia Quinn (AUDIOBOOK) Lectura de: G\u00e9nesis \u2013 @come.libros_Plot- or character-driven? PlotStrong [&hellip;]<\/p>\n","protected":false},"author":1,"featured_media":0,"parent":0,"menu_order":0,"comment_status":"closed","ping_status":"closed","template":"","meta":{"_monsterinsights_skip_tracking":false,"_monsterinsights_sitenote_active":false,"_monsterinsights_sitenote_note":"","_monsterinsights_sitenote_category":0,"_uf_show_specific_survey":0,"_uf_disable_surveys":false,"footnotes":""},"blocksy_meta":[],"_links":{"self":[{"href":"https:\/\/insertapr.com\/index.php?rest_route=\/wp\/v2\/pages\/5544"}],"collection":[{"href":"https:\/\/insertapr.com\/index.php?rest_route=\/wp\/v2\/pages"}],"about":[{"href":"https:\/\/insertapr.com\/index.php?rest_route=\/wp\/v2\/types\/page"}],"author":[{"embeddable":true,"href":"https:\/\/insertapr.com\/index.php?rest_route=\/wp\/v2\/users\/1"}],"replies":[{"embeddable":true,"href":"https:\/\/insertapr.com\/index.php?rest_route=%2Fwp%2Fv2%2Fcomments&post=5544"}],"version-history":[{"count":19,"href":"https:\/\/insertapr.com\/index.php?rest_route=\/wp\/v2\/pages\/5544\/revisions"}],"predecessor-version":[{"id":5936,"href":"https:\/\/insertapr.com\/index.php?rest_route=\/wp\/v2\/pages\/5544\/revisions\/5936"}],"wp:attachment":[{"href":"https:\/\/insertapr.com\/index.php?rest_route=%2Fwp%2Fv2%2Fmedia&parent=5544"}],"curies":[{"name":"wp","href":"https:\/\/api.w.org\/{rel}","templated":true}]}}