{"id":5396,"date":"2024-10-05T13:49:22","date_gmt":"2024-10-05T17:49:22","guid":{"rendered":"https:\/\/insertapr.com\/?page_id=5396"},"modified":"2024-10-05T14:05:49","modified_gmt":"2024-10-05T18:05:49","slug":"biografia","status":"publish","type":"page","link":"https:\/\/insertapr.com\/?page_id=5396","title":{"rendered":"Sobre M\u00ed"},"content":{"rendered":"\t\t<div data-elementor-type=\"wp-page\" data-elementor-id=\"5396\" class=\"elementor elementor-5396\">\n\t\t\t\t\t\t<section class=\"elementor-section elementor-top-section elementor-element elementor-element-eae013b elementor-section-boxed elementor-section-height-default elementor-section-height-default\" data-id=\"eae013b\" data-element_type=\"section\">\n\t\t\t\t\t\t<div class=\"elementor-container elementor-column-gap-default\">\n\t\t\t\t\t<div class=\"elementor-column elementor-col-100 elementor-top-column elementor-element elementor-element-5777b0f\" data-id=\"5777b0f\" data-element_type=\"column\">\n\t\t\t<div class=\"elementor-widget-wrap elementor-element-populated\">\n\t\t\t\t\t\t<div class=\"elementor-element elementor-element-1e21b2b elementor-widget elementor-widget-text-editor\" data-id=\"1e21b2b\" data-element_type=\"widget\" data-widget_type=\"text-editor.default\">\n\t\t\t\t<div class=\"elementor-widget-container\">\n\t\t\t<style>\/*! elementor - v3.23.0 - 05-08-2024 *\/\n.elementor-widget-text-editor.elementor-drop-cap-view-stacked .elementor-drop-cap{background-color:#69727d;color:#fff}.elementor-widget-text-editor.elementor-drop-cap-view-framed .elementor-drop-cap{color:#69727d;border:3px solid;background-color:transparent}.elementor-widget-text-editor:not(.elementor-drop-cap-view-default) .elementor-drop-cap{margin-top:8px}.elementor-widget-text-editor:not(.elementor-drop-cap-view-default) .elementor-drop-cap-letter{width:1em;height:1em}.elementor-widget-text-editor .elementor-drop-cap{float:left;text-align:center;line-height:1;font-size:50px}.elementor-widget-text-editor .elementor-drop-cap-letter{display:inline-block}<\/style>\t\t\t\t<p>Mi nombre es Deborah Cristal Soto Bonilla, aunque, nadie me llama as\u00ed \ud83d\ude05. Desde hace un tiempo, todos me conocen simplemente como Deb. Nac\u00ed en San Juan, Puerto Rico, por esas cosas del destino, pero fui de Santa Isabel toda mi vida \u2764\ufe0f, hasta que en 2022 Guayama me adopt\u00f3.<\/p><p>Amo con locura la naturaleza \ud83c\udf3f, las aves \ud83d\udc26, el mar \ud83c\udf0a, observar la vida que me rodea y, por supuesto, escribir.<\/p><p>Mi amor por la literatura ha sido el motor detr\u00e1s de todo lo que hago. Por eso, cre\u00e9 Inserta PR, un proyecto que naci\u00f3 para contagiar a otros con la magia de los libros \ud83d\udcda. Desde 2021, gestiono mi propia tienda literaria, donde vendo productos hechos a mano, como fundas para libros y marcadores \u2728, que invitan a leer en cualquier lugar, \u00a1sin excusas!<\/p><p>Adem\u00e1s, mi camino profesional ha sido bastante variado. Fui maestra de ciencias para estudiantes de 4to a 12mo grado y tambi\u00e9n ense\u00f1\u00e9 espa\u00f1ol en 7mo y 8vo \ud83e\uddea\u270d\ufe0f. Esta experiencia me permiti\u00f3 crear planes de estudio s\u00faper din\u00e1micos y despertar la curiosidad en mis estudiantes. \u00a1Amo ver c\u00f3mo el conocimiento transforma!<\/p><p>Tambi\u00e9n trabaj\u00e9 en una biblioteca \ud83d\udcd6, donde organizaba y catalogaba todo tipo de material literario. Esta experiencia me permiti\u00f3 profundizar mi amor por los libros y ver, de primera mano, c\u00f3mo pueden cambiar la vida de las personas.<\/p><p>En cuanto a mi formaci\u00f3n acad\u00e9mica, tengo un Bachillerato en Biolog\u00eda de la Universidad Interamericana de Puerto Rico y estudios graduados en Estudios Hisp\u00e1nicos por la Pontificia Universidad Cat\u00f3lica de Puerto Rico. Esta mezcla ha sido clave para mi enfoque interdisciplinario y creativo.<\/p><p>Como autora, publiqu\u00e9 mi primera novela juvenil, El susurro de las aves, en 2023. Es una historia que explora la conexi\u00f3n entre lo humano y lo m\u00edstico \u2728. Luego, en 2024, lanc\u00e9 mi primer poemario, El ballet de las estrellas, donde las emociones cobran vida en forma de poes\u00eda \ud83c\udf1f.<\/p><p>En fin, soy escritora, emprendedora, mam\u00e1, promotora de lectura, maestra, y, de vez en cuando, \u00a1hasta youtuber! Todo esto en un caos maravillosamente organizado, pero siempre lleno de pasi\u00f3n. \u2728\ud83d\udcab<\/p>\t\t\t\t\t\t<\/div>\n\t\t\t\t<\/div>\n\t\t\t\t\t<\/div>\n\t\t<\/div>\n\t\t\t\t\t<\/div>\n\t\t<\/section>\n\t\t\t\t<\/div>\n\t\t","protected":false},"excerpt":{"rendered":"<p>Mi nombre es Deborah Cristal Soto Bonilla, aunque, nadie me llama as\u00ed \ud83d\ude05. Desde hace un tiempo, todos me conocen simplemente como Deb. Nac\u00ed en San Juan, Puerto Rico, por esas cosas del destino, pero fui de Santa Isabel toda mi vida \u2764\ufe0f, hasta que en 2022 Guayama me adopt\u00f3. Amo con locura la naturaleza [&hellip;]<\/p>\n","protected":false},"author":1,"featured_media":0,"parent":0,"menu_order":0,"comment_status":"closed","ping_status":"closed","template":"","meta":{"_monsterinsights_skip_tracking":false,"_monsterinsights_sitenote_active":false,"_monsterinsights_sitenote_note":"","_monsterinsights_sitenote_category":0,"_uf_show_specific_survey":0,"_uf_disable_surveys":false,"footnotes":""},"blocksy_meta":[],"_links":{"self":[{"href":"https:\/\/insertapr.com\/index.php?rest_route=\/wp\/v2\/pages\/5396"}],"collection":[{"href":"https:\/\/insertapr.com\/index.php?rest_route=\/wp\/v2\/pages"}],"about":[{"href":"https:\/\/insertapr.com\/index.php?rest_route=\/wp\/v2\/types\/page"}],"author":[{"embeddable":true,"href":"https:\/\/insertapr.com\/index.php?rest_route=\/wp\/v2\/users\/1"}],"replies":[{"embeddable":true,"href":"https:\/\/insertapr.com\/index.php?rest_route=%2Fwp%2Fv2%2Fcomments&post=5396"}],"version-history":[{"count":12,"href":"https:\/\/insertapr.com\/index.php?rest_route=\/wp\/v2\/pages\/5396\/revisions"}],"predecessor-version":[{"id":5409,"href":"https:\/\/insertapr.com\/index.php?rest_route=\/wp\/v2\/pages\/5396\/revisions\/5409"}],"wp:attachment":[{"href":"https:\/\/insertapr.com\/index.php?rest_route=%2Fwp%2Fv2%2Fmedia&parent=5396"}],"curies":[{"name":"wp","href":"https:\/\/api.w.org\/{rel}","templated":true}]}}